{"id":989194,"date":"2026-02-06T12:22:01","date_gmt":"2026-02-06T12:22:01","guid":{"rendered":"https:\/\/minibus.al\/?post_type=product&#038;p=989194"},"modified":"2026-02-06T12:24:32","modified_gmt":"2026-02-06T12:24:32","slug":"minibus-a-louer-avec-chauffeur-de-tirana-a-berat","status":"publish","type":"product","link":"https:\/\/minibus.al\/fr\/produkt\/minibus-me-qira-me-shofer-nga-tirana-ne-berat\/","title":{"rendered":"Location de minibus avec chauffeur de Tirana \u00e0 Berat"},"content":{"rendered":"<p>Organisez une excursion d'une journ\u00e9e confortable et s\u00fbre en minibus avec chauffeur de Tirana \u00e0 Berat, l'une des plus belles villes historiques d'Albanie, surnomm\u00e9e la \u00ab\u00a0Ville \u00e0 la fen\u00eatre unique\u00a0\u00bb et inscrite au patrimoine mondial de l'UNESCO. Cette destination est id\u00e9ale pour une excursion d'une journ\u00e9e, o\u00f9 vous pourrez allier histoire, culture et nature pour une exp\u00e9rience inoubliable.<\/p>\n<p>Le trajet de Tirana \u00e0 Berat dure environ 2 \u00e0 2,5 heures et s'effectue en minibus climatis\u00e9 et confortable avec chauffeur professionnel, garantissant s\u00e9curit\u00e9 et confort tout au long du parcours. Ce service est id\u00e9al pour les groupes de touristes, les familles, les \u00e9v\u00e9nements ou les voyages d'affaires.<\/p>","protected":false},"excerpt":{"rendered":"<p>Organisez une excursion d'une journ\u00e9e confortable et s\u00fbre en minibus avec chauffeur de Tirana \u00e0 Berat, l'une des villes les plus belles et historiques d'Albanie.<\/p>","protected":false},"featured_media":989195,"comment_status":"open","ping_status":"closed","template":"","meta":[],"product_brand":[],"product_cat":[140],"product_tag":[],"class_list":{"0":"post-989194","1":"product","2":"type-product","3":"status-publish","4":"has-post-thumbnail","6":"product_cat-transport","8":"first","9":"instock","10":"shipping-taxable","11":"product-type-external"},"_links":{"self":[{"href":"https:\/\/minibus.al\/fr\/wp-json\/wp\/v2\/product\/989194","targetHints":{"allow":["GET"]}}],"collection":[{"href":"https:\/\/minibus.al\/fr\/wp-json\/wp\/v2\/product"}],"about":[{"href":"https:\/\/minibus.al\/fr\/wp-json\/wp\/v2\/types\/product"}],"replies":[{"embeddable":true,"href":"https:\/\/minibus.al\/fr\/wp-json\/wp\/v2\/comments?post=989194"}],"wp:featuredmedia":[{"embeddable":true,"href":"https:\/\/minibus.al\/fr\/wp-json\/wp\/v2\/media\/989195"}],"wp:attachment":[{"href":"https:\/\/minibus.al\/fr\/wp-json\/wp\/v2\/media?parent=989194"}],"wp:term":[{"taxonomy":"product_brand","embeddable":true,"href":"https:\/\/minibus.al\/fr\/wp-json\/wp\/v2\/product_brand?post=989194"},{"taxonomy":"product_cat","embeddable":true,"href":"https:\/\/minibus.al\/fr\/wp-json\/wp\/v2\/product_cat?post=989194"},{"taxonomy":"product_tag","embeddable":true,"href":"https:\/\/minibus.al\/fr\/wp-json\/wp\/v2\/product_tag?post=989194"}],"curies":[{"name":"WordPress","href":"https:\/\/api.w.org\/{rel}","templated":true}]}}