{"id":989164,"date":"2026-02-02T07:20:11","date_gmt":"2026-02-02T07:20:11","guid":{"rendered":"https:\/\/minibus.al\/?post_type=product&#038;p=989164"},"modified":"2026-02-19T08:29:22","modified_gmt":"2026-02-19T08:29:22","slug":"transfert-de-l-aeroport-de-tirana-vers-tirana","status":"publish","type":"product","link":"https:\/\/minibus.al\/fr\/produkt\/transfer-nga-tirana-aeroport-ne-tirane\/","title":{"rendered":"Transfert de l\u2019a\u00e9roport de Tirana vers Tirana"},"content":{"rendered":"<p>Nous proposons un service de transfert professionnel entre l'a\u00e9roport international M\u00e8re Teresa et Tirana, adapt\u00e9 \u00e0 tous les types de voyageurs et de groupes. Notre service inclut des transferts priv\u00e9s pour les personnes seules et les couples, ainsi que des v\u00e9hicules plus spacieux tels que des vans, des minibus et des bus pour les groupes organis\u00e9s, les familles ou les voyages d'affaires. Tous nos transferts sont effectu\u00e9s par des chauffeurs exp\u00e9riment\u00e9s, \u00e0 bord de v\u00e9hicules confortables et bien entretenus, garantissant s\u00e9curit\u00e9, s\u00e9r\u00e9nit\u00e9 et confort tout au long du trajet. Nous sommes disponibles 24h\/24 et 7j\/7, pour vous assurer une arriv\u00e9e sereine et sans stress de l'a\u00e9roport vers votre destination \u00e0 Tirana.<\/p>","protected":false},"excerpt":{"rendered":"<p>Nous proposons un service de transfert professionnel depuis l'a\u00e9roport international M\u00e8re Teresa vers Tirana, adapt\u00e9 \u00e0 tous les types de voyageurs et de groupes. Disponibles 24h\/24 et 7j\/7, nous vous garantissons un transfert serein et sans stress depuis l'a\u00e9roport vers n'importe quel quartier de Tirana.<\/p>","protected":false},"featured_media":988576,"comment_status":"open","ping_status":"closed","template":"","meta":[],"product_brand":[],"product_cat":[140],"product_tag":[],"class_list":{"0":"post-989164","1":"product","2":"type-product","3":"status-publish","4":"has-post-thumbnail","6":"product_cat-transport","8":"first","9":"instock","10":"shipping-taxable","11":"product-type-external"},"_links":{"self":[{"href":"https:\/\/minibus.al\/fr\/wp-json\/wp\/v2\/product\/989164","targetHints":{"allow":["GET"]}}],"collection":[{"href":"https:\/\/minibus.al\/fr\/wp-json\/wp\/v2\/product"}],"about":[{"href":"https:\/\/minibus.al\/fr\/wp-json\/wp\/v2\/types\/product"}],"replies":[{"embeddable":true,"href":"https:\/\/minibus.al\/fr\/wp-json\/wp\/v2\/comments?post=989164"}],"wp:featuredmedia":[{"embeddable":true,"href":"https:\/\/minibus.al\/fr\/wp-json\/wp\/v2\/media\/988576"}],"wp:attachment":[{"href":"https:\/\/minibus.al\/fr\/wp-json\/wp\/v2\/media?parent=989164"}],"wp:term":[{"taxonomy":"product_brand","embeddable":true,"href":"https:\/\/minibus.al\/fr\/wp-json\/wp\/v2\/product_brand?post=989164"},{"taxonomy":"product_cat","embeddable":true,"href":"https:\/\/minibus.al\/fr\/wp-json\/wp\/v2\/product_cat?post=989164"},{"taxonomy":"product_tag","embeddable":true,"href":"https:\/\/minibus.al\/fr\/wp-json\/wp\/v2\/product_tag?post=989164"}],"curies":[{"name":"WordPress","href":"https:\/\/api.w.org\/{rel}","templated":true}]}}