{"id":989423,"date":"2026-04-03T07:13:48","date_gmt":"2026-04-03T07:13:48","guid":{"rendered":"https:\/\/minibus.al\/?page_id=989423"},"modified":"2026-04-03T07:22:25","modified_gmt":"2026-04-03T07:22:25","slug":"comment-ca-marche","status":"publish","type":"page","link":"https:\/\/minibus.al\/fr\/si-funksionon\/","title":{"rendered":"Comment \u00e7a fonctionne ?"},"content":{"rendered":"<div data-elementor-type=\"wp-page\" data-elementor-id=\"989423\" class=\"elementor elementor-989423\">\n\t\t\t\t<div class=\"elementor-element elementor-element-1d4c541 e-flex e-con-boxed e-con e-parent\" data-id=\"1d4c541\" data-element_type=\"container\" data-e-type=\"container\" data-settings=\"{&quot;background_background&quot;:&quot;classic&quot;}\">\n\t\t\t\t\t<div class=\"e-con-inner\">\n\t\t<div class=\"elementor-element elementor-element-125a45e e-con-full e-flex e-con e-child\" data-id=\"125a45e\" data-element_type=\"container\" data-e-type=\"container\">\n\t\t\t\t<div class=\"elementor-element elementor-element-38a21d4 elementor-widget elementor-widget-heading\" data-id=\"38a21d4\" data-element_type=\"widget\" data-e-type=\"widget\" data-widget_type=\"heading.default\">\n\t\t\t\t\t<h1 class=\"elementor-heading-title elementor-size-default\">Comment \u00e7a fonctionne ?\n<\/h1>\t\t\t\t<\/div>\n\t\t\t\t<div class=\"elementor-element elementor-element-43ac11c elementor-widget elementor-widget-text-editor\" data-id=\"43ac11c\" data-element_type=\"widget\" data-e-type=\"widget\" data-widget_type=\"text-editor.default\">\n\t\t\t\t\t\t\t\t\tLa location d'un minibus avec chauffeur est un processus simple et organis\u00e9, garantissant une parfaite transparence pour le client. Chaque \u00e9tape est con\u00e7ue pour optimiser votre temps et vous assurer un service pr\u00e9cis et professionnel du d\u00e9but \u00e0 la fin.\t\t\t\t\t\t\t\t<\/div>\n\t\t\t\t<\/div>\n\t\t\t\t\t<\/div>\n\t\t\t\t<\/div>\n\t\t<div class=\"elementor-element elementor-element-47f3f95 e-flex e-con-boxed e-con e-parent\" data-id=\"47f3f95\" data-element_type=\"container\" data-e-type=\"container\" data-settings=\"{&quot;background_background&quot;:&quot;classic&quot;}\">\n\t\t\t\t\t<div class=\"e-con-inner\">\n\t\t\t\t<div class=\"elementor-element elementor-element-60a2464 elementor-widget elementor-widget-image\" data-id=\"60a2464\" data-element_type=\"widget\" data-e-type=\"widget\" data-widget_type=\"image.default\">\n\t\t\t\t\t\t\t\t\t\t\t\t\t\t\t<img fetchpriority=\"high\" decoding=\"async\" width=\"800\" height=\"534\" src=\"https:\/\/minibus.al\/wp-content\/uploads\/2026\/02\/v-class-1024x683.webp\" class=\"attachment-large size-large wp-image-989243\" alt=\"\" srcset=\"https:\/\/minibus.al\/wp-content\/uploads\/2026\/02\/v-class-1024x683.webp 1024w, https:\/\/minibus.al\/wp-content\/uploads\/2026\/02\/v-class-300x200.webp 300w, https:\/\/minibus.al\/wp-content\/uploads\/2026\/02\/v-class-768x512.webp 768w, https:\/\/minibus.al\/wp-content\/uploads\/2026\/02\/v-class-18x12.webp 18w, https:\/\/minibus.al\/wp-content\/uploads\/2026\/02\/v-class-600x400.webp 600w, https:\/\/minibus.al\/wp-content\/uploads\/2026\/02\/v-class.webp 1425w\" sizes=\"(max-width: 800px) 100vw, 800px\" title=\"\">\t\t\t\t\t\t\t\t\t\t\t\t\t\t\t<\/div>\n\t\t<div class=\"elementor-element elementor-element-c67eeb8 e-con-full e-flex e-con e-child\" data-id=\"c67eeb8\" data-element_type=\"container\" data-e-type=\"container\">\n\t\t\t\t<div class=\"elementor-element elementor-element-abd14ad elementor-widget elementor-widget-heading\" data-id=\"abd14ad\" data-element_type=\"widget\" data-e-type=\"widget\" data-widget_type=\"heading.default\">\n\t\t\t\t\t<h3 class=\"elementor-heading-title elementor-size-default\">01. Demande de devis<\/h3>\t\t\t\t<\/div>\n\t\t\t\t<div class=\"elementor-element elementor-element-bade6ec elementor-widget__width-initial elementor-widget elementor-widget-text-editor\" data-id=\"bade6ec\" data-element_type=\"widget\" data-e-type=\"widget\" data-widget_type=\"text-editor.default\">\n\t\t\t\t\t\t\t\t\tLe client transmet les informations essentielles de son voyage\u00a0: date, heure de d\u00e9part, lieux de prise en charge et d\u2019arriv\u00e9e, ainsi que le nombre de passagers. Plus ces informations sont pr\u00e9cises, plus le service sera organis\u00e9 efficacement.\t\t\t\t\t\t\t\t<\/div>\n\t\t\t\t<\/div>\n\t\t\t\t\t<\/div>\n\t\t\t\t<\/div>\n\t\t<div class=\"elementor-element elementor-element-d53b95f e-flex e-con-boxed e-con e-parent\" data-id=\"d53b95f\" data-element_type=\"container\" data-e-type=\"container\" data-settings=\"{&quot;background_background&quot;:&quot;classic&quot;}\">\n\t\t\t\t\t<div class=\"e-con-inner\">\n\t\t\t\t<div class=\"elementor-element elementor-element-fdf6fa9 elementor-widget elementor-widget-image\" data-id=\"fdf6fa9\" data-element_type=\"widget\" data-e-type=\"widget\" data-widget_type=\"image.default\">\n\t\t\t\t\t\t\t\t\t\t\t\t\t\t\t<img fetchpriority=\"high\" decoding=\"async\" width=\"800\" height=\"534\" src=\"https:\/\/minibus.al\/wp-content\/uploads\/2026\/02\/v-class-1024x683.webp\" class=\"attachment-large size-large wp-image-989243\" alt=\"\" srcset=\"https:\/\/minibus.al\/wp-content\/uploads\/2026\/02\/v-class-1024x683.webp 1024w, https:\/\/minibus.al\/wp-content\/uploads\/2026\/02\/v-class-300x200.webp 300w, https:\/\/minibus.al\/wp-content\/uploads\/2026\/02\/v-class-768x512.webp 768w, https:\/\/minibus.al\/wp-content\/uploads\/2026\/02\/v-class-18x12.webp 18w, https:\/\/minibus.al\/wp-content\/uploads\/2026\/02\/v-class-600x400.webp 600w, https:\/\/minibus.al\/wp-content\/uploads\/2026\/02\/v-class.webp 1425w\" sizes=\"(max-width: 800px) 100vw, 800px\" title=\"\">\t\t\t\t\t\t\t\t\t\t\t\t\t\t\t<\/div>\n\t\t<div class=\"elementor-element elementor-element-df44fc9 e-con-full e-flex e-con e-child\" data-id=\"df44fc9\" data-element_type=\"container\" data-e-type=\"container\">\n\t\t\t\t<div class=\"elementor-element elementor-element-57ccbf1 elementor-widget elementor-widget-heading\" data-id=\"57ccbf1\" data-element_type=\"widget\" data-e-type=\"widget\" data-widget_type=\"heading.default\">\n\t\t\t\t\t<h3 class=\"elementor-heading-title elementor-size-default\">2. Calcul des co\u00fbts<\/h3>\t\t\t\t<\/div>\n\t\t\t\t<div class=\"elementor-element elementor-element-c3eda08 elementor-widget__width-initial elementor-widget elementor-widget-text-editor\" data-id=\"c3eda08\" data-element_type=\"widget\" data-e-type=\"widget\" data-widget_type=\"text-editor.default\">\n\t\t\t\t\t\t\t\t\tLe prix est d\u00e9termin\u00e9 en fonction de plusieurs facteurs cl\u00e9s tels que la distance, la dur\u00e9e de la prestation, le co\u00fbt du carburant, l'implication du chauffeur et les p\u00e9ages. Le client re\u00e7oit une offre claire et compl\u00e8te, sans frais cach\u00e9s.\t\t\t\t\t\t\t\t<\/div>\n\t\t\t\t<\/div>\n\t\t\t\t\t<\/div>\n\t\t\t\t<\/div>\n\t\t<div class=\"elementor-element elementor-element-e6fb719 e-flex e-con-boxed e-con e-parent\" data-id=\"e6fb719\" data-element_type=\"container\" data-e-type=\"container\" data-settings=\"{&quot;background_background&quot;:&quot;classic&quot;}\">\n\t\t\t\t\t<div class=\"e-con-inner\">\n\t\t\t\t<div class=\"elementor-element elementor-element-5889e13 elementor-widget elementor-widget-image\" data-id=\"5889e13\" data-element_type=\"widget\" data-e-type=\"widget\" data-widget_type=\"image.default\">\n\t\t\t\t\t\t\t\t\t\t\t\t\t\t\t<img fetchpriority=\"high\" decoding=\"async\" width=\"800\" height=\"534\" src=\"https:\/\/minibus.al\/wp-content\/uploads\/2026\/02\/v-class-1024x683.webp\" class=\"attachment-large size-large wp-image-989243\" alt=\"\" srcset=\"https:\/\/minibus.al\/wp-content\/uploads\/2026\/02\/v-class-1024x683.webp 1024w, https:\/\/minibus.al\/wp-content\/uploads\/2026\/02\/v-class-300x200.webp 300w, https:\/\/minibus.al\/wp-content\/uploads\/2026\/02\/v-class-768x512.webp 768w, https:\/\/minibus.al\/wp-content\/uploads\/2026\/02\/v-class-18x12.webp 18w, https:\/\/minibus.al\/wp-content\/uploads\/2026\/02\/v-class-600x400.webp 600w, https:\/\/minibus.al\/wp-content\/uploads\/2026\/02\/v-class.webp 1425w\" sizes=\"(max-width: 800px) 100vw, 800px\" title=\"\">\t\t\t\t\t\t\t\t\t\t\t\t\t\t\t<\/div>\n\t\t<div class=\"elementor-element elementor-element-ab8f3d9 e-con-full e-flex e-con e-child\" data-id=\"ab8f3d9\" data-element_type=\"container\" data-e-type=\"container\">\n\t\t\t\t<div class=\"elementor-element elementor-element-2d4c563 elementor-widget elementor-widget-heading\" data-id=\"2d4c563\" data-element_type=\"widget\" data-e-type=\"widget\" data-widget_type=\"heading.default\">\n\t\t\t\t\t<h3 class=\"elementor-heading-title elementor-size-default\">3. Confirmation de r\u00e9servation<\/h3>\t\t\t\t<\/div>\n\t\t\t\t<div class=\"elementor-element elementor-element-58e4441 elementor-widget__width-initial elementor-widget elementor-widget-text-editor\" data-id=\"58e4441\" data-element_type=\"widget\" data-e-type=\"widget\" data-widget_type=\"text-editor.default\">\n\t\t\t\t\t\t\t\t\tUne fois l'offre accept\u00e9e par le client, la r\u00e9servation est enregistr\u00e9e et les d\u00e9tails sont finalis\u00e9s. \u00c0 ce stade, les \u00e9ventuelles exigences suppl\u00e9mentaires sont \u00e9galement d\u00e9termin\u00e9es, afin que tout soit clair pour les deux parties.\t\t\t\t\t\t\t\t<\/div>\n\t\t\t\t<\/div>\n\t\t\t\t\t<\/div>\n\t\t\t\t<\/div>\n\t\t<div class=\"elementor-element elementor-element-bc4e916 e-flex e-con-boxed e-con e-parent\" data-id=\"bc4e916\" data-element_type=\"container\" data-e-type=\"container\" data-settings=\"{&quot;background_background&quot;:&quot;classic&quot;}\">\n\t\t\t\t\t<div class=\"e-con-inner\">\n\t\t\t\t<div class=\"elementor-element elementor-element-8178b9a elementor-widget elementor-widget-image\" data-id=\"8178b9a\" data-element_type=\"widget\" data-e-type=\"widget\" data-widget_type=\"image.default\">\n\t\t\t\t\t\t\t\t\t\t\t\t\t\t\t<img fetchpriority=\"high\" decoding=\"async\" width=\"800\" height=\"534\" src=\"https:\/\/minibus.al\/wp-content\/uploads\/2026\/02\/v-class-1024x683.webp\" class=\"attachment-large size-large wp-image-989243\" alt=\"\" srcset=\"https:\/\/minibus.al\/wp-content\/uploads\/2026\/02\/v-class-1024x683.webp 1024w, https:\/\/minibus.al\/wp-content\/uploads\/2026\/02\/v-class-300x200.webp 300w, https:\/\/minibus.al\/wp-content\/uploads\/2026\/02\/v-class-768x512.webp 768w, https:\/\/minibus.al\/wp-content\/uploads\/2026\/02\/v-class-18x12.webp 18w, https:\/\/minibus.al\/wp-content\/uploads\/2026\/02\/v-class-600x400.webp 600w, https:\/\/minibus.al\/wp-content\/uploads\/2026\/02\/v-class.webp 1425w\" sizes=\"(max-width: 800px) 100vw, 800px\" title=\"\">\t\t\t\t\t\t\t\t\t\t\t\t\t\t\t<\/div>\n\t\t<div class=\"elementor-element elementor-element-555950e e-con-full e-flex e-con e-child\" data-id=\"555950e\" data-element_type=\"container\" data-e-type=\"container\">\n\t\t\t\t<div class=\"elementor-element elementor-element-341f4f4 elementor-widget elementor-widget-heading\" data-id=\"341f4f4\" data-element_type=\"widget\" data-e-type=\"widget\" data-widget_type=\"heading.default\">\n\t\t\t\t\t<h3 class=\"elementor-heading-title elementor-size-default\">4. Organisation de services<\/h3>\t\t\t\t<\/div>\n\t\t\t\t<div class=\"elementor-element elementor-element-38b8b8b elementor-widget__width-initial elementor-widget elementor-widget-text-editor\" data-id=\"38b8b8b\" data-element_type=\"widget\" data-e-type=\"widget\" data-widget_type=\"text-editor.default\">\n\t\t\t\t\t\t\t\t\tLe v\u00e9hicule et le chauffeur sont mis \u00e0 disposition sur demande, garantissant ainsi que tout soit pr\u00eat \u00e0 temps. L'itin\u00e9raire est planifi\u00e9 et les d\u00e9tails sont v\u00e9rifi\u00e9s afin d'\u00e9viter tout retard ou probl\u00e8me durant le voyage.\t\t\t\t\t\t\t\t<\/div>\n\t\t\t\t<\/div>\n\t\t\t\t\t<\/div>\n\t\t\t\t<\/div>\n\t\t<div class=\"elementor-element elementor-element-06e1d30 e-flex e-con-boxed e-con e-parent\" data-id=\"06e1d30\" data-element_type=\"container\" data-e-type=\"container\" data-settings=\"{&quot;background_background&quot;:&quot;classic&quot;}\">\n\t\t\t\t\t<div class=\"e-con-inner\">\n\t\t\t\t<div class=\"elementor-element elementor-element-842fa82 elementor-widget elementor-widget-image\" data-id=\"842fa82\" data-element_type=\"widget\" data-e-type=\"widget\" data-widget_type=\"image.default\">\n\t\t\t\t\t\t\t\t\t\t\t\t\t\t\t<img fetchpriority=\"high\" decoding=\"async\" width=\"800\" height=\"534\" src=\"https:\/\/minibus.al\/wp-content\/uploads\/2026\/02\/v-class-1024x683.webp\" class=\"attachment-large size-large wp-image-989243\" alt=\"\" srcset=\"https:\/\/minibus.al\/wp-content\/uploads\/2026\/02\/v-class-1024x683.webp 1024w, https:\/\/minibus.al\/wp-content\/uploads\/2026\/02\/v-class-300x200.webp 300w, https:\/\/minibus.al\/wp-content\/uploads\/2026\/02\/v-class-768x512.webp 768w, https:\/\/minibus.al\/wp-content\/uploads\/2026\/02\/v-class-18x12.webp 18w, https:\/\/minibus.al\/wp-content\/uploads\/2026\/02\/v-class-600x400.webp 600w, https:\/\/minibus.al\/wp-content\/uploads\/2026\/02\/v-class.webp 1425w\" sizes=\"(max-width: 800px) 100vw, 800px\" title=\"\">\t\t\t\t\t\t\t\t\t\t\t\t\t\t\t<\/div>\n\t\t<div class=\"elementor-element elementor-element-3d203e8 e-con-full e-flex e-con e-child\" data-id=\"3d203e8\" data-element_type=\"container\" data-e-type=\"container\">\n\t\t\t\t<div class=\"elementor-element elementor-element-cacf6bc elementor-widget elementor-widget-heading\" data-id=\"cacf6bc\" data-element_type=\"widget\" data-e-type=\"widget\" data-widget_type=\"heading.default\">\n\t\t\t\t\t<h3 class=\"elementor-heading-title elementor-size-default\">5. Ex\u00e9cution du voyage<\/h3>\t\t\t\t<\/div>\n\t\t\t\t<div class=\"elementor-element elementor-element-b15174a elementor-widget__width-initial elementor-widget elementor-widget-text-editor\" data-id=\"b15174a\" data-element_type=\"widget\" data-e-type=\"widget\" data-widget_type=\"text-editor.default\">\n\t\t\t\t\t\t\t\t\tLe chauffeur se pr\u00e9sente au lieu et \u00e0 l'heure convenus, attend les passagers, et le trajet se d\u00e9roule comme pr\u00e9vu. S\u00e9curit\u00e9, ponctualit\u00e9 et communication claire sont garanties en toutes circonstances.\t\t\t\t\t\t\t\t<\/div>\n\t\t\t\t<\/div>\n\t\t\t\t\t<\/div>\n\t\t\t\t<\/div>\n\t\t\t\t<\/div>","protected":false},"excerpt":{"rendered":"<p>Si funksionon? Procesi i marrjes s\u00eb nj\u00eb minibusi me qira me shofer \u00ebsht\u00eb i thjesht\u00eb dhe i organizuar n\u00eb m\u00ebnyr\u00eb q\u00eb klienti t\u00eb mos ket\u00eb asnj\u00eb paqart\u00ebsi. \u00c7do hap \u00ebsht\u00eb menduar p\u00ebr t\u00eb kursyer koh\u00eb dhe p\u00ebr t\u00eb garantuar nj\u00eb sh\u00ebrbim t\u00eb sakt\u00eb dhe profesional nga fillimi deri n\u00eb fund. 01. K\u00ebrkesa p\u00ebr ofert\u00eb Klienti [&hellip;]<\/p>\n","protected":false},"author":1,"featured_media":0,"parent":0,"menu_order":0,"comment_status":"closed","ping_status":"closed","template":"","meta":{"footnotes":""},"class_list":["post-989423","page","type-page","status-publish","hentry"],"_links":{"self":[{"href":"https:\/\/minibus.al\/fr\/wp-json\/wp\/v2\/pages\/989423","targetHints":{"allow":["GET"]}}],"collection":[{"href":"https:\/\/minibus.al\/fr\/wp-json\/wp\/v2\/pages"}],"about":[{"href":"https:\/\/minibus.al\/fr\/wp-json\/wp\/v2\/types\/page"}],"author":[{"embeddable":true,"href":"https:\/\/minibus.al\/fr\/wp-json\/wp\/v2\/users\/1"}],"replies":[{"embeddable":true,"href":"https:\/\/minibus.al\/fr\/wp-json\/wp\/v2\/comments?post=989423"}],"version-history":[{"count":8,"href":"https:\/\/minibus.al\/fr\/wp-json\/wp\/v2\/pages\/989423\/revisions"}],"predecessor-version":[{"id":989431,"href":"https:\/\/minibus.al\/fr\/wp-json\/wp\/v2\/pages\/989423\/revisions\/989431"}],"wp:attachment":[{"href":"https:\/\/minibus.al\/fr\/wp-json\/wp\/v2\/media?parent=989423"}],"curies":[{"name":"WordPress","href":"https:\/\/api.w.org\/{rel}","templated":true}]}}