{"id":988419,"date":"2023-04-05T00:18:55","date_gmt":"2023-04-05T00:18:55","guid":{"rendered":"https:\/\/minibus.al\/en\/?page_id=988419"},"modified":"2026-01-13T09:20:03","modified_gmt":"2026-01-13T09:20:03","slug":"politiques-de-confidentialite","status":"publish","type":"page","link":"https:\/\/minibus.al\/fr\/politikat-e-privatesise\/","title":{"rendered":"Politiques de confidentialit\u00e9"},"content":{"rendered":"<div data-elementor-type=\"wp-page\" data-elementor-id=\"988419\" class=\"elementor elementor-988419\">\n\t\t\t\t<div class=\"elementor-element elementor-element-94c02b5 e-flex e-con-boxed e-con e-parent\" data-id=\"94c02b5\" data-element_type=\"container\" data-e-type=\"container\" data-settings=\"{&quot;background_background&quot;:&quot;classic&quot;}\">\n\t\t\t\t\t<div class=\"e-con-inner\">\n\t\t<div class=\"elementor-element elementor-element-6918ea9 e-con-full e-flex e-con e-child\" data-id=\"6918ea9\" data-element_type=\"container\" data-e-type=\"container\">\n\t\t\t\t<div class=\"elementor-element elementor-element-36ff319 elementor-widget elementor-widget-heading\" data-id=\"36ff319\" data-element_type=\"widget\" data-e-type=\"widget\" data-widget_type=\"heading.default\">\n\t\t\t\t\t<h1 class=\"elementor-heading-title elementor-size-default\">Politiques de confidentialit\u00e9<\/h1>\t\t\t\t<\/div>\n\t\t\t\t<\/div>\n\t\t\t\t\t<\/div>\n\t\t\t\t<\/div>\n\t\t<div class=\"elementor-element elementor-element-b265df7 e-flex e-con-boxed e-con e-parent\" data-id=\"b265df7\" data-element_type=\"container\" data-e-type=\"container\" data-settings=\"{&quot;background_background&quot;:&quot;classic&quot;}\">\n\t\t\t\t\t<div class=\"e-con-inner\">\n\t\t<div class=\"elementor-element elementor-element-c9c978a e-con-full e-flex e-con e-child\" data-id=\"c9c978a\" data-element_type=\"container\" data-e-type=\"container\">\n\t\t\t\t<div class=\"elementor-element elementor-element-4166847 elementor-widget elementor-widget-text-editor\" data-id=\"4166847\" data-element_type=\"widget\" data-e-type=\"widget\" data-widget_type=\"text-editor.default\">\n\t\t\t\t\t\t\t\t\t<p>Ce site web est g\u00e9r\u00e9 par nos soins, et nous nous engageons \u00e0 prot\u00e9ger et \u00e0 pr\u00e9server la vie priv\u00e9e de nos visiteurs lorsqu'ils consultent notre site ou communiquent avec nous par voie \u00e9lectronique.<\/p><p>La pr\u00e9sente politique d\u00e9crit la mani\u00e8re dont nous traitons les donn\u00e9es \u00e0 caract\u00e8re personnel que nous recueillons aupr\u00e8s de vous ou que vous nous fournissez via notre site web. Nous vous confirmons que nous assurerons la s\u00e9curit\u00e9 de vos informations et que nous respecterons pleinement l'ensemble de la l\u00e9gislation et de la r\u00e9glementation britanniques en mati\u00e8re de protection des donn\u00e9es. Veuillez lire attentivement ce qui suit afin de comprendre ce qu'il advient des donn\u00e9es \u00e0 caract\u00e8re personnel que vous choisissez de nous fournir ou que nous recueillons aupr\u00e8s de vous lorsque vous visitez ce site web. En visitant notre site web, vous acceptez et consentez aux pratiques d\u00e9crites dans la pr\u00e9sente politique.<\/p><p>Les types d'informations que nous pouvons recueillir aupr\u00e8s de vous<br \/>Nous pouvons collecter, conserver et utiliser les types d'informations personnelles suivants concernant les personnes qui visitent et utilisent notre site web :<\/p><p><strong>Les informations que vous nous fournissez<\/strong><br \/>Vous pouvez nous fournir des informations vous concernant en remplissant les formulaires disponibles sur notre site web. Cela inclut les informations que vous fournissez lorsque vous envoyez un formulaire de contact ou de demande. Les informations que vous fournissez peuvent inclure votre nom, votre adresse, votre adresse e-mail, votre num\u00e9ro de t\u00e9l\u00e9phone et un bref message.<\/p><p><strong>Informations que notre site web recueille automatiquement \u00e0 votre sujet<\/strong><br \/>\u00c0 chaque fois que vous consultez notre site web, nous pouvons recueillir automatiquement certaines informations, notamment les suivantes :<\/p><p>Informations techniques, notamment une version abr\u00e9g\u00e9e et anonymis\u00e9e de votre adresse IP, le type et la version de votre navigateur, votre syst\u00e8me d'exploitation et votre plateforme ;<br \/>Informations relatives \u00e0 votre visite, notamment les pages que vous consultez, la dur\u00e9e de votre visite sur ces pages, la mani\u00e8re dont vous y \u00eates parvenu (y compris la date et l'heure) ; les temps de r\u00e9ponse des pages, la dur\u00e9e de la visite, les liens sur lesquels vous cliquez, les documents t\u00e9l\u00e9charg\u00e9s et les erreurs de t\u00e9l\u00e9chargement.<br \/><strong>Les poup\u00e9es<\/strong><br \/>Notre site web utilise des cookies pour vous distinguer des autres utilisateurs de notre site. Cela nous aide \u00e0 vous offrir une exp\u00e9rience optimale lorsque vous naviguez sur notre site et nous permet \u00e9galement de l'am\u00e9liorer. Pour plus d'informations sur les cookies que nous utilisons et les fins auxquelles nous les utilisons, consultez notre Politique en mati\u00e8re de cookies.<\/p><p><strong>Comment utilisons-nous les informations que nous recueillons ?<\/strong><br \/>Les informations que vous nous fournissez afin que nous puissions vous proposer les informations et\/ou les services que vous nous demandez ; nous recueillons toute donn\u00e9e personnelle suppl\u00e9mentaire que vous pourriez nous fournir de temps \u00e0 autre si vous nous contactez par e-mail, courrier ou t\u00e9l\u00e9phone, via notre site web, en soumettant un commentaire sur notre site web ou par tout autre moyen ; Les r\u00e9ponses aux enqu\u00eates afin que nous puissions \u00e9valuer et continuer \u00e0 am\u00e9liorer nos services.<\/p><p>Les informations que nous recueillons automatiquement \u00e0 votre sujet<br \/><strong>Nous utiliserons ces informations :<\/strong><\/p><p>Pour g\u00e9rer notre site web, notamment \u00e0 des fins de d\u00e9pannage et \u00e0 des fins statistiques ;<br \/>Afin d'am\u00e9liorer notre site web et de veiller \u00e0 ce que son contenu s'affiche de la mani\u00e8re la plus efficace possible pour vous et votre ordinateur.;<br \/>S\u00e9curit\u00e9 et correction des erreurs dans le cadre de nos efforts visant \u00e0 garantir la s\u00e9curit\u00e9 de notre site web.<\/p><p>Ces informations sont collect\u00e9es de mani\u00e8re anonyme et ne sont associ\u00e9es \u00e0 aucune donn\u00e9e permettant de vous identifier personnellement. Nous utilisons Google Analytics pour suivre ces informations. D\u00e9couvrez comment Google utilise vos donn\u00e9es dans Google Analytics. .<\/p><p><strong>Communication de vos informations<\/strong><br \/>Toutes les informations que vous nous fournissez nous seront transmises directement par e-mail ou pourront \u00eatre stock\u00e9es sur un serveur s\u00e9curis\u00e9 via un site web tiers fiable et un h\u00e9bergeur, afin de faciliter le fonctionnement et la gestion de ce site web.<\/p><p>Nous ne louons, ne vendons ni ne partageons vos informations personnelles avec d'autres personnes ou des soci\u00e9t\u00e9s non affili\u00e9es. Vos donn\u00e9es peuvent \u00eatre transmises \u00e0 des prestataires tiers de confiance dont nous utilisons les syst\u00e8mes op\u00e9rationnels pour g\u00e9rer nos services et rester en contact avec vous.<\/p><p>Nous mettrons tout en \u0153uvre pour veiller \u00e0 ce que vos donn\u00e9es \u00e0 caract\u00e8re personnel ne soient pas communiqu\u00e9es \u00e0 des institutions ou autorit\u00e9s r\u00e9gionales ou nationales, sauf si la loi ou d'autres r\u00e9glementations l'exigent.<\/p><p>Malheureusement, la transmission d'informations sur Internet n'est pas totalement s\u00e9curis\u00e9e. Bien que nous mettions tout en \u0153uvre pour prot\u00e9ger vos donn\u00e9es personnelles, nous ne pouvons garantir la s\u00e9curit\u00e9 des donn\u00e9es que vous transmettez \u00e0 notre site ; toute transmission se fait \u00e0 vos propres risques. Une fois vos informations re\u00e7ues, nous mettrons en \u0153uvre des proc\u00e9dures et des dispositifs de s\u00e9curit\u00e9 rigoureux afin d'emp\u00eacher tout acc\u00e8s non autoris\u00e9.<\/p><p><strong>Liens vers des sites tiers<\/strong><br \/>Notre site web peut, de temps \u00e0 autre, contenir des liens vers et depuis des sites web tiers. Si vous suivez un lien vers l'un de ces sites web, veuillez noter qu'ils ont leurs propres politiques de confidentialit\u00e9 et que nous d\u00e9clinons toute responsabilit\u00e9 quant \u00e0 ces politiques. Veuillez consulter ces politiques avant de soumettre des donn\u00e9es \u00e0 caract\u00e8re personnel \u00e0 ces sites web.<\/p><p><strong>Vos droits \u2013 Acc\u00e8s \u00e0 vos donn\u00e9es personnelles<\/strong><br \/>Vous avez le droit de vous assurer que vos donn\u00e9es \u00e0 caract\u00e8re personnel sont trait\u00e9es conform\u00e9ment \u00e0 la loi (\u201c droit d'acc\u00e8s de la personne concern\u00e9e \u201d). Votre droit d'acc\u00e8s en tant que personne concern\u00e9e peut \u00eatre exerc\u00e9 conform\u00e9ment aux lois et r\u00e9glementations en mati\u00e8re de protection des donn\u00e9es. Toute demande d'acc\u00e8s doit nous \u00eatre adress\u00e9e par \u00e9crit. Nous vous communiquerons vos donn\u00e9es \u00e0 caract\u00e8re personnel dans les d\u00e9lais l\u00e9gaux. Afin de nous permettre de retrouver les donn\u00e9es \u00e0 caract\u00e8re personnel vous concernant que nous pourrions d\u00e9tenir, nous pourrions \u00eatre amen\u00e9s \u00e0 vous demander des informations compl\u00e9mentaires. Si vous avez une r\u00e9clamation concernant la mani\u00e8re dont nous avons utilis\u00e9 vos informations, vous avez le droit de d\u00e9poser une plainte aupr\u00e8s du Bureau du commissaire \u00e0 l'information (ICO).<\/p><p><strong>Modifications apport\u00e9es \u00e0 notre politique de confidentialit\u00e9<\/strong><br \/>Toute modification que nous pourrions apporter \u00e0 notre politique de confidentialit\u00e9 \u00e0 l'avenir sera publi\u00e9e sur cette page et, le cas \u00e9ch\u00e9ant, vous en serez inform\u00e9 par e-mail. Nous vous invitons \u00e0 consulter r\u00e9guli\u00e8rement cette page pour prendre connaissance des mises \u00e0 jour ou des modifications apport\u00e9es \u00e0 notre politique de confidentialit\u00e9.<\/p><p><strong>Contact<\/strong><br \/>Nous vous invitons \u00e0 nous faire part de vos questions, commentaires et demandes concernant la pr\u00e9sente politique de confidentialit\u00e9.<\/p>\t\t\t\t\t\t\t\t<\/div>\n\t\t\t\t<\/div>\n\t\t<div class=\"elementor-element elementor-element-37eb297 e-con-full e-flex e-con e-child\" data-id=\"37eb297\" data-element_type=\"container\" data-e-type=\"container\">\n\t\t<div class=\"elementor-element elementor-element-125d2cc e-flex e-con-boxed e-con e-child\" data-id=\"125d2cc\" data-element_type=\"container\" data-e-type=\"container\" data-settings=\"{&quot;background_background&quot;:&quot;classic&quot;}\">\n\t\t\t\t\t<div class=\"e-con-inner\">\n\t\t\t\t<div class=\"elementor-element elementor-element-fd6ac3b elementor-widget__width-auto elementor-widget elementor-widget-heading\" data-id=\"fd6ac3b\" data-element_type=\"widget\" data-e-type=\"widget\" data-widget_type=\"heading.default\">\n\t\t\t\t\t<h3 class=\"elementor-heading-title elementor-size-default\">10 % de r\u00e9duction<\/h3>\t\t\t\t<\/div>\n\t\t\t\t<div class=\"elementor-element elementor-element-03eb19d elementor-widget__width-auto elementor-widget elementor-widget-heading\" data-id=\"03eb19d\" data-element_type=\"widget\" data-e-type=\"widget\" data-widget_type=\"heading.default\">\n\t\t\t\t\t<div class=\"elementor-heading-title elementor-size-default\">Jusqu'\u00e0 10 % de r\u00e9duction sur chaque r\u00e9servation jusqu'au 31 mai 2026 !<\/div>\t\t\t\t<\/div>\n\t\t\t\t\t<\/div>\n\t\t\t\t<\/div>\n\t\t<div class=\"elementor-element elementor-element-1c0c59c e-con-full e-flex e-con e-child\" data-id=\"1c0c59c\" data-element_type=\"container\" data-e-type=\"container\">\n\t\t\t\t<div class=\"elementor-element elementor-element-052ea68 elementor-widget__width-initial elementor-widget elementor-widget-image\" data-id=\"052ea68\" data-element_type=\"widget\" data-e-type=\"widget\" data-widget_type=\"image.default\">\n\t\t\t\t\t\t\t\t\t\t\t\t\t\t\t\t<a href=\"#\">\n\t\t\t\t\t\t\t<img fetchpriority=\"high\" decoding=\"async\" width=\"630\" height=\"441\" src=\"https:\/\/minibus.al\/wp-content\/uploads\/2025\/10\/Transfer-416_2268_0182-landscape-630x441-1.jpg\" class=\"attachment-full size-full wp-image-988709\" alt=\"\" srcset=\"https:\/\/minibus.al\/wp-content\/uploads\/2025\/10\/Transfer-416_2268_0182-landscape-630x441-1.jpg 630w, https:\/\/minibus.al\/wp-content\/uploads\/2025\/10\/Transfer-416_2268_0182-landscape-630x441-1-600x420.jpg 600w, https:\/\/minibus.al\/wp-content\/uploads\/2025\/10\/Transfer-416_2268_0182-landscape-630x441-1-300x210.jpg 300w, https:\/\/minibus.al\/wp-content\/uploads\/2025\/10\/Transfer-416_2268_0182-landscape-630x441-1-420x294.jpg 420w, https:\/\/minibus.al\/wp-content\/uploads\/2025\/10\/Transfer-416_2268_0182-landscape-630x441-1-315x221.jpg 315w\" sizes=\"(max-width: 630px) 100vw, 630px\" title=\"\">\t\t\t\t\t\t\t\t<\/a>\n\t\t\t\t\t\t\t\t\t\t\t\t\t\t\t<\/div>\n\t\t\t\t<div class=\"elementor-element elementor-element-30ac6db elementor-widget__width-initial elementor-widget elementor-widget-heading\" data-id=\"30ac6db\" data-element_type=\"widget\" data-e-type=\"widget\" data-widget_type=\"heading.default\">\n\t\t\t\t\t<h3 class=\"elementor-heading-title elementor-size-default\"><a href=\"#\">Transferts priv\u00e9s depuis l\u2019a\u00e9roport<\/a><\/h3>\t\t\t\t<\/div>\n\t\t\t\t<\/div>\n\t\t<div class=\"elementor-element elementor-element-f70a358 e-con-full e-flex e-con e-child\" data-id=\"f70a358\" data-element_type=\"container\" data-e-type=\"container\">\n\t\t\t\t<div class=\"elementor-element elementor-element-d3483e2 elementor-widget__width-initial elementor-widget elementor-widget-image\" data-id=\"d3483e2\" data-element_type=\"widget\" data-e-type=\"widget\" data-widget_type=\"image.default\">\n\t\t\t\t\t\t\t\t\t\t\t\t\t\t\t\t<a href=\"#\">\n\t\t\t\t\t\t\t<img decoding=\"async\" width=\"800\" height=\"560\" src=\"https:\/\/minibus.al\/wp-content\/uploads\/2024\/01\/Crop800x600-landscape.jpeg\" class=\"attachment-full size-full wp-image-988653\" alt=\"\" srcset=\"https:\/\/minibus.al\/wp-content\/uploads\/2024\/01\/Crop800x600-landscape.jpeg 800w, https:\/\/minibus.al\/wp-content\/uploads\/2024\/01\/Crop800x600-landscape-600x420.jpeg 600w, https:\/\/minibus.al\/wp-content\/uploads\/2024\/01\/Crop800x600-landscape-300x210.jpeg 300w, https:\/\/minibus.al\/wp-content\/uploads\/2024\/01\/Crop800x600-landscape-768x538.jpeg 768w, https:\/\/minibus.al\/wp-content\/uploads\/2024\/01\/Crop800x600-landscape-630x441.jpeg 630w, https:\/\/minibus.al\/wp-content\/uploads\/2024\/01\/Crop800x600-landscape-420x294.jpeg 420w, https:\/\/minibus.al\/wp-content\/uploads\/2024\/01\/Crop800x600-landscape-315x221.jpeg 315w\" sizes=\"(max-width: 800px) 100vw, 800px\" title=\"\">\t\t\t\t\t\t\t\t<\/a>\n\t\t\t\t\t\t\t\t\t\t\t\t\t\t\t<\/div>\n\t\t\t\t<div class=\"elementor-element elementor-element-fc2951b elementor-widget__width-initial elementor-widget elementor-widget-heading\" data-id=\"fc2951b\" data-element_type=\"widget\" data-e-type=\"widget\" data-widget_type=\"heading.default\">\n\t\t\t\t\t<h3 class=\"elementor-heading-title elementor-size-default\"><a href=\"#\">Transfert avec chauffeur priv\u00e9<\/a><\/h3>\t\t\t\t<\/div>\n\t\t\t\t<\/div>\n\t\t\t\t<\/div>\n\t\t\t\t\t<\/div>\n\t\t\t\t<\/div>\n\t\t\t\t<\/div>","protected":false},"excerpt":{"rendered":"<p>Politikat e Privat\u00ebsis\u00eb Kjo faqe interneti operohet nga ne dhe ne jemi t\u00eb p\u00ebrkushtuar p\u00ebr t\u00eb mbrojtur dhe ruajtur privat\u00ebsin\u00eb e vizitor\u00ebve tan\u00eb kur vizitojn\u00eb faqen ton\u00eb ose komunikojn\u00eb elektronikisht me ne. Kjo politik\u00eb p\u00ebrcakton se si p\u00ebrpunojm\u00eb t\u00eb dh\u00ebnat personale q\u00eb mbledhim nga ju ose q\u00eb ju na jepni p\u00ebrmes faqes son\u00eb t\u00eb internetit. [&hellip;]<\/p>\n","protected":false},"author":1,"featured_media":0,"parent":0,"menu_order":0,"comment_status":"closed","ping_status":"closed","template":"","meta":{"footnotes":""},"class_list":["post-988419","page","type-page","status-publish","hentry"],"_links":{"self":[{"href":"https:\/\/minibus.al\/fr\/wp-json\/wp\/v2\/pages\/988419","targetHints":{"allow":["GET"]}}],"collection":[{"href":"https:\/\/minibus.al\/fr\/wp-json\/wp\/v2\/pages"}],"about":[{"href":"https:\/\/minibus.al\/fr\/wp-json\/wp\/v2\/types\/page"}],"author":[{"embeddable":true,"href":"https:\/\/minibus.al\/fr\/wp-json\/wp\/v2\/users\/1"}],"replies":[{"embeddable":true,"href":"https:\/\/minibus.al\/fr\/wp-json\/wp\/v2\/comments?post=988419"}],"version-history":[{"count":4,"href":"https:\/\/minibus.al\/fr\/wp-json\/wp\/v2\/pages\/988419\/revisions"}],"predecessor-version":[{"id":989088,"href":"https:\/\/minibus.al\/fr\/wp-json\/wp\/v2\/pages\/988419\/revisions\/989088"}],"wp:attachment":[{"href":"https:\/\/minibus.al\/fr\/wp-json\/wp\/v2\/media?parent=988419"}],"curies":[{"name":"WordPress","href":"https:\/\/api.w.org\/{rel}","templated":true}]}}