{"id":989164,"date":"2026-02-02T07:20:11","date_gmt":"2026-02-02T07:20:11","guid":{"rendered":"https:\/\/minibus.al\/?post_type=product&#038;p=989164"},"modified":"2026-02-19T08:29:22","modified_gmt":"2026-02-19T08:29:22","slug":"traslado-del-aeropuerto-de-tirana-a-tirana","status":"publish","type":"product","link":"https:\/\/minibus.al\/es\/produkt\/transfer-nga-tirana-aeroport-ne-tirane\/","title":{"rendered":"Traslado del aeropuerto de Tirana al centro de la ciudad de Tirana"},"content":{"rendered":"<p>Ofrecemos un servicio de traslado profesional desde el Aeropuerto Internacional Madre Teresa a Tirana, adaptado a todo tipo de viajeros y grupos. Nuestro servicio incluye traslados privados para personas y parejas, as\u00ed como veh\u00edculos m\u00e1s grandes como furgonetas, minibuses y autobuses para grupos organizados, familias o viajes de negocios. Todos los traslados se realizan con conductores cualificados y veh\u00edculos c\u00f3modos y en perfecto estado, lo que garantiza seguridad, precisi\u00f3n y comodidad durante todo el viaje. Operamos 24\/7, garantizando una llegada fluida y sin estr\u00e9s desde el aeropuerto a cualquier zona de Tirana.<\/p>","protected":false},"excerpt":{"rendered":"<p>Ofrecemos un servicio de traslado profesional desde el Aeropuerto Internacional Madre Teresa a Tirana, adaptado a todo tipo de viajeros y grupos. Operamos 24\/7, garantizando una llegada fluida y sin estr\u00e9s desde el aeropuerto a cualquier zona de Tirana.<\/p>","protected":false},"featured_media":988576,"comment_status":"open","ping_status":"closed","template":"","meta":[],"product_brand":[],"product_cat":[140],"product_tag":[],"class_list":{"0":"post-989164","1":"product","2":"type-product","3":"status-publish","4":"has-post-thumbnail","6":"product_cat-transport","8":"first","9":"instock","10":"shipping-taxable","11":"product-type-external"},"_links":{"self":[{"href":"https:\/\/minibus.al\/es\/wp-json\/wp\/v2\/product\/989164","targetHints":{"allow":["GET"]}}],"collection":[{"href":"https:\/\/minibus.al\/es\/wp-json\/wp\/v2\/product"}],"about":[{"href":"https:\/\/minibus.al\/es\/wp-json\/wp\/v2\/types\/product"}],"replies":[{"embeddable":true,"href":"https:\/\/minibus.al\/es\/wp-json\/wp\/v2\/comments?post=989164"}],"wp:featuredmedia":[{"embeddable":true,"href":"https:\/\/minibus.al\/es\/wp-json\/wp\/v2\/media\/988576"}],"wp:attachment":[{"href":"https:\/\/minibus.al\/es\/wp-json\/wp\/v2\/media?parent=989164"}],"wp:term":[{"taxonomy":"product_brand","embeddable":true,"href":"https:\/\/minibus.al\/es\/wp-json\/wp\/v2\/product_brand?post=989164"},{"taxonomy":"product_cat","embeddable":true,"href":"https:\/\/minibus.al\/es\/wp-json\/wp\/v2\/product_cat?post=989164"},{"taxonomy":"product_tag","embeddable":true,"href":"https:\/\/minibus.al\/es\/wp-json\/wp\/v2\/product_tag?post=989164"}],"curies":[{"name":"wp","href":"https:\/\/api.w.org\/{rel}","templated":true}]}}