{"id":988853,"date":"2025-10-15T15:41:19","date_gmt":"2025-10-15T15:41:19","guid":{"rendered":"https:\/\/minibus.al\/?page_id=988853"},"modified":"2025-10-15T15:45:19","modified_gmt":"2025-10-15T15:45:19","slug":"minibus-para-alquilar-en-el-aeropuerto-de-tirana","status":"publish","type":"page","link":"https:\/\/minibus.al\/es\/minibus-me-qira-ne-aeroportin-e-tiranes\/","title":{"rendered":"Minib\u00fas en alquiler en el aeropuerto de Tirana"},"content":{"rendered":"<div data-elementor-type=\"wp-page\" data-elementor-id=\"988853\" class=\"elementor elementor-988853\">\n\t\t\t\t<div class=\"elementor-element elementor-element-17b14b0 e-flex e-con-boxed e-con e-parent\" data-id=\"17b14b0\" data-element_type=\"container\" data-e-type=\"container\" data-settings=\"{&quot;background_background&quot;:&quot;classic&quot;}\">\n\t\t\t\t\t<div class=\"e-con-inner\">\n\t\t<div class=\"elementor-element elementor-element-da00348 e-con-full e-flex e-con e-child\" data-id=\"da00348\" data-element_type=\"container\" data-e-type=\"container\">\n\t\t\t\t<div class=\"elementor-element elementor-element-e3791e5 elementor-widget elementor-widget-heading\" data-id=\"e3791e5\" data-element_type=\"widget\" data-e-type=\"widget\" data-widget_type=\"heading.default\">\n\t\t\t\t\t<h1 class=\"elementor-heading-title elementor-size-default\">Minib\u00fas en alquiler en el aeropuerto de Tirana<\/h1>\t\t\t\t<\/div>\n\t\t\t\t<div class=\"elementor-element elementor-element-98a450a elementor-widget elementor-widget-text-editor\" data-id=\"98a450a\" data-element_type=\"widget\" data-e-type=\"widget\" data-widget_type=\"text-editor.default\">\n\t\t\t\t\t\t\t\t\tReserve un minib\u00fas en el Aeropuerto de Tirana para disfrutar de traslados privados, seguros y c\u00f3modos. Conductor profesional y veh\u00edculos modernos para cada viaje.\t\t\t\t\t\t\t\t<\/div>\n\t\t\t\t<\/div>\n\t\t\t\t\t<\/div>\n\t\t\t\t<\/div>\n\t\t<div class=\"elementor-element elementor-element-f243bfa e-flex e-con-boxed e-con e-parent\" data-id=\"f243bfa\" data-element_type=\"container\" data-e-type=\"container\" data-settings=\"{&quot;background_background&quot;:&quot;classic&quot;}\">\n\t\t\t\t\t<div class=\"e-con-inner\">\n\t\t<div class=\"elementor-element elementor-element-8ce9177 e-con-full e-flex e-con e-child\" data-id=\"8ce9177\" data-element_type=\"container\" data-e-type=\"container\">\n\t\t\t\t<div class=\"elementor-element elementor-element-2fa15ea elementor-widget elementor-widget-text-editor\" data-id=\"2fa15ea\" data-element_type=\"widget\" data-e-type=\"widget\" data-widget_type=\"text-editor.default\">\n\t\t\t\t\t\t\t\t\t<p>Llegar al aeropuerto de Tirana puede ser emocionante, pero a menudo un desaf\u00edo, especialmente cuando hay que organizar el traslado a destino. En esos momentos, un servicio profesional de alquiler de minib\u00fas se convierte en una ayuda excepcional. No solo garantiza comodidad y seguridad, sino que tambi\u00e9n permite disfrutar del viaje sin estr\u00e9s y con total flexibilidad.<\/p><p>El servicio de alquiler de minibuses ofrece veh\u00edculos nuevos y en perfecto estado, ideales para diferentes grupos de viajeros. Ya sea que viaje solo, en familia o con amigos, nuestros minibuses son espaciosos, c\u00f3modos y est\u00e1n equipados con todas las comodidades necesarias para un viaje placentero.<\/p><p>Una de las mayores ventajas es contar con un conductor profesional. Capacitados para brindar un servicio seguro y amable, nuestros conductores no solo se preocupan por conducir el veh\u00edculo, sino tambi\u00e9n por su experiencia durante el viaje. Conocen las rutas m\u00e1s r\u00e1pidas y seguras, lo que le permite disfrutar del viaje sin preocupaciones.<\/p><p>Reservar un minib\u00fas es tan f\u00e1cil como el viaje. Con solo unos clics, puede estar seguro de que, al llegar al aeropuerto, un veh\u00edculo le estar\u00e1 esperando listo para llevarlo a su destino. Esto no solo le ofrece comodidad, sino tambi\u00e9n un importante ahorro de tiempo y energ\u00eda.<\/p><p>En definitiva, el alquiler de minibuses en el Aeropuerto de Tirana no es solo un medio de transporte; es una experiencia que hace que su viaje sea m\u00e1s f\u00e1cil, seguro y placentero. Para cualquier viajero que busque comodidad, flexibilidad y profesionalidad, este servicio es la soluci\u00f3n ideal.<\/p>\t\t\t\t\t\t\t\t<\/div>\n\t\t\t\t<div class=\"elementor-element elementor-element-cac8ca5 elementor-widget elementor-widget-heading\" data-id=\"cac8ca5\" data-element_type=\"widget\" data-e-type=\"widget\" data-widget_type=\"heading.default\">\n\t\t\t\t\t<h3 class=\"elementor-heading-title elementor-size-default\">\u00bfPor qu\u00e9 minibus.al?<\/h3>\t\t\t\t<\/div>\n\t\t\t\t<div class=\"elementor-element elementor-element-44ade06 elementor-view-stacked elementor-position-inline-start elementor-mobile-position-inline-start elementor-shape-circle elementor-widget elementor-widget-icon-box\" data-id=\"44ade06\" data-element_type=\"widget\" data-e-type=\"widget\" data-widget_type=\"icon-box.default\">\n\t\t\t\t\t\t\t<div class=\"elementor-icon-box-wrapper\">\n\n\t\t\t\t\t\t<div class=\"elementor-icon-box-icon\">\n\t\t\t\t<span  class=\"elementor-icon\">\n\t\t\t\t<svg aria-hidden=\"true\" class=\"e-font-icon-svg e-fas-check\" viewbox=\"0 0 512 512\" xmlns=\"http:\/\/www.w3.org\/2000\/svg\"><path d=\"M173.898 439.404l-166.4-166.4c-9.997-9.997-9.997-26.206 0-36.204l36.203-36.204c9.997-9.998 26.207-9.998 36.204 0L192 312.69 432.095 72.596c9.997-9.997 26.207-9.997 36.204 0l36.203 36.204c9.997 9.997 9.997 26.206 0 36.204l-294.4 294.401c-9.998 9.997-26.207 9.997-36.204-.001z\"><\/path><\/svg>\t\t\t\t<\/span>\n\t\t\t<\/div>\n\t\t\t\n\t\t\t\t\t\t<div class=\"elementor-icon-box-content\">\n\n\t\t\t\t\t\t\t\t\t<h3 class=\"elementor-icon-box-title\">\n\t\t\t\t\t\t<span  >\n\t\t\t\t\t\t\tPrecios claros, sin cargos ocultos ni precios elevados.\t\t\t\t\t\t<\/span>\n\t\t\t\t\t<\/h3>\n\t\t\t\t\n\t\t\t\t\n\t\t\t<\/div>\n\t\t\t\n\t\t<\/div>\n\t\t\t\t\t\t<\/div>\n\t\t\t\t<div class=\"elementor-element elementor-element-04fad91 elementor-view-stacked elementor-position-inline-start elementor-mobile-position-inline-start elementor-shape-circle elementor-widget elementor-widget-icon-box\" data-id=\"04fad91\" data-element_type=\"widget\" data-e-type=\"widget\" data-widget_type=\"icon-box.default\">\n\t\t\t\t\t\t\t<div class=\"elementor-icon-box-wrapper\">\n\n\t\t\t\t\t\t<div class=\"elementor-icon-box-icon\">\n\t\t\t\t<span  class=\"elementor-icon\">\n\t\t\t\t<svg aria-hidden=\"true\" class=\"e-font-icon-svg e-fas-check\" viewbox=\"0 0 512 512\" xmlns=\"http:\/\/www.w3.org\/2000\/svg\"><path d=\"M173.898 439.404l-166.4-166.4c-9.997-9.997-9.997-26.206 0-36.204l36.203-36.204c9.997-9.998 26.207-9.998 36.204 0L192 312.69 432.095 72.596c9.997-9.997 26.207-9.997 36.204 0l36.203 36.204c9.997 9.997 9.997 26.206 0 36.204l-294.4 294.401c-9.998 9.997-26.207 9.997-36.204-.001z\"><\/path><\/svg>\t\t\t\t<\/span>\n\t\t\t<\/div>\n\t\t\t\n\t\t\t\t\t\t<div class=\"elementor-icon-box-content\">\n\n\t\t\t\t\t\t\t\t\t<h3 class=\"elementor-icon-box-title\">\n\t\t\t\t\t\t<span  >\n\t\t\t\t\t\t\tConductores capacitados profesionalmente, conocedores y seguros.\t\t\t\t\t\t<\/span>\n\t\t\t\t\t<\/h3>\n\t\t\t\t\n\t\t\t\t\n\t\t\t<\/div>\n\t\t\t\n\t\t<\/div>\n\t\t\t\t\t\t<\/div>\n\t\t\t\t<div class=\"elementor-element elementor-element-0ecc649 elementor-view-stacked elementor-position-inline-start elementor-mobile-position-inline-start elementor-shape-circle elementor-widget elementor-widget-icon-box\" data-id=\"0ecc649\" data-element_type=\"widget\" data-e-type=\"widget\" data-widget_type=\"icon-box.default\">\n\t\t\t\t\t\t\t<div class=\"elementor-icon-box-wrapper\">\n\n\t\t\t\t\t\t<div class=\"elementor-icon-box-icon\">\n\t\t\t\t<span  class=\"elementor-icon\">\n\t\t\t\t<svg aria-hidden=\"true\" class=\"e-font-icon-svg e-fas-check\" viewbox=\"0 0 512 512\" xmlns=\"http:\/\/www.w3.org\/2000\/svg\"><path d=\"M173.898 439.404l-166.4-166.4c-9.997-9.997-9.997-26.206 0-36.204l36.203-36.204c9.997-9.998 26.207-9.998 36.204 0L192 312.69 432.095 72.596c9.997-9.997 26.207-9.997 36.204 0l36.203 36.204c9.997 9.997 9.997 26.206 0 36.204l-294.4 294.401c-9.998 9.997-26.207 9.997-36.204-.001z\"><\/path><\/svg>\t\t\t\t<\/span>\n\t\t\t<\/div>\n\t\t\t\n\t\t\t\t\t\t<div class=\"elementor-icon-box-content\">\n\n\t\t\t\t\t\t\t\t\t<h3 class=\"elementor-icon-box-title\">\n\t\t\t\t\t\t<span  >\n\t\t\t\t\t\t\tReserva online f\u00e1cil y segura, disponible 24 horas al d\u00eda, 7 d\u00edas a la semana.\t\t\t\t\t\t<\/span>\n\t\t\t\t\t<\/h3>\n\t\t\t\t\n\t\t\t\t\n\t\t\t<\/div>\n\t\t\t\n\t\t<\/div>\n\t\t\t\t\t\t<\/div>\n\t\t\t\t<div class=\"elementor-element elementor-element-f499d9f elementor-widget elementor-widget-image\" data-id=\"f499d9f\" data-element_type=\"widget\" data-e-type=\"widget\" data-widget_type=\"image.default\">\n\t\t\t\t\t\t\t\t\t\t\t\t\t\t\t<img fetchpriority=\"high\" decoding=\"async\" width=\"600\" height=\"430\" src=\"https:\/\/minibus.al\/wp-content\/uploads\/2025\/10\/Minibus-me-qira-tirane.webp\" class=\"attachment-full size-full wp-image-988839\" alt=\"\" srcset=\"https:\/\/minibus.al\/wp-content\/uploads\/2025\/10\/Minibus-me-qira-tirane.webp 600w, https:\/\/minibus.al\/wp-content\/uploads\/2025\/10\/Minibus-me-qira-tirane-300x215.webp 300w\" sizes=\"(max-width: 600px) 100vw, 600px\" title=\"\">\t\t\t\t\t\t\t\t\t\t\t\t\t\t\t<\/div>\n\t\t\t\t<div class=\"elementor-element elementor-element-f8adba0 elementor-widget elementor-widget-text-editor\" data-id=\"f8adba0\" data-element_type=\"widget\" data-e-type=\"widget\" data-widget_type=\"text-editor.default\">\n\t\t\t\t\t\t\t\t\t<p>El precio del alquiler de minibuses privados depender\u00e1 del n\u00famero de horas y d\u00edas de servicio, as\u00ed como de la distancia que recorran los minibuses.<\/p>\t\t\t\t\t\t\t\t<\/div>\n\t\t\t\t<div class=\"elementor-element elementor-element-5b353ea elementor-widget elementor-widget-heading\" data-id=\"5b353ea\" data-element_type=\"widget\" data-e-type=\"widget\" data-widget_type=\"heading.default\">\n\t\t\t\t\t<h3 class=\"elementor-heading-title elementor-size-default\">\u00bfC\u00f3mo funciona?<\/h3>\t\t\t\t<\/div>\n\t\t\t\t<div class=\"elementor-element elementor-element-5b114ff elementor-widget elementor-widget-text-editor\" data-id=\"5b114ff\" data-element_type=\"widget\" data-e-type=\"widget\" data-widget_type=\"text-editor.default\">\n\t\t\t\t\t\t\t\t\t<p>Reservar es sencillo: selecciona el destino, la fecha y el tipo de minib\u00fas que necesitas. Nuestro conductor profesional estar\u00e1 en el lugar y a la hora acordada, para garantizarte un viaje c\u00f3modo y sin estr\u00e9s.<\/p>\t\t\t\t\t\t\t\t<\/div>\n\t\t\t\t<\/div>\n\t\t<div class=\"elementor-element elementor-element-d6158fa e-con-full e-flex e-con e-child\" data-id=\"d6158fa\" data-element_type=\"container\" data-e-type=\"container\">\n\t\t<div class=\"elementor-element elementor-element-6fa629c e-flex e-con-boxed e-con e-child\" data-id=\"6fa629c\" data-element_type=\"container\" data-e-type=\"container\" data-settings=\"{&quot;background_background&quot;:&quot;classic&quot;}\">\n\t\t\t\t\t<div class=\"e-con-inner\">\n\t\t\t\t<div class=\"elementor-element elementor-element-fa0f848 elementor-widget__width-auto elementor-widget elementor-widget-heading\" data-id=\"fa0f848\" data-element_type=\"widget\" data-e-type=\"widget\" data-widget_type=\"heading.default\">\n\t\t\t\t\t<h3 class=\"elementor-heading-title elementor-size-default\">Descuento 10%<\/h3>\t\t\t\t<\/div>\n\t\t\t\t<div class=\"elementor-element elementor-element-8196ec2 elementor-widget__width-auto elementor-widget elementor-widget-heading\" data-id=\"8196ec2\" data-element_type=\"widget\" data-e-type=\"widget\" data-widget_type=\"heading.default\">\n\t\t\t\t\t<div class=\"elementor-heading-title elementor-size-default\">\u00a1Hasta un 10% de descuento en cada reserva hasta el 31 de mayo de 2026!<\/div>\t\t\t\t<\/div>\n\t\t\t\t\t<\/div>\n\t\t\t\t<\/div>\n\t\t<div class=\"elementor-element elementor-element-b7f8ed9 e-con-full e-flex e-con e-child\" data-id=\"b7f8ed9\" data-element_type=\"container\" data-e-type=\"container\">\n\t\t\t\t<div class=\"elementor-element elementor-element-5e989ed elementor-widget__width-initial elementor-widget elementor-widget-image\" data-id=\"5e989ed\" data-element_type=\"widget\" data-e-type=\"widget\" data-widget_type=\"image.default\">\n\t\t\t\t\t\t\t\t\t\t\t\t\t\t\t\t<a href=\"#\">\n\t\t\t\t\t\t\t<img decoding=\"async\" width=\"630\" height=\"441\" src=\"https:\/\/minibus.al\/wp-content\/uploads\/2025\/10\/Transfer-416_2268_0182-landscape-630x441-1.jpg\" class=\"attachment-full size-full wp-image-988709\" alt=\"\" srcset=\"https:\/\/minibus.al\/wp-content\/uploads\/2025\/10\/Transfer-416_2268_0182-landscape-630x441-1.jpg 630w, https:\/\/minibus.al\/wp-content\/uploads\/2025\/10\/Transfer-416_2268_0182-landscape-630x441-1-600x420.jpg 600w, https:\/\/minibus.al\/wp-content\/uploads\/2025\/10\/Transfer-416_2268_0182-landscape-630x441-1-300x210.jpg 300w, https:\/\/minibus.al\/wp-content\/uploads\/2025\/10\/Transfer-416_2268_0182-landscape-630x441-1-420x294.jpg 420w, https:\/\/minibus.al\/wp-content\/uploads\/2025\/10\/Transfer-416_2268_0182-landscape-630x441-1-315x221.jpg 315w\" sizes=\"(max-width: 630px) 100vw, 630px\" title=\"\">\t\t\t\t\t\t\t\t<\/a>\n\t\t\t\t\t\t\t\t\t\t\t\t\t\t\t<\/div>\n\t\t\t\t<div class=\"elementor-element elementor-element-721ad33 elementor-widget__width-initial elementor-widget elementor-widget-heading\" data-id=\"721ad33\" data-element_type=\"widget\" data-e-type=\"widget\" data-widget_type=\"heading.default\">\n\t\t\t\t\t<h3 class=\"elementor-heading-title elementor-size-default\"><a href=\"#\">Traslados privados desde el aeropuerto<\/a><\/h3>\t\t\t\t<\/div>\n\t\t\t\t<\/div>\n\t\t<div class=\"elementor-element elementor-element-c5237fd e-con-full e-flex e-con e-child\" data-id=\"c5237fd\" data-element_type=\"container\" data-e-type=\"container\">\n\t\t\t\t<div class=\"elementor-element elementor-element-7ff0b5e elementor-widget__width-initial elementor-widget elementor-widget-image\" data-id=\"7ff0b5e\" data-element_type=\"widget\" data-e-type=\"widget\" data-widget_type=\"image.default\">\n\t\t\t\t\t\t\t\t\t\t\t\t\t\t\t\t<a href=\"#\">\n\t\t\t\t\t\t\t<img decoding=\"async\" width=\"800\" height=\"560\" src=\"https:\/\/minibus.al\/wp-content\/uploads\/2024\/01\/Crop800x600-landscape.jpeg\" class=\"attachment-full size-full wp-image-988653\" alt=\"\" srcset=\"https:\/\/minibus.al\/wp-content\/uploads\/2024\/01\/Crop800x600-landscape.jpeg 800w, https:\/\/minibus.al\/wp-content\/uploads\/2024\/01\/Crop800x600-landscape-600x420.jpeg 600w, https:\/\/minibus.al\/wp-content\/uploads\/2024\/01\/Crop800x600-landscape-300x210.jpeg 300w, https:\/\/minibus.al\/wp-content\/uploads\/2024\/01\/Crop800x600-landscape-768x538.jpeg 768w, https:\/\/minibus.al\/wp-content\/uploads\/2024\/01\/Crop800x600-landscape-630x441.jpeg 630w, https:\/\/minibus.al\/wp-content\/uploads\/2024\/01\/Crop800x600-landscape-420x294.jpeg 420w, https:\/\/minibus.al\/wp-content\/uploads\/2024\/01\/Crop800x600-landscape-315x221.jpeg 315w\" sizes=\"(max-width: 800px) 100vw, 800px\" title=\"\">\t\t\t\t\t\t\t\t<\/a>\n\t\t\t\t\t\t\t\t\t\t\t\t\t\t\t<\/div>\n\t\t\t\t<div class=\"elementor-element elementor-element-94ea3ff elementor-widget__width-initial elementor-widget elementor-widget-heading\" data-id=\"94ea3ff\" data-element_type=\"widget\" data-e-type=\"widget\" data-widget_type=\"heading.default\">\n\t\t\t\t\t<h3 class=\"elementor-heading-title elementor-size-default\"><a href=\"#\">Traslado con conductor privado<\/a><\/h3>\t\t\t\t<\/div>\n\t\t\t\t<\/div>\n\t\t\t\t<\/div>\n\t\t\t\t\t<\/div>\n\t\t\t\t<\/div>\n\t\t\t\t<\/div>","protected":false},"excerpt":{"rendered":"<p>Minibus me Qira n\u00eb Aeroportin e Tiran\u00ebs Rezervoni minibus me qira n\u00eb Aeroportin e Tiran\u00ebs p\u00ebr transferime private, t\u00eb sigurta dhe t\u00eb rehatshme. Shofer profesional dhe automjete moderne p\u00ebr \u00e7do udh\u00ebtim. Arritja n\u00eb Aeroportin e Tiran\u00ebs mund t\u00eb jet\u00eb emocionuese, por shpeshher\u00eb edhe sfiduese, sidomos kur duhet t\u00eb organizoni transferimin drejt destinacionit tuaj. N\u00eb k\u00ebto [&hellip;]<\/p>\n","protected":false},"author":1,"featured_media":988839,"parent":0,"menu_order":0,"comment_status":"closed","ping_status":"closed","template":"","meta":{"footnotes":""},"class_list":["post-988853","page","type-page","status-publish","has-post-thumbnail","hentry"],"_links":{"self":[{"href":"https:\/\/minibus.al\/es\/wp-json\/wp\/v2\/pages\/988853","targetHints":{"allow":["GET"]}}],"collection":[{"href":"https:\/\/minibus.al\/es\/wp-json\/wp\/v2\/pages"}],"about":[{"href":"https:\/\/minibus.al\/es\/wp-json\/wp\/v2\/types\/page"}],"author":[{"embeddable":true,"href":"https:\/\/minibus.al\/es\/wp-json\/wp\/v2\/users\/1"}],"replies":[{"embeddable":true,"href":"https:\/\/minibus.al\/es\/wp-json\/wp\/v2\/comments?post=988853"}],"version-history":[{"count":8,"href":"https:\/\/minibus.al\/es\/wp-json\/wp\/v2\/pages\/988853\/revisions"}],"predecessor-version":[{"id":988861,"href":"https:\/\/minibus.al\/es\/wp-json\/wp\/v2\/pages\/988853\/revisions\/988861"}],"wp:featuredmedia":[{"embeddable":true,"href":"https:\/\/minibus.al\/es\/wp-json\/wp\/v2\/media\/988839"}],"wp:attachment":[{"href":"https:\/\/minibus.al\/es\/wp-json\/wp\/v2\/media?parent=988853"}],"curies":[{"name":"wp","href":"https:\/\/api.w.org\/{rel}","templated":true}]}}