{"id":988419,"date":"2023-04-05T00:18:55","date_gmt":"2023-04-05T00:18:55","guid":{"rendered":"https:\/\/minibus.al\/en\/?page_id=988419"},"modified":"2026-01-13T09:20:03","modified_gmt":"2026-01-13T09:20:03","slug":"politicas-de-privacidad","status":"publish","type":"page","link":"https:\/\/minibus.al\/es\/politikat-e-privatesise\/","title":{"rendered":"Pol\u00edticas de privacidad"},"content":{"rendered":"<div data-elementor-type=\"wp-page\" data-elementor-id=\"988419\" class=\"elementor elementor-988419\">\n\t\t\t\t<div class=\"elementor-element elementor-element-94c02b5 e-flex e-con-boxed e-con e-parent\" data-id=\"94c02b5\" data-element_type=\"container\" data-e-type=\"container\" data-settings=\"{&quot;background_background&quot;:&quot;classic&quot;}\">\n\t\t\t\t\t<div class=\"e-con-inner\">\n\t\t<div class=\"elementor-element elementor-element-6918ea9 e-con-full e-flex e-con e-child\" data-id=\"6918ea9\" data-element_type=\"container\" data-e-type=\"container\">\n\t\t\t\t<div class=\"elementor-element elementor-element-36ff319 elementor-widget elementor-widget-heading\" data-id=\"36ff319\" data-element_type=\"widget\" data-e-type=\"widget\" data-widget_type=\"heading.default\">\n\t\t\t\t\t<h1 class=\"elementor-heading-title elementor-size-default\">Pol\u00edticas de privacidad<\/h1>\t\t\t\t<\/div>\n\t\t\t\t<\/div>\n\t\t\t\t\t<\/div>\n\t\t\t\t<\/div>\n\t\t<div class=\"elementor-element elementor-element-b265df7 e-flex e-con-boxed e-con e-parent\" data-id=\"b265df7\" data-element_type=\"container\" data-e-type=\"container\" data-settings=\"{&quot;background_background&quot;:&quot;classic&quot;}\">\n\t\t\t\t\t<div class=\"e-con-inner\">\n\t\t<div class=\"elementor-element elementor-element-c9c978a e-con-full e-flex e-con e-child\" data-id=\"c9c978a\" data-element_type=\"container\" data-e-type=\"container\">\n\t\t\t\t<div class=\"elementor-element elementor-element-4166847 elementor-widget elementor-widget-text-editor\" data-id=\"4166847\" data-element_type=\"widget\" data-e-type=\"widget\" data-widget_type=\"text-editor.default\">\n\t\t\t\t\t\t\t\t\t<p>Este sitio web es gestionado por nosotros, y nos comprometemos a proteger y preservar la privacidad de nuestros visitantes cuando acceden a nuestro sitio o se comunican con nosotros por v\u00eda electr\u00f3nica.<\/p><p>Esta pol\u00edtica describe c\u00f3mo tratamos los datos personales que recopilamos de usted o que usted nos facilita a trav\u00e9s de nuestro sitio web. Le confirmamos que mantendremos su informaci\u00f3n segura y que cumpliremos plenamente con toda la legislaci\u00f3n y normativa pertinente del Reino Unido en materia de protecci\u00f3n de datos. Le rogamos que lea atentamente lo siguiente para comprender qu\u00e9 ocurre con los datos personales que decide facilitarnos o que recopilamos de usted cuando visita este sitio web. Al visitar nuestro sitio web, usted acepta y da su consentimiento a las pr\u00e1cticas descritas en esta pol\u00edtica.<\/p><p>Los tipos de informaci\u00f3n que podemos recopilar sobre usted<br \/>Podemos recopilar, almacenar y utilizar los siguientes tipos de datos personales de las personas que visitan y utilizan nuestro sitio web:<\/p><p><strong>La informaci\u00f3n que nos facilitas<\/strong><br \/>Puede facilitarnos informaci\u00f3n sobre usted rellenando los formularios de nuestro sitio web. Esto incluye la informaci\u00f3n que nos proporciona al enviar un formulario de contacto o de solicitud. La informaci\u00f3n que nos facilite puede incluir su nombre, direcci\u00f3n, direcci\u00f3n de correo electr\u00f3nico, n\u00famero de tel\u00e9fono y un breve mensaje.<\/p><p><strong>Informaci\u00f3n que nuestro sitio web recopila autom\u00e1ticamente sobre usted<\/strong><br \/>Cada vez que visite nuestro sitio web, es posible que recopilemos autom\u00e1ticamente informaci\u00f3n que incluye lo siguiente:<\/p><p>Informaci\u00f3n t\u00e9cnica, incluida una versi\u00f3n abreviada y anonimizada de su direcci\u00f3n de Protocolo de Internet (IP), el tipo y la versi\u00f3n del navegador, el sistema operativo y la plataforma;<br \/>Informaci\u00f3n sobre su visita, incluyendo las p\u00e1ginas que visita, el tiempo que permanece en ellas, c\u00f3mo ha llegado a ellas (incluida la fecha y la hora); los tiempos de respuesta de las p\u00e1ginas, la duraci\u00f3n de la visita, en qu\u00e9 enlaces hace clic, los documentos descargados y los errores de descarga.<br \/><strong>Las mu\u00f1ecas<\/strong><br \/>Nuestro sitio web utiliza cookies para distinguirte de otros usuarios de nuestro sitio web. Esto nos ayuda a ofrecerte una buena experiencia de navegaci\u00f3n por nuestro sitio web y nos permite mejorarlo. Para obtener informaci\u00f3n detallada sobre las cookies que utilizamos y los fines para los que las utilizamos, consulte nuestra Pol\u00edtica de cookies.<\/p><p><strong>\u00bfC\u00f3mo podemos utilizar la informaci\u00f3n que recopilamos?<\/strong><br \/>La informaci\u00f3n que nos facilitas para poder ofrecerte la informaci\u00f3n y\/o los servicios que nos solicitas; Recopilamos cualquier dato personal adicional que nos facilite ocasionalmente si se pone en contacto con nosotros por correo electr\u00f3nico, carta o tel\u00e9fono, a trav\u00e9s de nuestro sitio web, enviando un comentario en nuestro sitio web o por cualquier otro medio; Respuestas a encuestas para que podamos revisar y seguir mejorando nuestros servicios.<\/p><p>Informaci\u00f3n que recopilamos autom\u00e1ticamente sobre usted<br \/><strong>Utilizaremos esta informaci\u00f3n:<\/strong><\/p><p>Para gestionar nuestro sitio web, lo que incluye la resoluci\u00f3n de problemas y con fines estad\u00edsticos;<br \/>Para mejorar nuestro sitio web y garantizar que el contenido se presente de la forma m\u00e1s eficaz para usted y su ordenador.;<br \/>La seguridad y la correcci\u00f3n de errores forman parte de nuestras medidas para garantizar la seguridad de nuestro sitio web.<\/p><p>Esta informaci\u00f3n se recopila de forma an\u00f3nima y no est\u00e1 vinculada a ning\u00fan dato que permita identificarle personalmente. Utilizamos Google Analytics para realizar un seguimiento de esta informaci\u00f3n. Descubra c\u00f3mo utiliza Google sus datos en Google Analytics. .<\/p><p><strong>Divulgaci\u00f3n de su informaci\u00f3n<\/strong><br \/>Cualquier informaci\u00f3n que nos facilite nos ser\u00e1 enviada directamente por correo electr\u00f3nico o podr\u00e1 almacenarse en un servidor seguro a trav\u00e9s de un sitio web externo de confianza y un proveedor de alojamiento web, con el fin de facilitar el funcionamiento y la gesti\u00f3n de este sitio web.<\/p><p>No alquilamos, vendemos ni compartimos informaci\u00f3n personal sobre usted con otras personas o empresas no afiliadas. Sus datos pueden compartirse con nuestros sistemas operativos externos de confianza, que utilizamos para gestionar nuestros servicios y mantenernos en contacto con usted.<\/p><p>Haremos todo lo posible para garantizar que sus datos personales no se revelen a instituciones y autoridades regionales o nacionales, salvo que as\u00ed lo exijan la ley u otras normativas.<\/p><p>Lamentablemente, la transmisi\u00f3n de informaci\u00f3n a trav\u00e9s de Internet no es totalmente segura. Aunque haremos todo lo posible por proteger sus datos personales, no podemos garantizar la seguridad de los datos que transmita a nuestro sitio web; cualquier transmisi\u00f3n se realiza bajo su propia responsabilidad. Una vez que hayamos recibido su informaci\u00f3n, utilizaremos estrictos procedimientos y medidas de seguridad para impedir el acceso no autorizado.<\/p><p><strong>Enlaces a sitios web de terceros<\/strong><br \/>Nuestro sitio web puede contener, ocasionalmente, enlaces hacia y desde sitios web de terceros. Si sigue un enlace a cualquiera de estos sitios web, tenga en cuenta que estos cuentan con sus propias pol\u00edticas de privacidad y que no asumimos ninguna responsabilidad por dichas pol\u00edticas. Le rogamos que consulte estas pol\u00edticas antes de enviar cualquier dato personal a dichos sitios web.<\/p><p><strong>Tus derechos: acceso a tus datos personales<\/strong><br \/>Tiene derecho a garantizar que sus datos personales se traten de forma l\u00edcita (\u201cderecho de acceso del interesado\u201d). Su derecho de acceso como interesado puede ejercerse de conformidad con las leyes y normativas en materia de protecci\u00f3n de datos. Cualquier solicitud de acceso del interesado debe dirigirse a nosotros por escrito. Le facilitaremos sus datos personales dentro de los plazos legales. Para que podamos localizar cualquiera de sus datos personales que podamos tener, es posible que necesitemos solicitarle m\u00e1s informaci\u00f3n. Si tiene alguna queja sobre la forma en que hemos utilizado su informaci\u00f3n, tiene derecho a presentar una reclamaci\u00f3n ante la Oficina del Comisionado de Informaci\u00f3n (ICO).<\/p><p><strong>Modificaciones en nuestra Pol\u00edtica de privacidad<\/strong><br \/>Cualquier cambio que realicemos en nuestra pol\u00edtica de privacidad en el futuro se publicar\u00e1 en esta p\u00e1gina y, cuando sea pertinente, se le notificar\u00e1 por correo electr\u00f3nico. Le recomendamos que consulte esta p\u00e1gina con frecuencia para estar al tanto de cualquier actualizaci\u00f3n o cambio en nuestra pol\u00edtica de privacidad.<\/p><p><strong>Contacto<\/strong><br \/>Agradecemos cualquier pregunta, comentario o solicitud relacionada con esta pol\u00edtica de privacidad; por favor, dir\u00edjanse a nosotros.<\/p>\t\t\t\t\t\t\t\t<\/div>\n\t\t\t\t<\/div>\n\t\t<div class=\"elementor-element elementor-element-37eb297 e-con-full e-flex e-con e-child\" data-id=\"37eb297\" data-element_type=\"container\" data-e-type=\"container\">\n\t\t<div class=\"elementor-element elementor-element-125d2cc e-flex e-con-boxed e-con e-child\" data-id=\"125d2cc\" data-element_type=\"container\" data-e-type=\"container\" data-settings=\"{&quot;background_background&quot;:&quot;classic&quot;}\">\n\t\t\t\t\t<div class=\"e-con-inner\">\n\t\t\t\t<div class=\"elementor-element elementor-element-fd6ac3b elementor-widget__width-auto elementor-widget elementor-widget-heading\" data-id=\"fd6ac3b\" data-element_type=\"widget\" data-e-type=\"widget\" data-widget_type=\"heading.default\">\n\t\t\t\t\t<h3 class=\"elementor-heading-title elementor-size-default\">Descuento 10%<\/h3>\t\t\t\t<\/div>\n\t\t\t\t<div class=\"elementor-element elementor-element-03eb19d elementor-widget__width-auto elementor-widget elementor-widget-heading\" data-id=\"03eb19d\" data-element_type=\"widget\" data-e-type=\"widget\" data-widget_type=\"heading.default\">\n\t\t\t\t\t<div class=\"elementor-heading-title elementor-size-default\">\u00a1Hasta un 10% de descuento en cada reserva hasta el 31 de mayo de 2026!<\/div>\t\t\t\t<\/div>\n\t\t\t\t\t<\/div>\n\t\t\t\t<\/div>\n\t\t<div class=\"elementor-element elementor-element-1c0c59c e-con-full e-flex e-con e-child\" data-id=\"1c0c59c\" data-element_type=\"container\" data-e-type=\"container\">\n\t\t\t\t<div class=\"elementor-element elementor-element-052ea68 elementor-widget__width-initial elementor-widget elementor-widget-image\" data-id=\"052ea68\" data-element_type=\"widget\" data-e-type=\"widget\" data-widget_type=\"image.default\">\n\t\t\t\t\t\t\t\t\t\t\t\t\t\t\t\t<a href=\"#\">\n\t\t\t\t\t\t\t<img fetchpriority=\"high\" decoding=\"async\" width=\"630\" height=\"441\" src=\"https:\/\/minibus.al\/wp-content\/uploads\/2025\/10\/Transfer-416_2268_0182-landscape-630x441-1.jpg\" class=\"attachment-full size-full wp-image-988709\" alt=\"\" srcset=\"https:\/\/minibus.al\/wp-content\/uploads\/2025\/10\/Transfer-416_2268_0182-landscape-630x441-1.jpg 630w, https:\/\/minibus.al\/wp-content\/uploads\/2025\/10\/Transfer-416_2268_0182-landscape-630x441-1-600x420.jpg 600w, https:\/\/minibus.al\/wp-content\/uploads\/2025\/10\/Transfer-416_2268_0182-landscape-630x441-1-300x210.jpg 300w, https:\/\/minibus.al\/wp-content\/uploads\/2025\/10\/Transfer-416_2268_0182-landscape-630x441-1-420x294.jpg 420w, https:\/\/minibus.al\/wp-content\/uploads\/2025\/10\/Transfer-416_2268_0182-landscape-630x441-1-315x221.jpg 315w\" sizes=\"(max-width: 630px) 100vw, 630px\" title=\"\">\t\t\t\t\t\t\t\t<\/a>\n\t\t\t\t\t\t\t\t\t\t\t\t\t\t\t<\/div>\n\t\t\t\t<div class=\"elementor-element elementor-element-30ac6db elementor-widget__width-initial elementor-widget elementor-widget-heading\" data-id=\"30ac6db\" data-element_type=\"widget\" data-e-type=\"widget\" data-widget_type=\"heading.default\">\n\t\t\t\t\t<h3 class=\"elementor-heading-title elementor-size-default\"><a href=\"#\">Traslados privados desde el aeropuerto<\/a><\/h3>\t\t\t\t<\/div>\n\t\t\t\t<\/div>\n\t\t<div class=\"elementor-element elementor-element-f70a358 e-con-full e-flex e-con e-child\" data-id=\"f70a358\" data-element_type=\"container\" data-e-type=\"container\">\n\t\t\t\t<div class=\"elementor-element elementor-element-d3483e2 elementor-widget__width-initial elementor-widget elementor-widget-image\" data-id=\"d3483e2\" data-element_type=\"widget\" data-e-type=\"widget\" data-widget_type=\"image.default\">\n\t\t\t\t\t\t\t\t\t\t\t\t\t\t\t\t<a href=\"#\">\n\t\t\t\t\t\t\t<img decoding=\"async\" width=\"800\" height=\"560\" src=\"https:\/\/minibus.al\/wp-content\/uploads\/2024\/01\/Crop800x600-landscape.jpeg\" class=\"attachment-full size-full wp-image-988653\" alt=\"\" srcset=\"https:\/\/minibus.al\/wp-content\/uploads\/2024\/01\/Crop800x600-landscape.jpeg 800w, https:\/\/minibus.al\/wp-content\/uploads\/2024\/01\/Crop800x600-landscape-600x420.jpeg 600w, https:\/\/minibus.al\/wp-content\/uploads\/2024\/01\/Crop800x600-landscape-300x210.jpeg 300w, https:\/\/minibus.al\/wp-content\/uploads\/2024\/01\/Crop800x600-landscape-768x538.jpeg 768w, https:\/\/minibus.al\/wp-content\/uploads\/2024\/01\/Crop800x600-landscape-630x441.jpeg 630w, https:\/\/minibus.al\/wp-content\/uploads\/2024\/01\/Crop800x600-landscape-420x294.jpeg 420w, https:\/\/minibus.al\/wp-content\/uploads\/2024\/01\/Crop800x600-landscape-315x221.jpeg 315w\" sizes=\"(max-width: 800px) 100vw, 800px\" title=\"\">\t\t\t\t\t\t\t\t<\/a>\n\t\t\t\t\t\t\t\t\t\t\t\t\t\t\t<\/div>\n\t\t\t\t<div class=\"elementor-element elementor-element-fc2951b elementor-widget__width-initial elementor-widget elementor-widget-heading\" data-id=\"fc2951b\" data-element_type=\"widget\" data-e-type=\"widget\" data-widget_type=\"heading.default\">\n\t\t\t\t\t<h3 class=\"elementor-heading-title elementor-size-default\"><a href=\"#\">Traslado con conductor privado<\/a><\/h3>\t\t\t\t<\/div>\n\t\t\t\t<\/div>\n\t\t\t\t<\/div>\n\t\t\t\t\t<\/div>\n\t\t\t\t<\/div>\n\t\t\t\t<\/div>","protected":false},"excerpt":{"rendered":"<p>Politikat e Privat\u00ebsis\u00eb Kjo faqe interneti operohet nga ne dhe ne jemi t\u00eb p\u00ebrkushtuar p\u00ebr t\u00eb mbrojtur dhe ruajtur privat\u00ebsin\u00eb e vizitor\u00ebve tan\u00eb kur vizitojn\u00eb faqen ton\u00eb ose komunikojn\u00eb elektronikisht me ne. Kjo politik\u00eb p\u00ebrcakton se si p\u00ebrpunojm\u00eb t\u00eb dh\u00ebnat personale q\u00eb mbledhim nga ju ose q\u00eb ju na jepni p\u00ebrmes faqes son\u00eb t\u00eb internetit. [&hellip;]<\/p>\n","protected":false},"author":1,"featured_media":0,"parent":0,"menu_order":0,"comment_status":"closed","ping_status":"closed","template":"","meta":{"footnotes":""},"class_list":["post-988419","page","type-page","status-publish","hentry"],"_links":{"self":[{"href":"https:\/\/minibus.al\/es\/wp-json\/wp\/v2\/pages\/988419","targetHints":{"allow":["GET"]}}],"collection":[{"href":"https:\/\/minibus.al\/es\/wp-json\/wp\/v2\/pages"}],"about":[{"href":"https:\/\/minibus.al\/es\/wp-json\/wp\/v2\/types\/page"}],"author":[{"embeddable":true,"href":"https:\/\/minibus.al\/es\/wp-json\/wp\/v2\/users\/1"}],"replies":[{"embeddable":true,"href":"https:\/\/minibus.al\/es\/wp-json\/wp\/v2\/comments?post=988419"}],"version-history":[{"count":4,"href":"https:\/\/minibus.al\/es\/wp-json\/wp\/v2\/pages\/988419\/revisions"}],"predecessor-version":[{"id":989088,"href":"https:\/\/minibus.al\/es\/wp-json\/wp\/v2\/pages\/988419\/revisions\/989088"}],"wp:attachment":[{"href":"https:\/\/minibus.al\/es\/wp-json\/wp\/v2\/media?parent=988419"}],"curies":[{"name":"wp","href":"https:\/\/api.w.org\/{rel}","templated":true}]}}