{"id":988417,"date":"2023-04-05T00:18:43","date_gmt":"2023-04-05T00:18:43","guid":{"rendered":"https:\/\/minibus.al\/en\/?page_id=988417"},"modified":"2026-04-07T20:14:12","modified_gmt":"2026-04-07T20:14:12","slug":"terms-and-conditions-of-use","status":"publish","type":"page","link":"https:\/\/minibus.al\/en\/kushtet-dhe-rregullat-e-perdorimit\/","title":{"rendered":"Terms of Use"},"content":{"rendered":"<div data-elementor-type=\"wp-page\" data-elementor-id=\"988417\" class=\"elementor elementor-988417\">\n\t\t\t\t<div class=\"elementor-element elementor-element-4b40c13 e-flex e-con-boxed e-con e-parent\" data-id=\"4b40c13\" data-element_type=\"container\" data-e-type=\"container\" data-settings=\"{&quot;background_background&quot;:&quot;classic&quot;}\">\n\t\t\t\t\t<div class=\"e-con-inner\">\n\t\t<div class=\"elementor-element elementor-element-1762c08 e-con-full e-flex e-con e-child\" data-id=\"1762c08\" data-element_type=\"container\" data-e-type=\"container\">\n\t\t\t\t<div class=\"elementor-element elementor-element-fbc7985 elementor-widget elementor-widget-heading\" data-id=\"fbc7985\" data-element_type=\"widget\" data-e-type=\"widget\" data-widget_type=\"heading.default\">\n\t\t\t\t\t<h1 class=\"elementor-heading-title elementor-size-default\">Terms and Conditions of Use<\/h1>\t\t\t\t<\/div>\n\t\t\t\t<div class=\"elementor-element elementor-element-47d8e14 elementor-widget elementor-widget-text-editor\" data-id=\"47d8e14\" data-element_type=\"widget\" data-e-type=\"widget\" data-widget_type=\"text-editor.default\">\n\t\t\t\t\t\t\t\t\tTerms and Conditions of Use \u2013 Read the terms that define the use of our service, users' rights and obligations, as well as the key policies for a safe and transparent experience.\n\t\t\t\t\t\t\t\t<\/div>\n\t\t\t\t<\/div>\n\t\t\t\t\t<\/div>\n\t\t\t\t<\/div>\n\t\t<div class=\"elementor-element elementor-element-adc86e9 e-flex e-con-boxed e-con e-parent\" data-id=\"adc86e9\" data-element_type=\"container\" data-e-type=\"container\" data-settings=\"{&quot;background_background&quot;:&quot;classic&quot;}\">\n\t\t\t\t\t<div class=\"e-con-inner\">\n\t\t<div class=\"elementor-element elementor-element-088521f e-con-full e-flex e-con e-child\" data-id=\"088521f\" data-element_type=\"container\" data-e-type=\"container\">\n\t\t\t\t<div class=\"elementor-element elementor-element-96c5e98 elementor-widget elementor-widget-text-editor\" data-id=\"96c5e98\" data-element_type=\"widget\" data-e-type=\"widget\" data-widget_type=\"text-editor.default\">\n\t\t\t\t\t\t\t\t\t<p>All reservations with Minibus.al are subject to these Terms and Conditions. A reservation is considered confirmed and valid once confirmation has been received (in writing or verbally) and, where applicable, the deposit has been paid.<\/p><p>In these conditions, \u201cthe Company\u201d refers to Minibus.al, a transportation service operating legally in Albania and the Balkan region.<\/p><p>We always strive to provide a safe, reliable, and professional service. However, in extraordinary circumstances such as traffic, road delays, or unforeseen situations, there may be changes to schedules or itineraries. In any case, our team will do everything possible to minimize any inconvenience and find the best solution for you.<\/p><p>Prices are based on the terms and rates at the time of booking and may change depending on external factors. Any damage caused to the vehicle by passengers during the trip remains the client's responsibility.<\/p><p><strong>Reservation and Payment<\/strong><\/p><p>To secure your reservation, a non-refundable deposit of 20% is usually required. The remaining balance can be paid as agreed. If accommodation and meals for the driver are provided by us, payment for the accommodation and driver is made in advance because we need to reserve the driver's accommodation as prices fluctuate.<\/p><p><strong>Cancellations<\/strong><\/p><p>If you need to cancel your reservation, fees may apply depending on the time of cancellation. The closer to the travel date the cancellation is made, the higher the fee may be. In the event of a \u201cno-show,\u201d the reservation will be considered completed and no refund will be provided. Usually only the 20% deposit is charged because it covers our logistical costs.<\/p><p><strong>Service and Responsibilities<\/strong><\/p><p>Our drivers are professionals and responsible for safety throughout the entire trip. They have the right to refuse service if they believe that safety is at risk.<\/p><p><strong>Rules while traveling<\/strong><\/p><p>For a pleasant experience for everyone:<\/p><p>Smoking is not allowed in the vehicle.;<\/p><p>Fast food consumption is not allowed.;<br \/>Alcohol is allowed only by prior arrangement.;<br \/>Passengers must comply with safety rules and the driver's instructions.<\/p><p><strong>Luggage and personal items<\/strong><\/p><p>We care about your comfort, but we are not responsible for any items lost or damaged during the trip. Please be sure to check your luggage before and after your journey.<\/p><p><strong>Our goal<\/strong><\/p><p>Minibus.al is committed to providing a safe, comfortable, and reliable transportation experience. By making a reservation with us, you accept these terms.<\/p><p>If you have any questions or need clarification, we are always ready to help you. Contact us at info@minibus.al.<\/p>\t\t\t\t\t\t\t\t<\/div>\n\t\t\t\t<\/div>\n\t\t<div class=\"elementor-element elementor-element-b5b8340 e-con-full e-flex e-con e-child\" data-id=\"b5b8340\" data-element_type=\"container\" data-e-type=\"container\">\n\t\t<div class=\"elementor-element elementor-element-bc2fa1b e-flex e-con-boxed e-con e-child\" data-id=\"bc2fa1b\" data-element_type=\"container\" data-e-type=\"container\" data-settings=\"{&quot;background_background&quot;:&quot;classic&quot;}\">\n\t\t\t\t\t<div class=\"e-con-inner\">\n\t\t\t\t<div class=\"elementor-element elementor-element-5123186 elementor-widget__width-auto elementor-widget elementor-widget-heading\" data-id=\"5123186\" data-element_type=\"widget\" data-e-type=\"widget\" data-widget_type=\"heading.default\">\n\t\t\t\t\t<h3 class=\"elementor-heading-title elementor-size-default\">10% discount<\/h3>\t\t\t\t<\/div>\n\t\t\t\t<div class=\"elementor-element elementor-element-87d0a21 elementor-widget__width-auto elementor-widget elementor-widget-heading\" data-id=\"87d0a21\" data-element_type=\"widget\" data-e-type=\"widget\" data-widget_type=\"heading.default\">\n\t\t\t\t\t<div class=\"elementor-heading-title elementor-size-default\">Up to 10% discount for every reservation until May 31st.<\/div>\t\t\t\t<\/div>\n\t\t\t\t\t<\/div>\n\t\t\t\t<\/div>\n\t\t<div class=\"elementor-element elementor-element-ccacd13 e-con-full e-flex e-con e-child\" data-id=\"ccacd13\" data-element_type=\"container\" data-e-type=\"container\">\n\t\t\t\t<div class=\"elementor-element elementor-element-9a3e5a9 elementor-widget__width-initial elementor-widget elementor-widget-image\" data-id=\"9a3e5a9\" data-element_type=\"widget\" data-e-type=\"widget\" data-widget_type=\"image.default\">\n\t\t\t\t\t\t\t\t\t\t\t\t\t\t\t\t<a href=\"#\">\n\t\t\t\t\t\t\t<img fetchpriority=\"high\" decoding=\"async\" width=\"630\" height=\"441\" src=\"https:\/\/minibus.al\/wp-content\/uploads\/2025\/10\/Transfer-416_2268_0182-landscape-630x441-1.jpg\" class=\"attachment-full size-full wp-image-988709\" alt=\"\" srcset=\"https:\/\/minibus.al\/wp-content\/uploads\/2025\/10\/Transfer-416_2268_0182-landscape-630x441-1.jpg 630w, https:\/\/minibus.al\/wp-content\/uploads\/2025\/10\/Transfer-416_2268_0182-landscape-630x441-1-600x420.jpg 600w, https:\/\/minibus.al\/wp-content\/uploads\/2025\/10\/Transfer-416_2268_0182-landscape-630x441-1-300x210.jpg 300w, https:\/\/minibus.al\/wp-content\/uploads\/2025\/10\/Transfer-416_2268_0182-landscape-630x441-1-420x294.jpg 420w, https:\/\/minibus.al\/wp-content\/uploads\/2025\/10\/Transfer-416_2268_0182-landscape-630x441-1-315x221.jpg 315w\" sizes=\"(max-width: 630px) 100vw, 630px\" title=\"\">\t\t\t\t\t\t\t\t<\/a>\n\t\t\t\t\t\t\t\t\t\t\t\t\t\t\t<\/div>\n\t\t\t\t<div class=\"elementor-element elementor-element-7103e44 elementor-widget__width-initial elementor-widget elementor-widget-heading\" data-id=\"7103e44\" data-element_type=\"widget\" data-e-type=\"widget\" data-widget_type=\"heading.default\">\n\t\t\t\t\t<h3 class=\"elementor-heading-title elementor-size-default\"><a href=\"#\">Private transfers from the airport<\/a><\/h3>\t\t\t\t<\/div>\n\t\t\t\t<\/div>\n\t\t<div class=\"elementor-element elementor-element-ee1ad98 e-con-full e-flex e-con e-child\" data-id=\"ee1ad98\" data-element_type=\"container\" data-e-type=\"container\">\n\t\t\t\t<div class=\"elementor-element elementor-element-5b8e7c3 elementor-widget__width-initial elementor-widget elementor-widget-image\" data-id=\"5b8e7c3\" data-element_type=\"widget\" data-e-type=\"widget\" data-widget_type=\"image.default\">\n\t\t\t\t\t\t\t\t\t\t\t\t\t\t\t\t<a href=\"#\">\n\t\t\t\t\t\t\t<img decoding=\"async\" width=\"800\" height=\"560\" src=\"https:\/\/minibus.al\/wp-content\/uploads\/2024\/01\/Crop800x600-landscape.jpeg\" class=\"attachment-full size-full wp-image-988653\" alt=\"\" srcset=\"https:\/\/minibus.al\/wp-content\/uploads\/2024\/01\/Crop800x600-landscape.jpeg 800w, https:\/\/minibus.al\/wp-content\/uploads\/2024\/01\/Crop800x600-landscape-600x420.jpeg 600w, https:\/\/minibus.al\/wp-content\/uploads\/2024\/01\/Crop800x600-landscape-300x210.jpeg 300w, https:\/\/minibus.al\/wp-content\/uploads\/2024\/01\/Crop800x600-landscape-768x538.jpeg 768w, https:\/\/minibus.al\/wp-content\/uploads\/2024\/01\/Crop800x600-landscape-630x441.jpeg 630w, https:\/\/minibus.al\/wp-content\/uploads\/2024\/01\/Crop800x600-landscape-420x294.jpeg 420w, https:\/\/minibus.al\/wp-content\/uploads\/2024\/01\/Crop800x600-landscape-315x221.jpeg 315w\" sizes=\"(max-width: 800px) 100vw, 800px\" title=\"\">\t\t\t\t\t\t\t\t<\/a>\n\t\t\t\t\t\t\t\t\t\t\t\t\t\t\t<\/div>\n\t\t\t\t<div class=\"elementor-element elementor-element-6a7fc3f elementor-widget__width-initial elementor-widget elementor-widget-heading\" data-id=\"6a7fc3f\" data-element_type=\"widget\" data-e-type=\"widget\" data-widget_type=\"heading.default\">\n\t\t\t\t\t<h3 class=\"elementor-heading-title elementor-size-default\"><a href=\"#\">Transfer with private driver<\/a><\/h3>\t\t\t\t<\/div>\n\t\t\t\t<\/div>\n\t\t\t\t<\/div>\n\t\t\t\t\t<\/div>\n\t\t\t\t<\/div>\n\t\t\t\t<\/div>","protected":false},"excerpt":{"rendered":"<p>Kushtet dhe rregullat e p\u00ebrdorimit Kushtet dhe rregullat e p\u00ebrdorimit \u2013 Lexoni termat q\u00eb p\u00ebrcaktojn\u00eb p\u00ebrdorimin e sh\u00ebrbimit ton\u00eb, t\u00eb drejtat dhe detyrimet e p\u00ebrdoruesve, si dhe politikat kryesore p\u00ebr nj\u00eb eksperienc\u00eb t\u00eb sigurt dhe transparente. T\u00eb gjitha rezervimet me Minibus.al i n\u00ebnshtrohen k\u00ebtyre Kushteve dhe Afateve. Nj\u00eb rezervim konsiderohet i konfirmuar dhe i vlefsh\u00ebm [&hellip;]<\/p>\n","protected":false},"author":1,"featured_media":0,"parent":0,"menu_order":0,"comment_status":"closed","ping_status":"closed","template":"","meta":{"footnotes":""},"class_list":["post-988417","page","type-page","status-publish","hentry"],"_links":{"self":[{"href":"https:\/\/minibus.al\/en\/wp-json\/wp\/v2\/pages\/988417","targetHints":{"allow":["GET"]}}],"collection":[{"href":"https:\/\/minibus.al\/en\/wp-json\/wp\/v2\/pages"}],"about":[{"href":"https:\/\/minibus.al\/en\/wp-json\/wp\/v2\/types\/page"}],"author":[{"embeddable":true,"href":"https:\/\/minibus.al\/en\/wp-json\/wp\/v2\/users\/1"}],"replies":[{"embeddable":true,"href":"https:\/\/minibus.al\/en\/wp-json\/wp\/v2\/comments?post=988417"}],"version-history":[{"count":8,"href":"https:\/\/minibus.al\/en\/wp-json\/wp\/v2\/pages\/988417\/revisions"}],"predecessor-version":[{"id":989484,"href":"https:\/\/minibus.al\/en\/wp-json\/wp\/v2\/pages\/988417\/revisions\/989484"}],"wp:attachment":[{"href":"https:\/\/minibus.al\/en\/wp-json\/wp\/v2\/media?parent=988417"}],"curies":[{"name":"wp","href":"https:\/\/api.w.org\/{rel}","templated":true}]}}