{"id":989399,"date":"2026-04-02T20:20:54","date_gmt":"2026-04-02T20:20:54","guid":{"rendered":"https:\/\/minibus.al\/?page_id=989399"},"modified":"2026-04-08T19:49:01","modified_gmt":"2026-04-08T19:49:01","slug":"%ce%bc%ce%b5%cf%84%ce%b1%cf%86%ce%bf%cf%81%ce%ad%cf%82-%ce%b1%cf%80%cf%8c-%cf%84%ce%bf-%ce%b1%ce%b5%cf%81%ce%bf%ce%b4%cf%81%cf%8c%ce%bc%ce%b9%ce%bf-%cf%84%ce%b9%cf%81%ce%ac%ce%bd%ce%b1-tia","status":"publish","type":"page","link":"https:\/\/minibus.al\/el\/transferta-nga-aeroporti-i-tiranes-tia\/","title":{"rendered":"\u039c\u03b5\u03c4\u03b1\u03c6\u03bf\u03c1\u03ad\u03c2 \u03bc\u03b5 \u03bc\u03af\u03bd\u03b9 \u03bb\u03b5\u03c9\u03c6\u03bf\u03c1\u03b5\u03af\u03bf \u03b1\u03c0\u03cc \u03c4\u03bf \u03b1\u03b5\u03c1\u03bf\u03b4\u03c1\u03cc\u03bc\u03b9\u03bf \u03c4\u03c9\u03bd \u03a4\u03b9\u03c1\u03ac\u03bd\u03c9\u03bd (TIA)"},"content":{"rendered":"<div data-elementor-type=\"wp-page\" data-elementor-id=\"989399\" class=\"elementor elementor-989399\">\n\t\t\t\t<div class=\"elementor-element elementor-element-d2a2d9f e-flex e-con-boxed e-con e-parent\" data-id=\"d2a2d9f\" data-element_type=\"container\" data-e-type=\"container\" data-settings=\"{&quot;background_background&quot;:&quot;classic&quot;}\">\n\t\t\t\t\t<div class=\"e-con-inner\">\n\t\t<div class=\"elementor-element elementor-element-4a2d7e0 e-con-full e-flex e-con e-child\" data-id=\"4a2d7e0\" data-element_type=\"container\" data-e-type=\"container\">\n\t\t\t\t<div class=\"elementor-element elementor-element-2fd6357 elementor-widget elementor-widget-heading\" data-id=\"2fd6357\" data-element_type=\"widget\" data-e-type=\"widget\" data-widget_type=\"heading.default\">\n\t\t\t\t\t<h1 class=\"elementor-heading-title elementor-size-default\">\u039c\u03b5\u03c4\u03b1\u03c6\u03bf\u03c1\u03ad\u03c2 \u03bc\u03b5 \u03bc\u03af\u03bd\u03b9 \u03bb\u03b5\u03c9\u03c6\u03bf\u03c1\u03b5\u03af\u03bf \u03b1\u03c0\u03cc \u03c4\u03bf \u03b1\u03b5\u03c1\u03bf\u03b4\u03c1\u03cc\u03bc\u03b9\u03bf \u03c4\u03c9\u03bd \u03a4\u03b9\u03c1\u03ac\u03bd\u03c9\u03bd (TIA)<\/h1>\t\t\t\t<\/div>\n\t\t\t\t<div class=\"elementor-element elementor-element-99da440 elementor-widget elementor-widget-text-editor\" data-id=\"99da440\" data-element_type=\"widget\" data-e-type=\"widget\" data-widget_type=\"text-editor.default\">\n\t\t\t\t\t\t\t\t\t<p>\u039c\u03b5\u03c4\u03b1\u03c6\u03bf\u03c1\u03ad\u03c2 \u03bc\u03b5 \u03bc\u03af\u03bd\u03b9 \u03bb\u03b5\u03c9\u03c6\u03bf\u03c1\u03b5\u03af\u03bf \u03b1\u03c0\u03cc \u03c4\u03bf \u03b1\u03b5\u03c1\u03bf\u03b4\u03c1\u03cc\u03bc\u03b9\u03bf \u03c4\u03c9\u03bd \u03a4\u03b9\u03c1\u03ac\u03bd\u03c9\u03bd (TIA) \u2013 \u03b1\u03c3\u03c6\u03b1\u03bb\u03ae\u03c2, \u03ac\u03bd\u03b5\u03c4\u03b7 \u03ba\u03b1\u03b9 \u03ad\u03b3\u03ba\u03b1\u03b9\u03c1\u03b7 \u03b5\u03be\u03c5\u03c0\u03b7\u03c1\u03ad\u03c4\u03b7\u03c3\u03b7 \u03b3\u03b9\u03b1 \u03bf\u03bc\u03ac\u03b4\u03b5\u03c2. \u039a\u03bb\u03b5\u03af\u03c3\u03c4\u03b5 \u03b5\u03cd\u03ba\u03bf\u03bb\u03b1 \u03b5\u03c0\u03b1\u03b3\u03b3\u03b5\u03bb\u03bc\u03b1\u03c4\u03b9\u03ba\u03ae \u03bc\u03b5\u03c4\u03b1\u03c6\u03bf\u03c1\u03ac \u03c3\u03b5 \u03b1\u03bd\u03c4\u03b1\u03b3\u03c9\u03bd\u03b9\u03c3\u03c4\u03b9\u03ba\u03ad\u03c2 \u03c4\u03b9\u03bc\u03ad\u03c2.<\/p>\t\t\t\t\t\t\t\t<\/div>\n\t\t\t\t<\/div>\n\t\t\t\t\t<\/div>\n\t\t\t\t<\/div>\n\t\t<div class=\"elementor-element elementor-element-8e8fcaa e-flex e-con-boxed e-con e-parent\" data-id=\"8e8fcaa\" data-element_type=\"container\" data-e-type=\"container\" data-settings=\"{&quot;background_background&quot;:&quot;classic&quot;}\">\n\t\t\t\t\t<div class=\"e-con-inner\">\n\t\t<div class=\"elementor-element elementor-element-3278585 e-con-full e-flex e-con e-child\" data-id=\"3278585\" data-element_type=\"container\" data-e-type=\"container\">\n\t\t\t\t<div class=\"elementor-element elementor-element-a91c24d elementor-widget elementor-widget-text-editor\" data-id=\"a91c24d\" data-element_type=\"widget\" data-e-type=\"widget\" data-widget_type=\"text-editor.default\">\n\t\t\t\t\t\t\t\t\t<p>\u0397 \u03c5\u03c0\u03b7\u03c1\u03b5\u03c3\u03af\u03b1 \u03bc\u03b5\u03c4\u03b1\u03c6\u03bf\u03c1\u03ac\u03c2 \u03bc\u03b5 \u03bc\u03af\u03bd\u03b9 \u03bb\u03b5\u03c9\u03c6\u03bf\u03c1\u03b5\u03af\u03bf \u03b1\u03c0\u03cc \u03c4\u03bf \u0394\u03b9\u03b5\u03b8\u03bd\u03ad\u03c2 \u0391\u03b5\u03c1\u03bf\u03b4\u03c1\u03cc\u03bc\u03b9\u03bf \u03a4\u03b9\u03c1\u03ac\u03bd\u03c9\u03bd \u039c\u03b7\u03c4\u03ad\u03c1\u03b1 \u03a4\u03b5\u03c1\u03ad\u03b6\u03b1 \u03b1\u03bd\u03c4\u03b9\u03c0\u03c1\u03bf\u03c3\u03c9\u03c0\u03b5\u03cd\u03b5\u03b9 \u03bc\u03b9\u03b1 \u03c3\u03cd\u03b3\u03c7\u03c1\u03bf\u03bd\u03b7 \u03ba\u03b1\u03b9 \u03b1\u03c0\u03bf\u03c4\u03b5\u03bb\u03b5\u03c3\u03bc\u03b1\u03c4\u03b9\u03ba\u03ae \u03bb\u03cd\u03c3\u03b7 \u03b3\u03b9\u03b1 \u03bf\u03c1\u03b3\u03b1\u03bd\u03c9\u03bc\u03ad\u03bd\u03b5\u03c2 \u03bf\u03bc\u03b1\u03b4\u03b9\u03ba\u03ad\u03c2 \u03bc\u03b5\u03c4\u03b1\u03c6\u03bf\u03c1\u03ad\u03c2, \u03c3\u03c5\u03bd\u03b4\u03c5\u03ac\u03b6\u03bf\u03bd\u03c4\u03b1\u03c2 \u03ac\u03bd\u03b5\u03c3\u03b7, \u03b1\u03c3\u03c6\u03ac\u03bb\u03b5\u03b9\u03b1 \u03ba\u03b1\u03b9 \u03b1\u03ba\u03c1\u03af\u03b2\u03b5\u03b9\u03b1 \u03c3\u03b5 \u03ba\u03ac\u03b8\u03b5 \u03bb\u03b5\u03c0\u03c4\u03bf\u03bc\u03ad\u03c1\u03b5\u03b9\u03b1 \u03c4\u03bf\u03c5 \u03c4\u03b1\u03be\u03b9\u03b4\u03b9\u03bf\u03cd. \u03a3\u03c7\u03b5\u03b4\u03b9\u03b1\u03c3\u03bc\u03ad\u03bd\u03b7 \u03b3\u03b9\u03b1 \u03bd\u03b1 \u03ba\u03b1\u03bb\u03cd\u03c8\u03b5\u03b9 \u03c4\u03b9\u03c2 \u03b1\u03bd\u03ac\u03b3\u03ba\u03b5\u03c2 \u03c4\u03c9\u03bd \u03b5\u03b3\u03c7\u03ce\u03c1\u03b9\u03c9\u03bd \u03ba\u03b1\u03b9 \u03b4\u03b9\u03b5\u03b8\u03bd\u03ce\u03bd \u03c4\u03b1\u03be\u03b9\u03b4\u03b9\u03c9\u03c4\u03ce\u03bd, \u03b1\u03c5\u03c4\u03ae \u03b7 \u03c5\u03c0\u03b7\u03c1\u03b5\u03c3\u03af\u03b1 \u03b5\u03b3\u03b3\u03c5\u03ac\u03c4\u03b1\u03b9 \u03bc\u03b9\u03b1 \u03bf\u03bc\u03b1\u03bb\u03ae \u03b5\u03bc\u03c0\u03b5\u03b9\u03c1\u03af\u03b1 \u03b1\u03c0\u03cc \u03c4\u03b7 \u03c3\u03c4\u03b9\u03b3\u03bc\u03ae \u03c4\u03b7\u03c2 \u03ac\u03c6\u03b9\u03be\u03b7\u03c2 \u03c3\u03c4\u03bf \u03b1\u03b5\u03c1\u03bf\u03b4\u03c1\u03cc\u03bc\u03b9\u03bf \u03bc\u03ad\u03c7\u03c1\u03b9 \u03c4\u03bf\u03bd \u03c4\u03b5\u03bb\u03b9\u03ba\u03cc \u03c0\u03c1\u03bf\u03bf\u03c1\u03b9\u03c3\u03bc\u03cc.<\/p><p>\u039f\u03b9 \u03bc\u03b5\u03c4\u03b1\u03c6\u03bf\u03c1\u03ad\u03c2 \u03bc\u03b5 \u03bc\u03af\u03bd\u03b9 \u03bb\u03b5\u03c9\u03c6\u03bf\u03c1\u03b5\u03af\u03bf \u03b5\u03af\u03bd\u03b1\u03b9 \u03b9\u03b4\u03b9\u03b1\u03af\u03c4\u03b5\u03c1\u03b1 \u03ba\u03b1\u03c4\u03ac\u03bb\u03bb\u03b7\u03bb\u03b5\u03c2 \u03b3\u03b9\u03b1 \u03c4\u03bf\u03c5\u03c1\u03b9\u03c3\u03c4\u03b9\u03ba\u03ad\u03c2 \u03bf\u03bc\u03ac\u03b4\u03b5\u03c2, \u03bf\u03b9\u03ba\u03bf\u03b3\u03ad\u03bd\u03b5\u03b9\u03b5\u03c2, \u03b5\u03c0\u03b1\u03b3\u03b3\u03b5\u03bb\u03bc\u03b1\u03c4\u03b9\u03ba\u03ad\u03c2 \u03b1\u03c0\u03bf\u03c3\u03c4\u03bf\u03bb\u03ad\u03c2 \u03ae \u03bf\u03c1\u03b3\u03b1\u03bd\u03c9\u03bc\u03ad\u03bd\u03b5\u03c2 \u03b5\u03ba\u03b4\u03b7\u03bb\u03ce\u03c3\u03b5\u03b9\u03c2, \u03c0\u03c1\u03bf\u03c3\u03c6\u03ad\u03c1\u03bf\u03bd\u03c4\u03b1\u03c2 \u03b5\u03c5\u03b5\u03bb\u03b9\u03be\u03af\u03b1 \u03ba\u03b1\u03b9 \u03b1\u03c0\u03bf\u03c4\u03b5\u03bb\u03b5\u03c3\u03bc\u03b1\u03c4\u03b9\u03ba\u03cc\u03c4\u03b7\u03c4\u03b1 \u03c3\u03c4\u03b7 \u03b4\u03b9\u03b1\u03c7\u03b5\u03af\u03c1\u03b9\u03c3\u03b7 \u03c4\u03c9\u03bd \u03bc\u03b5\u03c4\u03b1\u03ba\u03b9\u03bd\u03ae\u03c3\u03b5\u03c9\u03bd. \u039c\u03b5 \u03ad\u03bd\u03b1\u03bd \u03c3\u03c4\u03cc\u03bb\u03bf \u03bf\u03c7\u03b7\u03bc\u03ac\u03c4\u03c9\u03bd \u03c0\u03bf\u03c5 \u03c3\u03c5\u03bd\u03c4\u03b7\u03c1\u03bf\u03cd\u03bd\u03c4\u03b1\u03b9 \u03c4\u03b1\u03ba\u03c4\u03b9\u03ba\u03ac \u03ba\u03b1\u03b9 \u03b5\u03af\u03bd\u03b1\u03b9 \u03b5\u03be\u03bf\u03c0\u03bb\u03b9\u03c3\u03bc\u03ad\u03bd\u03bf\u03b9 \u03bc\u03b5 \u03c3\u03cd\u03b3\u03c7\u03c1\u03bf\u03bd\u03b1 \u03c0\u03c1\u03cc\u03c4\u03c5\u03c0\u03b1, \u03ba\u03ac\u03b8\u03b5 \u03c4\u03b1\u03be\u03af\u03b4\u03b9 \u03c0\u03c1\u03b1\u03b3\u03bc\u03b1\u03c4\u03bf\u03c0\u03bf\u03b9\u03b5\u03af\u03c4\u03b1\u03b9 \u03c3\u03b5 \u03b2\u03ad\u03bb\u03c4\u03b9\u03c3\u03c4\u03b5\u03c2 \u03c3\u03c5\u03bd\u03b8\u03ae\u03ba\u03b5\u03c2 \u03ac\u03bd\u03b5\u03c3\u03b7\u03c2, \u03b5\u03bd\u03ce \u03bf \u03ac\u03c6\u03b8\u03bf\u03bd\u03bf\u03c2 \u03c7\u03ce\u03c1\u03bf\u03c2 \u03b5\u03be\u03b1\u03c3\u03c6\u03b1\u03bb\u03af\u03b6\u03b5\u03b9 \u03bc\u03ad\u03b3\u03b9\u03c3\u03c4\u03b7 \u03ac\u03bd\u03b5\u03c3\u03b7 \u03b3\u03b9\u03b1 \u03c4\u03bf\u03c5\u03c2 \u03b5\u03c0\u03b9\u03b2\u03ac\u03c4\u03b5\u03c2 \u03ba\u03b1\u03b9 \u03c4\u03b9\u03c2 \u03b1\u03c0\u03bf\u03c3\u03ba\u03b5\u03c5\u03ad\u03c2 \u03c4\u03bf\u03c5\u03c2.<\/p><p>\u0388\u03bd\u03b1 \u03b1\u03c0\u03cc \u03c4\u03b1 \u03ba\u03cd\u03c1\u03b9\u03b1 \u03c3\u03c4\u03bf\u03b9\u03c7\u03b5\u03af\u03b1 \u03c0\u03bf\u03c5 \u03b4\u03b9\u03b1\u03ba\u03c1\u03af\u03bd\u03b5\u03b9 \u03b1\u03c5\u03c4\u03ae\u03bd \u03c4\u03b7\u03bd \u03c5\u03c0\u03b7\u03c1\u03b5\u03c3\u03af\u03b1 \u03b5\u03af\u03bd\u03b1\u03b9 \u03bf \u03b5\u03c0\u03b1\u03b3\u03b3\u03b5\u03bb\u03bc\u03b1\u03c4\u03b9\u03c3\u03bc\u03cc\u03c2 \u03c4\u03bf\u03c5 \u03c0\u03c1\u03bf\u03c3\u03c9\u03c0\u03b9\u03ba\u03bf\u03cd. \u039f\u03b9 \u03bf\u03b4\u03b7\u03b3\u03bf\u03af \u03b5\u03af\u03bd\u03b1\u03b9 \u03b5\u03ba\u03c0\u03b1\u03b9\u03b4\u03b5\u03c5\u03bc\u03ad\u03bd\u03bf\u03b9, \u03ad\u03bc\u03c0\u03b5\u03b9\u03c1\u03bf\u03b9 \u03c3\u03c4\u03b7 \u03bc\u03b5\u03c4\u03b1\u03c6\u03bf\u03c1\u03ac \u03b5\u03c0\u03b9\u03b2\u03b1\u03c4\u03ce\u03bd \u03ba\u03b1\u03b9 \u03ad\u03c7\u03bf\u03c5\u03bd \u03b5\u03b9\u03c2 \u03b2\u03ac\u03b8\u03bf\u03c2 \u03b3\u03bd\u03ce\u03c3\u03b7 \u03c4\u03c9\u03bd \u03ba\u03cd\u03c1\u03b9\u03c9\u03bd \u03b4\u03b9\u03b1\u03b4\u03c1\u03bf\u03bc\u03ce\u03bd \u03c3\u03c4\u03b7\u03bd \u0391\u03bb\u03b2\u03b1\u03bd\u03af\u03b1. \u03a0\u03c1\u03bf\u03c3\u03c6\u03ad\u03c1\u03bf\u03c5\u03bd \u03cc\u03c7\u03b9 \u03bc\u03cc\u03bd\u03bf \u03b1\u03c3\u03c6\u03b1\u03bb\u03ae \u03bf\u03b4\u03ae\u03b3\u03b7\u03c3\u03b7, \u03b1\u03bb\u03bb\u03ac \u03ba\u03b1\u03b9 \u03c3\u03c5\u03bd\u03b5\u03c7\u03ae \u03b2\u03bf\u03ae\u03b8\u03b5\u03b9\u03b1 \u03b3\u03b9\u03b1 \u03bf\u03c0\u03bf\u03b9\u03b1\u03b4\u03ae\u03c0\u03bf\u03c4\u03b5 \u03b1\u03bd\u03ac\u03b3\u03ba\u03b7 \u03c3\u03c4\u03b7\u03bd \u03c0\u03bf\u03c1\u03b5\u03af\u03b1, \u03b5\u03b3\u03b3\u03c5\u03ce\u03bc\u03b5\u03bd\u03bf\u03b9 \u03bc\u03b9\u03b1 \u03b1\u03be\u03b9\u03cc\u03c0\u03b9\u03c3\u03c4\u03b7 \u03ba\u03b1\u03b9 \u03bf\u03c1\u03b3\u03b1\u03bd\u03c9\u03bc\u03ad\u03bd\u03b7 \u03b5\u03bc\u03c0\u03b5\u03b9\u03c1\u03af\u03b1 \u03c3\u03b5 \u03ba\u03ac\u03b8\u03b5 \u03b2\u03ae\u03bc\u03b1.<\/p><p>\u0395\u03c0\u03b9\u03c0\u03bb\u03ad\u03bf\u03bd, \u03b7 \u03c5\u03c0\u03b7\u03c1\u03b5\u03c3\u03af\u03b1 \u03bc\u03b5\u03c4\u03b1\u03c6\u03bf\u03c1\u03ac\u03c2 \u03b1\u03c0\u03cc \u03ba\u03b1\u03b9 \u03c0\u03c1\u03bf\u03c2 \u03c4\u03bf \u03b1\u03b5\u03c1\u03bf\u03b4\u03c1\u03cc\u03bc\u03b9\u03bf \u03b2\u03b1\u03c3\u03af\u03b6\u03b5\u03c4\u03b1\u03b9 \u03c3\u03c4\u03b7\u03bd \u03b1\u03c1\u03c7\u03ae \u03c4\u03b7\u03c2 \u03b4\u03b9\u03b1\u03c6\u03ac\u03bd\u03b5\u03b9\u03b1\u03c2 \u03ba\u03b1\u03b9 \u03c4\u03bf\u03c5 \u03b1\u03ba\u03c1\u03b9\u03b2\u03bf\u03cd\u03c2 \u03c0\u03c1\u03bf\u03b3\u03c1\u03b1\u03bc\u03bc\u03b1\u03c4\u03b9\u03c3\u03bc\u03bf\u03cd. \u0397 \u03c4\u03b9\u03bc\u03ae \u03c0\u03b5\u03c1\u03b9\u03bb\u03b1\u03bc\u03b2\u03ac\u03bd\u03b5\u03b9 \u03cc\u03bb\u03b1 \u03c4\u03b1 \u03bb\u03b5\u03b9\u03c4\u03bf\u03c5\u03c1\u03b3\u03b9\u03ba\u03ac \u03ad\u03be\u03bf\u03b4\u03b1, \u03cc\u03c0\u03c9\u03c2 \u03c4\u03b1 \u03ba\u03b1\u03cd\u03c3\u03b9\u03bc\u03b1, \u03c4\u03b7\u03bd \u03b1\u03bc\u03bf\u03b9\u03b2\u03ae \u03c4\u03bf\u03c5 \u03bf\u03b4\u03b7\u03b3\u03bf\u03cd \u03ba\u03b1\u03b9 \u03c4\u03b1 \u03b4\u03b9\u03cc\u03b4\u03b9\u03b1, \u03b1\u03c0\u03bf\u03c6\u03b5\u03cd\u03b3\u03bf\u03bd\u03c4\u03b1\u03c2 \u03ad\u03c4\u03c3\u03b9 \u03c4\u03c5\u03c7\u03cc\u03bd \u03b1\u03bd\u03b5\u03c0\u03b9\u03b8\u03cd\u03bc\u03b7\u03c4\u03b5\u03c2 \u03b5\u03ba\u03c0\u03bb\u03ae\u03be\u03b5\u03b9\u03c2 \u03ba\u03b1\u03b9 \u03b5\u03be\u03b1\u03c3\u03c6\u03b1\u03bb\u03af\u03b6\u03bf\u03bd\u03c4\u03b1\u03c2 \u03c0\u03bb\u03ae\u03c1\u03b7 \u03c3\u03b1\u03c6\u03ae\u03bd\u03b5\u03b9\u03b1 \u03b3\u03b9\u03b1 \u03c4\u03bf\u03bd \u03c0\u03b5\u03bb\u03ac\u03c4\u03b7.<\/p>\t\t\t\t\t\t\t\t<\/div>\n\t\t\t\t<div class=\"elementor-element elementor-element-548f5b6 elementor-widget elementor-widget-heading\" data-id=\"548f5b6\" data-element_type=\"widget\" data-e-type=\"widget\" data-widget_type=\"heading.default\">\n\t\t\t\t\t<h3 class=\"elementor-heading-title elementor-size-default\">\u0393\u03b9\u03b1\u03c4\u03af \u03bd\u03b1 \u03b5\u03c0\u03b9\u03bb\u03ad\u03be\u03b5\u03c4\u03b5 \u03c4\u03bf minibus.al;<\/h3>\t\t\t\t<\/div>\n\t\t\t\t<div class=\"elementor-element elementor-element-0ec8830 elementor-view-stacked elementor-position-inline-start elementor-mobile-position-inline-start elementor-shape-circle elementor-widget elementor-widget-icon-box\" data-id=\"0ec8830\" data-element_type=\"widget\" data-e-type=\"widget\" data-widget_type=\"icon-box.default\">\n\t\t\t\t\t\t\t<div class=\"elementor-icon-box-wrapper\">\n\n\t\t\t\t\t\t<div class=\"elementor-icon-box-icon\">\n\t\t\t\t<span  class=\"elementor-icon\">\n\t\t\t\t<svg aria-hidden=\"true\" class=\"e-font-icon-svg e-fas-check\" viewbox=\"0 0 512 512\" xmlns=\"http:\/\/www.w3.org\/2000\/svg\"><path d=\"M173.898 439.404l-166.4-166.4c-9.997-9.997-9.997-26.206 0-36.204l36.203-36.204c9.997-9.998 26.207-9.998 36.204 0L192 312.69 432.095 72.596c9.997-9.997 26.207-9.997 36.204 0l36.203 36.204c9.997 9.997 9.997 26.206 0 36.204l-294.4 294.401c-9.998 9.997-26.207 9.997-36.204-.001z\"><\/path><\/svg>\t\t\t\t<\/span>\n\t\t\t<\/div>\n\t\t\t\n\t\t\t\t\t\t<div class=\"elementor-icon-box-content\">\n\n\t\t\t\t\t\t\t\t\t<h3 class=\"elementor-icon-box-title\">\n\t\t\t\t\t\t<span  >\n\t\t\t\t\t\t\t\u0394\u03b9\u03b1\u03c6\u03b1\u03bd\u03b5\u03af\u03c2 \u03c4\u03b9\u03bc\u03ad\u03c2, \u03c7\u03c9\u03c1\u03af\u03c2 \u03ba\u03c1\u03c5\u03c6\u03ad\u03c2 \u03c7\u03c1\u03b5\u03ce\u03c3\u03b5\u03b9\u03c2 \u03ae \u03c5\u03c8\u03b7\u03bb\u03ad\u03c2 \u03c4\u03b9\u03bc\u03ad\u03c2.\t\t\t\t\t\t<\/span>\n\t\t\t\t\t<\/h3>\n\t\t\t\t\n\t\t\t\t\n\t\t\t<\/div>\n\t\t\t\n\t\t<\/div>\n\t\t\t\t\t\t<\/div>\n\t\t\t\t<div class=\"elementor-element elementor-element-946d278 elementor-view-stacked elementor-position-inline-start elementor-mobile-position-inline-start elementor-shape-circle elementor-widget elementor-widget-icon-box\" data-id=\"946d278\" data-element_type=\"widget\" data-e-type=\"widget\" data-widget_type=\"icon-box.default\">\n\t\t\t\t\t\t\t<div class=\"elementor-icon-box-wrapper\">\n\n\t\t\t\t\t\t<div class=\"elementor-icon-box-icon\">\n\t\t\t\t<span  class=\"elementor-icon\">\n\t\t\t\t<svg aria-hidden=\"true\" class=\"e-font-icon-svg e-fas-check\" viewbox=\"0 0 512 512\" xmlns=\"http:\/\/www.w3.org\/2000\/svg\"><path d=\"M173.898 439.404l-166.4-166.4c-9.997-9.997-9.997-26.206 0-36.204l36.203-36.204c9.997-9.998 26.207-9.998 36.204 0L192 312.69 432.095 72.596c9.997-9.997 26.207-9.997 36.204 0l36.203 36.204c9.997 9.997 9.997 26.206 0 36.204l-294.4 294.401c-9.998 9.997-26.207 9.997-36.204-.001z\"><\/path><\/svg>\t\t\t\t<\/span>\n\t\t\t<\/div>\n\t\t\t\n\t\t\t\t\t\t<div class=\"elementor-icon-box-content\">\n\n\t\t\t\t\t\t\t\t\t<h3 class=\"elementor-icon-box-title\">\n\t\t\t\t\t\t<span  >\n\t\t\t\t\t\t\t\u0395\u03c0\u03b1\u03b3\u03b3\u03b5\u03bb\u03bc\u03b1\u03c4\u03b9\u03ba\u03ac \u03b5\u03ba\u03c0\u03b1\u03b9\u03b4\u03b5\u03c5\u03bc\u03ad\u03bd\u03bf\u03b9 \u03bf\u03b4\u03b7\u03b3\u03bf\u03af, \u03bc\u03b5 \u03b3\u03bd\u03ce\u03c3\u03b7 \u03ba\u03b1\u03b9 \u03b1\u03c3\u03c6\u03ac\u03bb\u03b5\u03b9\u03b1.\t\t\t\t\t\t<\/span>\n\t\t\t\t\t<\/h3>\n\t\t\t\t\n\t\t\t\t\n\t\t\t<\/div>\n\t\t\t\n\t\t<\/div>\n\t\t\t\t\t\t<\/div>\n\t\t\t\t<div class=\"elementor-element elementor-element-eb78e8d elementor-view-stacked elementor-position-inline-start elementor-mobile-position-inline-start elementor-shape-circle elementor-widget elementor-widget-icon-box\" data-id=\"eb78e8d\" data-element_type=\"widget\" data-e-type=\"widget\" data-widget_type=\"icon-box.default\">\n\t\t\t\t\t\t\t<div class=\"elementor-icon-box-wrapper\">\n\n\t\t\t\t\t\t<div class=\"elementor-icon-box-icon\">\n\t\t\t\t<span  class=\"elementor-icon\">\n\t\t\t\t<svg aria-hidden=\"true\" class=\"e-font-icon-svg e-fas-check\" viewbox=\"0 0 512 512\" xmlns=\"http:\/\/www.w3.org\/2000\/svg\"><path d=\"M173.898 439.404l-166.4-166.4c-9.997-9.997-9.997-26.206 0-36.204l36.203-36.204c9.997-9.998 26.207-9.998 36.204 0L192 312.69 432.095 72.596c9.997-9.997 26.207-9.997 36.204 0l36.203 36.204c9.997 9.997 9.997 26.206 0 36.204l-294.4 294.401c-9.998 9.997-26.207 9.997-36.204-.001z\"><\/path><\/svg>\t\t\t\t<\/span>\n\t\t\t<\/div>\n\t\t\t\n\t\t\t\t\t\t<div class=\"elementor-icon-box-content\">\n\n\t\t\t\t\t\t\t\t\t<h3 class=\"elementor-icon-box-title\">\n\t\t\t\t\t\t<span  >\n\t\t\t\t\t\t\t\u0395\u03cd\u03ba\u03bf\u03bb\u03b7 \u03ba\u03b1\u03b9 \u03b1\u03c3\u03c6\u03b1\u03bb\u03ae\u03c2 online \u03ba\u03c1\u03ac\u03c4\u03b7\u03c3\u03b7, \u03b4\u03b9\u03b1\u03b8\u03ad\u03c3\u03b9\u03bc\u03b7 24\/7.\t\t\t\t\t\t<\/span>\n\t\t\t\t\t<\/h3>\n\t\t\t\t\n\t\t\t\t\n\t\t\t<\/div>\n\t\t\t\n\t\t<\/div>\n\t\t\t\t\t\t<\/div>\n\t\t\t\t<div class=\"elementor-element elementor-element-843de5d elementor-widget elementor-widget-image\" data-id=\"843de5d\" data-element_type=\"widget\" data-e-type=\"widget\" data-widget_type=\"image.default\">\n\t\t\t\t\t\t\t\t\t\t\t\t\t\t\t<img fetchpriority=\"high\" decoding=\"async\" width=\"800\" height=\"560\" src=\"https:\/\/minibus.al\/wp-content\/uploads\/2024\/01\/01-landscape.jpg\" class=\"attachment-large size-large wp-image-988652\" alt=\"\" srcset=\"https:\/\/minibus.al\/wp-content\/uploads\/2024\/01\/01-landscape.jpg 893w, https:\/\/minibus.al\/wp-content\/uploads\/2024\/01\/01-landscape-600x420.jpg 600w, https:\/\/minibus.al\/wp-content\/uploads\/2024\/01\/01-landscape-300x210.jpg 300w, https:\/\/minibus.al\/wp-content\/uploads\/2024\/01\/01-landscape-768x538.jpg 768w, https:\/\/minibus.al\/wp-content\/uploads\/2024\/01\/01-landscape-630x441.jpg 630w, https:\/\/minibus.al\/wp-content\/uploads\/2024\/01\/01-landscape-420x294.jpg 420w, https:\/\/minibus.al\/wp-content\/uploads\/2024\/01\/01-landscape-840x588.jpg 840w, https:\/\/minibus.al\/wp-content\/uploads\/2024\/01\/01-landscape-315x220.jpg 315w\" sizes=\"(max-width: 800px) 100vw, 800px\" title=\"\">\t\t\t\t\t\t\t\t\t\t\t\t\t\t\t<\/div>\n\t\t\t\t<div class=\"elementor-element elementor-element-1e367ce elementor-widget elementor-widget-heading\" data-id=\"1e367ce\" data-element_type=\"widget\" data-e-type=\"widget\" data-widget_type=\"heading.default\">\n\t\t\t\t\t<h3 class=\"elementor-heading-title elementor-size-default\">\u03a0\u03ce\u03c2 \u03bb\u03b5\u03b9\u03c4\u03bf\u03c5\u03c1\u03b3\u03b5\u03af;<\/h3>\t\t\t\t<\/div>\n\t\t\t\t<div class=\"elementor-element elementor-element-839d4cd elementor-widget elementor-widget-text-editor\" data-id=\"839d4cd\" data-element_type=\"widget\" data-e-type=\"widget\" data-widget_type=\"text-editor.default\">\n\t\t\t\t\t\t\t\t\t<p>\u039f\u03b9 \u03ba\u03c1\u03b1\u03c4\u03ae\u03c3\u03b5\u03b9\u03c2 \u03b3\u03af\u03bd\u03bf\u03bd\u03c4\u03b1\u03b9 \u03b5\u03cd\u03ba\u03bf\u03bb\u03b1 \u03ba\u03b1\u03b9 \u03b5\u03ba \u03c4\u03c9\u03bd \u03c0\u03c1\u03bf\u03c4\u03ad\u03c1\u03c9\u03bd, \u03b4\u03b9\u03b1\u03c3\u03c6\u03b1\u03bb\u03af\u03b6\u03bf\u03bd\u03c4\u03b1\u03c2 \u03cc\u03c4\u03b9 \u03ba\u03ac\u03b8\u03b5 \u03bb\u03b5\u03c0\u03c4\u03bf\u03bc\u03ad\u03c1\u03b5\u03b9\u03b1 \u03b5\u03c0\u03b9\u03b2\u03b5\u03b2\u03b1\u03b9\u03ce\u03bd\u03b5\u03c4\u03b1\u03b9 \u03c0\u03c1\u03b9\u03bd \u03b1\u03c0\u03cc \u03c4\u03b7\u03bd \u03b1\u03bd\u03b1\u03c7\u03ce\u03c1\u03b7\u03c3\u03b7 \u03c4\u03bf\u03c5 \u03c4\u03b1\u03be\u03b9\u03b4\u03b9\u03bf\u03cd.<\/p>\t\t\t\t\t\t\t\t<\/div>\n\t\t\t\t<\/div>\n\t\t<div class=\"elementor-element elementor-element-14e938a e-con-full e-flex e-con e-child\" data-id=\"14e938a\" data-element_type=\"container\" data-e-type=\"container\">\n\t\t<div class=\"elementor-element elementor-element-9fbad5a e-flex e-con-boxed e-con e-child\" data-id=\"9fbad5a\" data-element_type=\"container\" data-e-type=\"container\" data-settings=\"{&quot;background_background&quot;:&quot;classic&quot;}\">\n\t\t\t\t\t<div class=\"e-con-inner\">\n\t\t\t\t<div class=\"elementor-element elementor-element-4122ed1 elementor-widget__width-auto elementor-widget elementor-widget-heading\" data-id=\"4122ed1\" data-element_type=\"widget\" data-e-type=\"widget\" data-widget_type=\"heading.default\">\n\t\t\t\t\t<h3 class=\"elementor-heading-title elementor-size-default\">\u0388\u03ba\u03c0\u03c4\u03c9\u03c3\u03b7 10%<\/h3>\t\t\t\t<\/div>\n\t\t\t\t<div class=\"elementor-element elementor-element-63e7bd7 elementor-widget__width-auto elementor-widget elementor-widget-heading\" data-id=\"63e7bd7\" data-element_type=\"widget\" data-e-type=\"widget\" data-widget_type=\"heading.default\">\n\t\t\t\t\t<div class=\"elementor-heading-title elementor-size-default\">\u0388\u03ba\u03c0\u03c4\u03c9\u03c3\u03b7 \u03ad\u03c9\u03c2 10% \u03b3\u03b9\u03b1 \u03ba\u03ac\u03b8\u03b5 \u03ba\u03c1\u03ac\u03c4\u03b7\u03c3\u03b7 \u03ad\u03c9\u03c2 31 \u039c\u03b1\u0390\u03bf\u03c5.<\/div>\t\t\t\t<\/div>\n\t\t\t\t\t<\/div>\n\t\t\t\t<\/div>\n\t\t<div class=\"elementor-element elementor-element-8de9231 e-con-full e-flex e-con e-child\" data-id=\"8de9231\" data-element_type=\"container\" data-e-type=\"container\">\n\t\t\t\t<div class=\"elementor-element elementor-element-48258c4 elementor-widget__width-initial elementor-widget elementor-widget-image\" data-id=\"48258c4\" data-element_type=\"widget\" data-e-type=\"widget\" data-widget_type=\"image.default\">\n\t\t\t\t\t\t\t\t\t\t\t\t\t\t\t\t<a href=\"#\">\n\t\t\t\t\t\t\t<img decoding=\"async\" width=\"630\" height=\"441\" src=\"https:\/\/minibus.al\/wp-content\/uploads\/2025\/10\/Transfer-416_2268_0182-landscape-630x441-1.jpg\" class=\"attachment-full size-full wp-image-988709\" alt=\"\" srcset=\"https:\/\/minibus.al\/wp-content\/uploads\/2025\/10\/Transfer-416_2268_0182-landscape-630x441-1.jpg 630w, https:\/\/minibus.al\/wp-content\/uploads\/2025\/10\/Transfer-416_2268_0182-landscape-630x441-1-600x420.jpg 600w, https:\/\/minibus.al\/wp-content\/uploads\/2025\/10\/Transfer-416_2268_0182-landscape-630x441-1-300x210.jpg 300w, https:\/\/minibus.al\/wp-content\/uploads\/2025\/10\/Transfer-416_2268_0182-landscape-630x441-1-420x294.jpg 420w, https:\/\/minibus.al\/wp-content\/uploads\/2025\/10\/Transfer-416_2268_0182-landscape-630x441-1-315x221.jpg 315w\" sizes=\"(max-width: 630px) 100vw, 630px\" title=\"\">\t\t\t\t\t\t\t\t<\/a>\n\t\t\t\t\t\t\t\t\t\t\t\t\t\t\t<\/div>\n\t\t\t\t<div class=\"elementor-element elementor-element-3730970 elementor-widget__width-initial elementor-widget elementor-widget-heading\" data-id=\"3730970\" data-element_type=\"widget\" data-e-type=\"widget\" data-widget_type=\"heading.default\">\n\t\t\t\t\t<h3 class=\"elementor-heading-title elementor-size-default\"><a href=\"#\">\u0399\u03b4\u03b9\u03c9\u03c4\u03b9\u03ba\u03ad\u03c2 \u03bc\u03b5\u03c4\u03b1\u03c6\u03bf\u03c1\u03ad\u03c2 \u03b1\u03c0\u03cc \u03c4\u03bf \u03b1\u03b5\u03c1\u03bf\u03b4\u03c1\u03cc\u03bc\u03b9\u03bf<\/a><\/h3>\t\t\t\t<\/div>\n\t\t\t\t<\/div>\n\t\t<div class=\"elementor-element elementor-element-3d4b246 e-con-full e-flex e-con e-child\" data-id=\"3d4b246\" data-element_type=\"container\" data-e-type=\"container\">\n\t\t\t\t<div class=\"elementor-element elementor-element-4ba7087 elementor-widget__width-initial elementor-widget elementor-widget-image\" data-id=\"4ba7087\" data-element_type=\"widget\" data-e-type=\"widget\" data-widget_type=\"image.default\">\n\t\t\t\t\t\t\t\t\t\t\t\t\t\t\t\t<a href=\"#\">\n\t\t\t\t\t\t\t<img decoding=\"async\" width=\"800\" height=\"560\" src=\"https:\/\/minibus.al\/wp-content\/uploads\/2024\/01\/Crop800x600-landscape.jpeg\" class=\"attachment-full size-full wp-image-988653\" alt=\"\" srcset=\"https:\/\/minibus.al\/wp-content\/uploads\/2024\/01\/Crop800x600-landscape.jpeg 800w, https:\/\/minibus.al\/wp-content\/uploads\/2024\/01\/Crop800x600-landscape-600x420.jpeg 600w, https:\/\/minibus.al\/wp-content\/uploads\/2024\/01\/Crop800x600-landscape-300x210.jpeg 300w, https:\/\/minibus.al\/wp-content\/uploads\/2024\/01\/Crop800x600-landscape-768x538.jpeg 768w, https:\/\/minibus.al\/wp-content\/uploads\/2024\/01\/Crop800x600-landscape-630x441.jpeg 630w, https:\/\/minibus.al\/wp-content\/uploads\/2024\/01\/Crop800x600-landscape-420x294.jpeg 420w, https:\/\/minibus.al\/wp-content\/uploads\/2024\/01\/Crop800x600-landscape-315x221.jpeg 315w\" sizes=\"(max-width: 800px) 100vw, 800px\" title=\"\">\t\t\t\t\t\t\t\t<\/a>\n\t\t\t\t\t\t\t\t\t\t\t\t\t\t\t<\/div>\n\t\t\t\t<div class=\"elementor-element elementor-element-9b316ee elementor-widget__width-initial elementor-widget elementor-widget-heading\" data-id=\"9b316ee\" data-element_type=\"widget\" data-e-type=\"widget\" data-widget_type=\"heading.default\">\n\t\t\t\t\t<h3 class=\"elementor-heading-title elementor-size-default\"><a href=\"#\">\u039c\u03b5\u03c4\u03b1\u03c6\u03bf\u03c1\u03ac \u03bc\u03b5 \u03b9\u03b4\u03b9\u03c9\u03c4\u03b9\u03ba\u03cc \u03bf\u03b4\u03b7\u03b3\u03cc<\/a><\/h3>\t\t\t\t<\/div>\n\t\t\t\t<\/div>\n\t\t\t\t<\/div>\n\t\t\t\t\t<\/div>\n\t\t\t\t<\/div>\n\t\t\t\t<\/div>","protected":false},"excerpt":{"rendered":"<p>Transferta me Minibus nga Aeroporti i Tiran\u00ebs (TIA) Transferta me minibus nga Aeroporti i Tiran\u00ebs (TIA) \u2013 sh\u00ebrbim i sigurt, komod dhe n\u00eb koh\u00eb p\u00ebr grupe. Rezervoni leht\u00ebsisht transport profesional me \u00e7mime konkurruese. Sh\u00ebrbimi i transfertave me minibus nga Tirana International Airport N\u00ebn\u00eb Tereza p\u00ebrfaq\u00ebson nj\u00eb zgjidhje moderne dhe efikase p\u00ebr transportin e organizuar t\u00eb [&hellip;]<\/p>\n","protected":false},"author":1,"featured_media":989409,"parent":0,"menu_order":0,"comment_status":"closed","ping_status":"closed","template":"","meta":{"footnotes":""},"class_list":["post-989399","page","type-page","status-publish","has-post-thumbnail","hentry"],"_links":{"self":[{"href":"https:\/\/minibus.al\/el\/wp-json\/wp\/v2\/pages\/989399","targetHints":{"allow":["GET"]}}],"collection":[{"href":"https:\/\/minibus.al\/el\/wp-json\/wp\/v2\/pages"}],"about":[{"href":"https:\/\/minibus.al\/el\/wp-json\/wp\/v2\/types\/page"}],"author":[{"embeddable":true,"href":"https:\/\/minibus.al\/el\/wp-json\/wp\/v2\/users\/1"}],"replies":[{"embeddable":true,"href":"https:\/\/minibus.al\/el\/wp-json\/wp\/v2\/comments?post=989399"}],"version-history":[{"count":11,"href":"https:\/\/minibus.al\/el\/wp-json\/wp\/v2\/pages\/989399\/revisions"}],"predecessor-version":[{"id":989491,"href":"https:\/\/minibus.al\/el\/wp-json\/wp\/v2\/pages\/989399\/revisions\/989491"}],"wp:featuredmedia":[{"embeddable":true,"href":"https:\/\/minibus.al\/el\/wp-json\/wp\/v2\/media\/989409"}],"wp:attachment":[{"href":"https:\/\/minibus.al\/el\/wp-json\/wp\/v2\/media?parent=989399"}],"curies":[{"name":"wp","href":"https:\/\/api.w.org\/{rel}","templated":true}]}}