{"id":989022,"date":"2025-12-16T08:07:03","date_gmt":"2025-12-16T08:07:03","guid":{"rendered":"https:\/\/minibus.al\/?page_id=989022"},"modified":"2025-12-16T08:13:25","modified_gmt":"2025-12-16T08:13:25","slug":"%ce%b5%ce%bd%ce%bf%ce%b9%ce%ba%ce%af%ce%b1%cf%83%ce%b7-%ce%bc%ce%af%ce%bd%ce%b9-%ce%b2%ce%b1%ce%bd-%cf%83%cf%84%ce%b7%ce%bd-%ce%b1%ce%bb%ce%b2%ce%b1%ce%bd%ce%af%ce%b1","status":"publish","type":"page","link":"https:\/\/minibus.al\/el\/minivan-me-qira-ne-shqiperi\/","title":{"rendered":"\u0395\u03bd\u03bf\u03b9\u03ba\u03af\u03b1\u03c3\u03b7 \u03bc\u03af\u03bd\u03b9 \u03b2\u03b1\u03bd \u03c3\u03c4\u03b7\u03bd \u0391\u03bb\u03b2\u03b1\u03bd\u03af\u03b1"},"content":{"rendered":"<div data-elementor-type=\"wp-page\" data-elementor-id=\"989022\" class=\"elementor elementor-989022\">\n\t\t\t\t<div class=\"elementor-element elementor-element-595d5a2 e-flex e-con-boxed e-con e-parent\" data-id=\"595d5a2\" data-element_type=\"container\" data-e-type=\"container\" data-settings=\"{&quot;background_background&quot;:&quot;classic&quot;}\">\n\t\t\t\t\t<div class=\"e-con-inner\">\n\t\t<div class=\"elementor-element elementor-element-55e7994 e-con-full e-flex e-con e-child\" data-id=\"55e7994\" data-element_type=\"container\" data-e-type=\"container\">\n\t\t\t\t<div class=\"elementor-element elementor-element-79ea7ae elementor-widget elementor-widget-heading\" data-id=\"79ea7ae\" data-element_type=\"widget\" data-e-type=\"widget\" data-widget_type=\"heading.default\">\n\t\t\t\t\t<h1 class=\"elementor-heading-title elementor-size-default\">\u039c\u03af\u03bd\u03b9 \u03b2\u03b1\u03bd \u03c0\u03c1\u03bf\u03c2 \u03b5\u03bd\u03bf\u03b9\u03ba\u03af\u03b1\u03c3\u03b7 \u03bc\u03b5 \u03bf\u03b4\u03b7\u03b3\u03cc \u03c3\u03c4\u03b7\u03bd \u0391\u03bb\u03b2\u03b1\u03bd\u03af\u03b1<\/h1>\t\t\t\t<\/div>\n\t\t\t\t<div class=\"elementor-element elementor-element-ace1c10 elementor-widget elementor-widget-text-editor\" data-id=\"ace1c10\" data-element_type=\"widget\" data-e-type=\"widget\" data-widget_type=\"text-editor.default\">\n\t\t\t\t\t\t\t\t\t\u0395\u03bd\u03bf\u03b9\u03ba\u03af\u03b1\u03c3\u03b7 \u03bc\u03af\u03bd\u03b9 \u03b2\u03b1\u03bd \u03bc\u03b5 \u03bf\u03b4\u03b7\u03b3\u03cc \u03c3\u03c4\u03b7\u03bd \u0391\u03bb\u03b2\u03b1\u03bd\u03af\u03b1 \u03b3\u03b9\u03b1 \u03b1\u03c3\u03c6\u03b1\u03bb\u03ae \u03ba\u03b1\u03b9 \u03ac\u03bd\u03b5\u03c4\u03b1 \u03c4\u03b1\u03be\u03af\u03b4\u03b9\u03b1. \u0395\u03c0\u03b1\u03b3\u03b3\u03b5\u03bb\u03bc\u03b1\u03c4\u03b9\u03ba\u03ae \u03b5\u03be\u03c5\u03c0\u03b7\u03c1\u03ad\u03c4\u03b7\u03c3\u03b7 \u03b3\u03b9\u03b1 \u03bc\u03b5\u03c4\u03b1\u03c6\u03bf\u03c1\u03ad\u03c2, \u03b5\u03ba\u03b4\u03c1\u03bf\u03bc\u03ad\u03c2 \u03ba\u03b1\u03b9 \u03b5\u03ba\u03b4\u03b7\u03bb\u03ce\u03c3\u03b5\u03b9\u03c2 \u03c3\u03b5 \u03cc\u03bb\u03b7 \u03c4\u03b7 \u03c7\u03ce\u03c1\u03b1.\t\t\t\t\t\t\t\t<\/div>\n\t\t\t\t<\/div>\n\t\t\t\t\t<\/div>\n\t\t\t\t<\/div>\n\t\t<div class=\"elementor-element elementor-element-5289dd7 e-flex e-con-boxed e-con e-parent\" data-id=\"5289dd7\" data-element_type=\"container\" data-e-type=\"container\" data-settings=\"{&quot;background_background&quot;:&quot;classic&quot;}\">\n\t\t\t\t\t<div class=\"e-con-inner\">\n\t\t<div class=\"elementor-element elementor-element-3623150 e-con-full e-flex e-con e-child\" data-id=\"3623150\" data-element_type=\"container\" data-e-type=\"container\">\n\t\t\t\t<div class=\"elementor-element elementor-element-2a98dc9 elementor-widget elementor-widget-text-editor\" data-id=\"2a98dc9\" data-element_type=\"widget\" data-e-type=\"widget\" data-widget_type=\"text-editor.default\">\n\t\t\t\t\t\t\t\t\t\u03a0\u03c1\u03bf\u03c3\u03c6\u03ad\u03c1\u03bf\u03c5\u03bc\u03b5 \u03ac\u03bd\u03b5\u03c4\u03b7 \u03ba\u03b1\u03b9 \u03b1\u03c3\u03c6\u03b1\u03bb\u03ae \u03bc\u03b5\u03c4\u03b1\u03c6\u03bf\u03c1\u03ac \u03b3\u03b9\u03b1 \u03bc\u03b9\u03ba\u03c1\u03ad\u03c2 \u03ba\u03b1\u03b9 \u03bc\u03b5\u03c3\u03b1\u03af\u03b5\u03c2 \u03bf\u03bc\u03ac\u03b4\u03b5\u03c2. \u03a4\u03b1 \u03bc\u03af\u03bd\u03b9 \u03b2\u03b1\u03bd \u03bc\u03b1\u03c2 \u03b5\u03af\u03bd\u03b1\u03b9 \u03c3\u03cd\u03b3\u03c7\u03c1\u03bf\u03bd\u03b1, \u03ba\u03b1\u03bb\u03bf\u03c3\u03c5\u03bd\u03c4\u03b7\u03c1\u03b7\u03bc\u03ad\u03bd\u03b1 \u03ba\u03b1\u03b9 \u03bf\u03b4\u03b7\u03b3\u03bf\u03cd\u03bd\u03c4\u03b1\u03b9 \u03b1\u03c0\u03cc \u03b5\u03c0\u03b1\u03b3\u03b3\u03b5\u03bb\u03bc\u03b1\u03c4\u03af\u03b5\u03c2 \u03bf\u03b4\u03b7\u03b3\u03bf\u03cd\u03c2 \u03bc\u03b5 \u03b5\u03bc\u03c0\u03b5\u03b9\u03c1\u03af\u03b1 \u03c3\u03b5 \u03cc\u03bb\u03b7 \u03c4\u03b7\u03bd \u0391\u03bb\u03b2\u03b1\u03bd\u03af\u03b1.\t\t\t\t\t\t\t\t<\/div>\n\t\t\t\t<div class=\"elementor-element elementor-element-7175e0d elementor-widget elementor-widget-heading\" data-id=\"7175e0d\" data-element_type=\"widget\" data-e-type=\"widget\" data-widget_type=\"heading.default\">\n\t\t\t\t\t<h3 class=\"elementor-heading-title elementor-size-default\">\u03a4\u03bf\u03c5\u03c1\u03b9\u03c3\u03c4\u03b9\u03ba\u03ac \u03c4\u03b1\u03be\u03af\u03b4\u03b9\u03b1 \u03c3\u03b5 \u03cc\u03bb\u03b7 \u03c4\u03b7\u03bd \u0391\u03bb\u03b2\u03b1\u03bd\u03af\u03b1<\/h3>\t\t\t\t<\/div>\n\t\t\t\t<div class=\"elementor-element elementor-element-0153596 elementor-widget elementor-widget-text-editor\" data-id=\"0153596\" data-element_type=\"widget\" data-e-type=\"widget\" data-widget_type=\"text-editor.default\">\n\t\t\t\t\t\t\t\t\t<p>\u039f\u03c1\u03b3\u03b1\u03bd\u03ce\u03bd\u03bf\u03c5\u03bc\u03b5 \u03b7\u03bc\u03b5\u03c1\u03ae\u03c3\u03b9\u03b5\u03c2 \u03ba\u03b1\u03b9 \u03c0\u03bf\u03bb\u03c5\u03ae\u03bc\u03b5\u03c1\u03b5\u03c2 \u03b5\u03ba\u03b4\u03c1\u03bf\u03bc\u03ad\u03c2 \u03c3\u03c4\u03bf\u03c5\u03c2 \u03c0\u03b9\u03bf \u03b4\u03b7\u03bc\u03bf\u03c6\u03b9\u03bb\u03b5\u03af\u03c2 \u03c0\u03c1\u03bf\u03bf\u03c1\u03b9\u03c3\u03bc\u03bf\u03cd\u03c2 \u03cc\u03c0\u03c9\u03c2 \u03c4\u03b1 \u03a4\u03af\u03c1\u03b1\u03bd\u03b1, \u03c4\u03bf \u0394\u03c5\u03c1\u03c1\u03ac\u03c7\u03b9\u03bf, \u03c4\u03bf \u039c\u03c0\u03b5\u03c1\u03ac\u03c4, \u03c4\u03bf \u0391\u03c1\u03b3\u03c5\u03c1\u03cc\u03ba\u03b1\u03c3\u03c4\u03c1\u03bf, \u03c4\u03b7\u03bd \u0391\u03c5\u03bb\u03ce\u03bd\u03b1 \u03ba\u03b1\u03b9 \u03b1\u03bb\u03bb\u03bf\u03cd. \u0395\u03c3\u03b5\u03af\u03c2 \u03c4\u03b1\u03be\u03b9\u03b4\u03b5\u03cd\u03b5\u03c4\u03b5 \u03c7\u03c9\u03c1\u03af\u03c2 \u03ac\u03b3\u03c7\u03bf\u03c2, \u03b5\u03bc\u03b5\u03af\u03c2 \u03c6\u03c1\u03bf\u03bd\u03c4\u03af\u03b6\u03bf\u03c5\u03bc\u03b5 \u03b3\u03b9\u03b1 \u03c4\u03b1 \u03c0\u03ac\u03bd\u03c4\u03b1.<\/p>\t\t\t\t\t\t\t\t<\/div>\n\t\t\t\t<div class=\"elementor-element elementor-element-4754aab elementor-widget elementor-widget-heading\" data-id=\"4754aab\" data-element_type=\"widget\" data-e-type=\"widget\" data-widget_type=\"heading.default\">\n\t\t\t\t\t<h3 class=\"elementor-heading-title elementor-size-default\">\u039c\u03b5\u03c4\u03b1\u03c6\u03bf\u03c1\u03ad\u03c2 \u03b1\u03c0\u03cc \u03ba\u03b1\u03b9 \u03c0\u03c1\u03bf\u03c2 \u03c4\u03bf \u03b1\u03b5\u03c1\u03bf\u03b4\u03c1\u03cc\u03bc\u03b9\u03bf<\/h3>\t\t\t\t<\/div>\n\t\t\t\t<div class=\"elementor-element elementor-element-cdcaadf elementor-widget elementor-widget-text-editor\" data-id=\"cdcaadf\" data-element_type=\"widget\" data-e-type=\"widget\" data-widget_type=\"text-editor.default\">\n\t\t\t\t\t\t\t\t\t\u0391\u03ba\u03c1\u03b9\u03b2\u03b5\u03af\u03c2 \u03ba\u03b1\u03b9 \u03b1\u03be\u03b9\u03cc\u03c0\u03b9\u03c3\u03c4\u03b5\u03c2 \u03bc\u03b5\u03c4\u03b1\u03c6\u03bf\u03c1\u03ad\u03c2 \u03b1\u03c0\u03cc \u03c4\u03bf \u03b1\u03b5\u03c1\u03bf\u03b4\u03c1\u03cc\u03bc\u03b9\u03bf \u03c4\u03c9\u03bd \u03a4\u03b9\u03c1\u03ac\u03bd\u03c9\u03bd \u03c0\u03c1\u03bf\u03c2 \u03bf\u03c0\u03bf\u03b9\u03b1\u03b4\u03ae\u03c0\u03bf\u03c4\u03b5 \u03c0\u03cc\u03bb\u03b7. \u0399\u03b4\u03b1\u03bd\u03b9\u03ba\u03ad\u03c2 \u03b3\u03b9\u03b1 \u03bf\u03b9\u03ba\u03bf\u03b3\u03ad\u03bd\u03b5\u03b9\u03b5\u03c2, \u03c0\u03b1\u03c1\u03ad\u03b5\u03c2 \u03c6\u03af\u03bb\u03c9\u03bd \u03ae \u03b5\u03c0\u03b1\u03b3\u03b3\u03b5\u03bb\u03bc\u03b1\u03c4\u03b9\u03ba\u03ac \u03c4\u03b1\u03be\u03af\u03b4\u03b9\u03b1, \u03bc\u03b5 \u03ac\u03c6\u03b8\u03bf\u03bd\u03bf \u03c7\u03ce\u03c1\u03bf \u03b3\u03b9\u03b1 \u03b1\u03c0\u03bf\u03c3\u03ba\u03b5\u03c5\u03ad\u03c2.\t\t\t\t\t\t\t\t<\/div>\n\t\t\t\t<div class=\"elementor-element elementor-element-48380da elementor-widget elementor-widget-heading\" data-id=\"48380da\" data-element_type=\"widget\" data-e-type=\"widget\" data-widget_type=\"heading.default\">\n\t\t\t\t\t<h3 class=\"elementor-heading-title elementor-size-default\"> \u039c\u03b5\u03c4\u03b1\u03c6\u03bf\u03c1\u03ad\u03c2 \u03b3\u03b9\u03b1 \u03b5\u03ba\u03b4\u03b7\u03bb\u03ce\u03c3\u03b5\u03b9\u03c2 \u03ba\u03b1\u03b9 \u03b5\u03c0\u03b1\u03b3\u03b3\u03b5\u03bb\u03bc\u03b1\u03c4\u03b9\u03ba\u03ad\u03c2 \u03b4\u03c1\u03b1\u03c3\u03c4\u03b7\u03c1\u03b9\u03cc\u03c4\u03b7\u03c4\u03b5\u03c2<\/h3>\t\t\t\t<\/div>\n\t\t\t\t<div class=\"elementor-element elementor-element-265135c elementor-widget elementor-widget-text-editor\" data-id=\"265135c\" data-element_type=\"widget\" data-e-type=\"widget\" data-widget_type=\"text-editor.default\">\n\t\t\t\t\t\t\t\t\t\u03a0\u03c1\u03b1\u03ba\u03c4\u03b9\u03ba\u03ad\u03c2 \u03bb\u03cd\u03c3\u03b5\u03b9\u03c2 \u03b3\u03b9\u03b1 \u03b5\u03ba\u03b4\u03b7\u03bb\u03ce\u03c3\u03b5\u03b9\u03c2, \u03c3\u03c5\u03bd\u03ad\u03b4\u03c1\u03b9\u03b1, \u03b3\u03ac\u03bc\u03bf\u03c5\u03c2 \u03ba\u03b1\u03b9 \u03b5\u03c0\u03b1\u03b3\u03b3\u03b5\u03bb\u03bc\u03b1\u03c4\u03b9\u03ba\u03ac \u03c4\u03b1\u03be\u03af\u03b4\u03b9\u03b1. \u0388\u03b3\u03ba\u03b1\u03b9\u03c1\u03b7 \u03ac\u03c6\u03b9\u03be\u03b7, \u03ac\u03bd\u03b5\u03c3\u03b7 \u03ba\u03b1\u03b9 \u03c3\u03c9\u03c3\u03c4\u03ae \u03b5\u03be\u03c5\u03c0\u03b7\u03c1\u03ad\u03c4\u03b7\u03c3\u03b7 \u03b3\u03b9\u03b1 \u03ba\u03ac\u03b8\u03b5 \u03c0\u03b5\u03c1\u03af\u03c3\u03c4\u03b1\u03c3\u03b7.\t\t\t\t\t\t\t\t<\/div>\n\t\t\t\t<div class=\"elementor-element elementor-element-1673691 elementor-widget elementor-widget-heading\" data-id=\"1673691\" data-element_type=\"widget\" data-e-type=\"widget\" data-widget_type=\"heading.default\">\n\t\t\t\t\t<h3 class=\"elementor-heading-title elementor-size-default\">\u0395\u03c0\u03b1\u03b3\u03b3\u03b5\u03bb\u03bc\u03b1\u03c4\u03af\u03b5\u03c2 \u03bf\u03b4\u03b7\u03b3\u03bf\u03af &amp; \u03b1\u03be\u03b9\u03cc\u03c0\u03b9\u03c3\u03c4\u03b7 \u03b5\u03be\u03c5\u03c0\u03b7\u03c1\u03ad\u03c4\u03b7\u03c3\u03b7<\/h3>\t\t\t\t<\/div>\n\t\t\t\t<div class=\"elementor-element elementor-element-4dc72d1 elementor-widget elementor-widget-text-editor\" data-id=\"4dc72d1\" data-element_type=\"widget\" data-e-type=\"widget\" data-widget_type=\"text-editor.default\">\n\t\t\t\t\t\t\t\t\t\u039f\u03b9 \u03bf\u03b4\u03b7\u03b3\u03bf\u03af \u03bc\u03b1\u03c2 \u03b5\u03af\u03bd\u03b1\u03b9 \u03b1\u03c6\u03bf\u03c3\u03b9\u03c9\u03bc\u03ad\u03bd\u03bf\u03b9, \u03b5\u03c5\u03b3\u03b5\u03bd\u03b9\u03ba\u03bf\u03af \u03ba\u03b1\u03b9 \u03b3\u03bd\u03c9\u03c1\u03af\u03b6\u03bf\u03c5\u03bd \u03c0\u03bf\u03bb\u03cd \u03ba\u03b1\u03bb\u03ac \u03c4\u03bf\u03c5\u03c2 \u03b4\u03c1\u03cc\u03bc\u03bf\u03c5\u03c2. \u0397 \u03b1\u03c3\u03c6\u03ac\u03bb\u03b5\u03b9\u03b1 \u03ba\u03b1\u03b9 \u03b7 \u03b9\u03ba\u03b1\u03bd\u03bf\u03c0\u03bf\u03af\u03b7\u03c3\u03b7 \u03c4\u03c9\u03bd \u03c0\u03b5\u03bb\u03b1\u03c4\u03ce\u03bd \u03b5\u03af\u03bd\u03b1\u03b9 \u03b7 \u03cd\u03c8\u03b9\u03c3\u03c4\u03b7 \u03c0\u03c1\u03bf\u03c4\u03b5\u03c1\u03b1\u03b9\u03cc\u03c4\u03b7\u03c4\u03ac \u03bc\u03b1\u03c2.\t\t\t\t\t\t\t\t<\/div>\n\t\t\t\t<div class=\"elementor-element elementor-element-a85f525 elementor-widget elementor-widget-image\" data-id=\"a85f525\" data-element_type=\"widget\" data-e-type=\"widget\" data-widget_type=\"image.default\">\n\t\t\t\t\t\t\t\t\t\t\t\t\t\t\t<img fetchpriority=\"high\" decoding=\"async\" width=\"800\" height=\"560\" src=\"https:\/\/minibus.al\/wp-content\/uploads\/2024\/01\/Crop800x600-landscape.jpeg\" class=\"attachment-full size-full wp-image-988653\" alt=\"\" srcset=\"https:\/\/minibus.al\/wp-content\/uploads\/2024\/01\/Crop800x600-landscape.jpeg 800w, https:\/\/minibus.al\/wp-content\/uploads\/2024\/01\/Crop800x600-landscape-600x420.jpeg 600w, https:\/\/minibus.al\/wp-content\/uploads\/2024\/01\/Crop800x600-landscape-300x210.jpeg 300w, https:\/\/minibus.al\/wp-content\/uploads\/2024\/01\/Crop800x600-landscape-768x538.jpeg 768w, https:\/\/minibus.al\/wp-content\/uploads\/2024\/01\/Crop800x600-landscape-630x441.jpeg 630w, https:\/\/minibus.al\/wp-content\/uploads\/2024\/01\/Crop800x600-landscape-420x294.jpeg 420w, https:\/\/minibus.al\/wp-content\/uploads\/2024\/01\/Crop800x600-landscape-315x221.jpeg 315w\" sizes=\"(max-width: 800px) 100vw, 800px\" title=\"\">\t\t\t\t\t\t\t\t\t\t\t\t\t\t\t<\/div>\n\t\t\t\t<div class=\"elementor-element elementor-element-f01b681 elementor-widget elementor-widget-text-editor\" data-id=\"f01b681\" data-element_type=\"widget\" data-e-type=\"widget\" data-widget_type=\"text-editor.default\">\n\t\t\t\t\t\t\t\t\t<p>\u0397 \u03c4\u03b9\u03bc\u03ae \u03b5\u03bd\u03bf\u03b9\u03ba\u03af\u03b1\u03c3\u03b7\u03c2 \u03b9\u03b4\u03b9\u03c9\u03c4\u03b9\u03ba\u03ce\u03bd \u03bc\u03af\u03bd\u03b9 \u03b2\u03b1\u03bd \u03b8\u03b1 \u03b5\u03be\u03b1\u03c1\u03c4\u03b7\u03b8\u03b5\u03af \u03b1\u03c0\u03cc \u03c4\u03bf\u03bd \u03b1\u03c1\u03b9\u03b8\u03bc\u03cc \u03c4\u03c9\u03bd \u03c9\u03c1\u03ce\u03bd \u03ba\u03b1\u03b9 \u03c4\u03c9\u03bd \u03b7\u03bc\u03b5\u03c1\u03ce\u03bd \u03b5\u03be\u03c5\u03c0\u03b7\u03c1\u03ad\u03c4\u03b7\u03c3\u03b7\u03c2, \u03ba\u03b1\u03b8\u03ce\u03c2 \u03ba\u03b1\u03b9 \u03b1\u03c0\u03cc \u03c4\u03b7\u03bd \u03b1\u03c0\u03cc\u03c3\u03c4\u03b1\u03c3\u03b7 \u03c0\u03bf\u03c5 \u03ba\u03b1\u03bb\u03cd\u03c0\u03c4\u03bf\u03c5\u03bd \u03c4\u03b1 \u03bc\u03af\u03bd\u03b9 \u03bb\u03b5\u03c9\u03c6\u03bf\u03c1\u03b5\u03af\u03b1.<\/p>\t\t\t\t\t\t\t\t<\/div>\n\t\t\t\t<div class=\"elementor-element elementor-element-e936afe elementor-widget elementor-widget-heading\" data-id=\"e936afe\" data-element_type=\"widget\" data-e-type=\"widget\" data-widget_type=\"heading.default\">\n\t\t\t\t\t<h3 class=\"elementor-heading-title elementor-size-default\">\u03a0\u03ce\u03c2 \u03bb\u03b5\u03b9\u03c4\u03bf\u03c5\u03c1\u03b3\u03b5\u03af;<\/h3>\t\t\t\t<\/div>\n\t\t\t\t<div class=\"elementor-element elementor-element-6bac633 elementor-widget elementor-widget-text-editor\" data-id=\"6bac633\" data-element_type=\"widget\" data-e-type=\"widget\" data-widget_type=\"text-editor.default\">\n\t\t\t\t\t\t\t\t\t<p>\u0397 \u03ba\u03c1\u03ac\u03c4\u03b7\u03c3\u03b7 \u03b5\u03af\u03bd\u03b1\u03b9 \u03b1\u03c0\u03bb\u03ae: \u03b5\u03c0\u03b9\u03bb\u03ad\u03be\u03c4\u03b5 \u03c4\u03bf\u03bd \u03c0\u03c1\u03bf\u03bf\u03c1\u03b9\u03c3\u03bc\u03cc, \u03c4\u03b7\u03bd \u03b7\u03bc\u03b5\u03c1\u03bf\u03bc\u03b7\u03bd\u03af\u03b1 \u03ba\u03b1\u03b9 \u03c4\u03bf\u03bd \u03c4\u03cd\u03c0\u03bf \u03c4\u03bf\u03c5 \u03bc\u03af\u03bd\u03b9 \u03b2\u03b1\u03bd \u03c0\u03bf\u03c5 \u03c7\u03c1\u03b5\u03b9\u03ac\u03b6\u03b5\u03c3\u03c4\u03b5. \u039f \u03b5\u03c0\u03b1\u03b3\u03b3\u03b5\u03bb\u03bc\u03b1\u03c4\u03af\u03b1\u03c2 \u03bf\u03b4\u03b7\u03b3\u03cc\u03c2 \u03bc\u03b1\u03c2 \u03b8\u03b1 \u03b2\u03c1\u03af\u03c3\u03ba\u03b5\u03c4\u03b1\u03b9 \u03c3\u03c4\u03bf\u03bd \u03ba\u03b1\u03b8\u03bf\u03c1\u03b9\u03c3\u03bc\u03ad\u03bd\u03bf \u03c4\u03cc\u03c0\u03bf \u03ba\u03b1\u03b9 \u03ce\u03c1\u03b1, \u03b5\u03be\u03b1\u03c3\u03c6\u03b1\u03bb\u03af\u03b6\u03bf\u03bd\u03c4\u03b1\u03c2 \u03ad\u03bd\u03b1 \u03ac\u03bd\u03b5\u03c4\u03bf \u03ba\u03b1\u03b9 \u03be\u03ad\u03b3\u03bd\u03bf\u03b9\u03b1\u03c3\u03c4\u03bf \u03c4\u03b1\u03be\u03af\u03b4\u03b9.<\/p>\t\t\t\t\t\t\t\t<\/div>\n\t\t\t\t<\/div>\n\t\t<div class=\"elementor-element elementor-element-4f6ae39 e-con-full e-flex e-con e-child\" data-id=\"4f6ae39\" data-element_type=\"container\" data-e-type=\"container\">\n\t\t<div class=\"elementor-element elementor-element-d631ffe e-flex e-con-boxed e-con e-child\" data-id=\"d631ffe\" data-element_type=\"container\" data-e-type=\"container\" data-settings=\"{&quot;background_background&quot;:&quot;classic&quot;}\">\n\t\t\t\t\t<div class=\"e-con-inner\">\n\t\t\t\t<div class=\"elementor-element elementor-element-44fd95b elementor-widget__width-auto elementor-widget elementor-widget-heading\" data-id=\"44fd95b\" data-element_type=\"widget\" data-e-type=\"widget\" data-widget_type=\"heading.default\">\n\t\t\t\t\t<h3 class=\"elementor-heading-title elementor-size-default\">\u0388\u03ba\u03c0\u03c4\u03c9\u03c3\u03b7 10%<\/h3>\t\t\t\t<\/div>\n\t\t\t\t<div class=\"elementor-element elementor-element-5f07339 elementor-widget__width-auto elementor-widget elementor-widget-heading\" data-id=\"5f07339\" data-element_type=\"widget\" data-e-type=\"widget\" data-widget_type=\"heading.default\">\n\t\t\t\t\t<div class=\"elementor-heading-title elementor-size-default\">\u0388\u03ba\u03c0\u03c4\u03c9\u03c3\u03b7 \u03ad\u03c9\u03c2 \u03ba\u03b1\u03b9 10% \u03b3\u03b9\u03b1 \u03ba\u03ac\u03b8\u03b5 \u03ba\u03c1\u03ac\u03c4\u03b7\u03c3\u03b7 \u03ad\u03c9\u03c2 \u03c4\u03b9\u03c2 31 \u039c\u03b1\u0390\u03bf\u03c5 2026!<\/div>\t\t\t\t<\/div>\n\t\t\t\t\t<\/div>\n\t\t\t\t<\/div>\n\t\t<div class=\"elementor-element elementor-element-792a6ac e-con-full e-flex e-con e-child\" data-id=\"792a6ac\" data-element_type=\"container\" data-e-type=\"container\">\n\t\t\t\t<div class=\"elementor-element elementor-element-a4e3c30 elementor-widget__width-initial elementor-widget elementor-widget-image\" data-id=\"a4e3c30\" data-element_type=\"widget\" data-e-type=\"widget\" data-widget_type=\"image.default\">\n\t\t\t\t\t\t\t\t\t\t\t\t\t\t\t\t<a href=\"#\">\n\t\t\t\t\t\t\t<img decoding=\"async\" width=\"630\" height=\"441\" src=\"https:\/\/minibus.al\/wp-content\/uploads\/2025\/10\/Transfer-416_2268_0182-landscape-630x441-1.jpg\" class=\"attachment-full size-full wp-image-988709\" alt=\"\" srcset=\"https:\/\/minibus.al\/wp-content\/uploads\/2025\/10\/Transfer-416_2268_0182-landscape-630x441-1.jpg 630w, https:\/\/minibus.al\/wp-content\/uploads\/2025\/10\/Transfer-416_2268_0182-landscape-630x441-1-600x420.jpg 600w, https:\/\/minibus.al\/wp-content\/uploads\/2025\/10\/Transfer-416_2268_0182-landscape-630x441-1-300x210.jpg 300w, https:\/\/minibus.al\/wp-content\/uploads\/2025\/10\/Transfer-416_2268_0182-landscape-630x441-1-420x294.jpg 420w, https:\/\/minibus.al\/wp-content\/uploads\/2025\/10\/Transfer-416_2268_0182-landscape-630x441-1-315x221.jpg 315w\" sizes=\"(max-width: 630px) 100vw, 630px\" title=\"\">\t\t\t\t\t\t\t\t<\/a>\n\t\t\t\t\t\t\t\t\t\t\t\t\t\t\t<\/div>\n\t\t\t\t<div class=\"elementor-element elementor-element-f9cab44 elementor-widget__width-initial elementor-widget elementor-widget-heading\" data-id=\"f9cab44\" data-element_type=\"widget\" data-e-type=\"widget\" data-widget_type=\"heading.default\">\n\t\t\t\t\t<h3 class=\"elementor-heading-title elementor-size-default\"><a href=\"#\">\u0399\u03b4\u03b9\u03c9\u03c4\u03b9\u03ba\u03ad\u03c2 \u03bc\u03b5\u03c4\u03b1\u03c6\u03bf\u03c1\u03ad\u03c2 \u03b1\u03c0\u03cc \u03c4\u03bf \u03b1\u03b5\u03c1\u03bf\u03b4\u03c1\u03cc\u03bc\u03b9\u03bf<\/a><\/h3>\t\t\t\t<\/div>\n\t\t\t\t<\/div>\n\t\t<div class=\"elementor-element elementor-element-09ec8ca e-con-full e-flex e-con e-child\" data-id=\"09ec8ca\" data-element_type=\"container\" data-e-type=\"container\">\n\t\t\t\t<div class=\"elementor-element elementor-element-5d808b5 elementor-widget__width-initial elementor-widget elementor-widget-image\" data-id=\"5d808b5\" data-element_type=\"widget\" data-e-type=\"widget\" data-widget_type=\"image.default\">\n\t\t\t\t\t\t\t\t\t\t\t\t\t\t\t\t<a href=\"#\">\n\t\t\t\t\t\t\t<img fetchpriority=\"high\" decoding=\"async\" width=\"800\" height=\"560\" src=\"https:\/\/minibus.al\/wp-content\/uploads\/2024\/01\/Crop800x600-landscape.jpeg\" class=\"attachment-full size-full wp-image-988653\" alt=\"\" srcset=\"https:\/\/minibus.al\/wp-content\/uploads\/2024\/01\/Crop800x600-landscape.jpeg 800w, https:\/\/minibus.al\/wp-content\/uploads\/2024\/01\/Crop800x600-landscape-600x420.jpeg 600w, https:\/\/minibus.al\/wp-content\/uploads\/2024\/01\/Crop800x600-landscape-300x210.jpeg 300w, https:\/\/minibus.al\/wp-content\/uploads\/2024\/01\/Crop800x600-landscape-768x538.jpeg 768w, https:\/\/minibus.al\/wp-content\/uploads\/2024\/01\/Crop800x600-landscape-630x441.jpeg 630w, https:\/\/minibus.al\/wp-content\/uploads\/2024\/01\/Crop800x600-landscape-420x294.jpeg 420w, https:\/\/minibus.al\/wp-content\/uploads\/2024\/01\/Crop800x600-landscape-315x221.jpeg 315w\" sizes=\"(max-width: 800px) 100vw, 800px\" title=\"\">\t\t\t\t\t\t\t\t<\/a>\n\t\t\t\t\t\t\t\t\t\t\t\t\t\t\t<\/div>\n\t\t\t\t<div class=\"elementor-element elementor-element-0cb496b elementor-widget__width-initial elementor-widget elementor-widget-heading\" data-id=\"0cb496b\" data-element_type=\"widget\" data-e-type=\"widget\" data-widget_type=\"heading.default\">\n\t\t\t\t\t<h3 class=\"elementor-heading-title elementor-size-default\"><a href=\"#\">\u039c\u03b5\u03c4\u03b1\u03c6\u03bf\u03c1\u03ac \u03bc\u03b5 \u03b9\u03b4\u03b9\u03c9\u03c4\u03b9\u03ba\u03cc \u03bf\u03b4\u03b7\u03b3\u03cc<\/a><\/h3>\t\t\t\t<\/div>\n\t\t\t\t<\/div>\n\t\t\t\t<\/div>\n\t\t\t\t\t<\/div>\n\t\t\t\t<\/div>\n\t\t\t\t<\/div>","protected":false},"excerpt":{"rendered":"<p>Minivan me Qira dhe me shofer n\u00eb Shqip\u00ebri Minivan me qira me shofer n\u00eb Shqip\u00ebri p\u00ebr udh\u00ebtime t\u00eb sigurta dhe komode. Sh\u00ebrbim profesional p\u00ebr transferime, ture dhe evente n\u00eb t\u00eb gjith\u00eb vendin.Ne ofrojm\u00eb transport t\u00eb rehatsh\u00ebm dhe t\u00eb sigurt p\u00ebr grupe t\u00eb vogla dhe t\u00eb mesme. Minivan\u00ebt tan\u00eb jan\u00eb modern\u00eb, t\u00eb mir\u00ebmbajtur dhe t\u00eb drejtuar [&hellip;]<\/p>\n","protected":false},"author":1,"featured_media":988710,"parent":0,"menu_order":0,"comment_status":"closed","ping_status":"closed","template":"","meta":{"footnotes":""},"class_list":["post-989022","page","type-page","status-publish","has-post-thumbnail","hentry"],"_links":{"self":[{"href":"https:\/\/minibus.al\/el\/wp-json\/wp\/v2\/pages\/989022","targetHints":{"allow":["GET"]}}],"collection":[{"href":"https:\/\/minibus.al\/el\/wp-json\/wp\/v2\/pages"}],"about":[{"href":"https:\/\/minibus.al\/el\/wp-json\/wp\/v2\/types\/page"}],"author":[{"embeddable":true,"href":"https:\/\/minibus.al\/el\/wp-json\/wp\/v2\/users\/1"}],"replies":[{"embeddable":true,"href":"https:\/\/minibus.al\/el\/wp-json\/wp\/v2\/comments?post=989022"}],"version-history":[{"count":7,"href":"https:\/\/minibus.al\/el\/wp-json\/wp\/v2\/pages\/989022\/revisions"}],"predecessor-version":[{"id":989029,"href":"https:\/\/minibus.al\/el\/wp-json\/wp\/v2\/pages\/989022\/revisions\/989029"}],"wp:featuredmedia":[{"embeddable":true,"href":"https:\/\/minibus.al\/el\/wp-json\/wp\/v2\/media\/988710"}],"wp:attachment":[{"href":"https:\/\/minibus.al\/el\/wp-json\/wp\/v2\/media?parent=989022"}],"curies":[{"name":"wp","href":"https:\/\/api.w.org\/{rel}","templated":true}]}}