{"id":988794,"date":"2025-10-15T11:45:54","date_gmt":"2025-10-15T11:45:54","guid":{"rendered":"https:\/\/minibus.al\/?page_id=988794"},"modified":"2025-10-15T11:45:55","modified_gmt":"2025-10-15T11:45:55","slug":"%ce%b5%ce%bd%ce%bf%ce%b9%ce%ba%ce%af%ce%b1%cf%83%ce%b7-%ce%bc%ce%af%ce%bd%ce%b9-%ce%bb%ce%b5%cf%89%cf%86%ce%bf%cf%81%ce%b5%ce%af%ce%bf%cf%85-%ce%bc%ce%b5-%ce%bf%ce%b4%ce%b7%ce%b3%cf%8c-%cf%83%cf%84","status":"publish","type":"page","link":"https:\/\/minibus.al\/el\/minibus-me-qira-me-shofer-ne-tirane\/","title":{"rendered":"\u039c\u03af\u03bd\u03b9 \u03bb\u03b5\u03c9\u03c6\u03bf\u03c1\u03b5\u03af\u03bf \u03c0\u03c1\u03bf\u03c2 \u03b5\u03bd\u03bf\u03b9\u03ba\u03af\u03b1\u03c3\u03b7 \u03bc\u03b5 \u03bf\u03b4\u03b7\u03b3\u03cc \u03c3\u03c4\u03b1 \u03a4\u03af\u03c1\u03b1\u03bd\u03b1"},"content":{"rendered":"<div data-elementor-type=\"wp-page\" data-elementor-id=\"988794\" class=\"elementor elementor-988794\">\n\t\t\t\t<div class=\"elementor-element elementor-element-95c19ac e-flex e-con-boxed e-con e-parent\" data-id=\"95c19ac\" data-element_type=\"container\" data-e-type=\"container\" data-settings=\"{&quot;background_background&quot;:&quot;classic&quot;}\">\n\t\t\t\t\t<div class=\"e-con-inner\">\n\t\t<div class=\"elementor-element elementor-element-f318dce e-con-full e-flex e-con e-child\" data-id=\"f318dce\" data-element_type=\"container\" data-e-type=\"container\">\n\t\t\t\t<div class=\"elementor-element elementor-element-f98cf93 elementor-widget elementor-widget-heading\" data-id=\"f98cf93\" data-element_type=\"widget\" data-e-type=\"widget\" data-widget_type=\"heading.default\">\n\t\t\t\t\t<h1 class=\"elementor-heading-title elementor-size-default\">\u039c\u03af\u03bd\u03b9 \u03bb\u03b5\u03c9\u03c6\u03bf\u03c1\u03b5\u03af\u03bf \u03c0\u03c1\u03bf\u03c2 \u03b5\u03bd\u03bf\u03b9\u03ba\u03af\u03b1\u03c3\u03b7 \u03bc\u03b5 \u03bf\u03b4\u03b7\u03b3\u03cc \u03c3\u03c4\u03b1 \u03a4\u03af\u03c1\u03b1\u03bd\u03b1\n<\/h1>\t\t\t\t<\/div>\n\t\t\t\t<\/div>\n\t\t\t\t\t<\/div>\n\t\t\t\t<\/div>\n\t\t<div class=\"elementor-element elementor-element-758a64b e-flex e-con-boxed e-con e-parent\" data-id=\"758a64b\" data-element_type=\"container\" data-e-type=\"container\" data-settings=\"{&quot;background_background&quot;:&quot;classic&quot;}\">\n\t\t\t\t\t<div class=\"e-con-inner\">\n\t\t<div class=\"elementor-element elementor-element-e503248 e-con-full e-flex e-con e-child\" data-id=\"e503248\" data-element_type=\"container\" data-e-type=\"container\">\n\t\t\t\t<div class=\"elementor-element elementor-element-aeff267 elementor-widget elementor-widget-text-editor\" data-id=\"aeff267\" data-element_type=\"widget\" data-e-type=\"widget\" data-widget_type=\"text-editor.default\">\n\t\t\t\t\t\t\t\t\t<p>\u038c\u03c4\u03b1\u03bd \u03c3\u03c7\u03b5\u03b4\u03b9\u03ac\u03b6\u03b5\u03c4\u03b5 \u03ad\u03bd\u03b1 \u03c4\u03b1\u03be\u03af\u03b4\u03b9, \u03b5\u03af\u03c4\u03b5 \u03b3\u03b9\u03b1 \u03b5\u03c1\u03b3\u03b1\u03c3\u03af\u03b1, \u03b4\u03b9\u03b1\u03ba\u03bf\u03c0\u03ad\u03c2 \u03ae \u03ba\u03bf\u03b9\u03bd\u03c9\u03bd\u03b9\u03ba\u03ad\u03c2 \u03b4\u03c1\u03b1\u03c3\u03c4\u03b7\u03c1\u03b9\u03cc\u03c4\u03b7\u03c4\u03b5\u03c2, \u03c4\u03b1 \u03bc\u03af\u03bd\u03b9 \u03bb\u03b5\u03c9\u03c6\u03bf\u03c1\u03b5\u03af\u03b1 \u03c0\u03c1\u03bf\u03c2 \u03b5\u03bd\u03bf\u03b9\u03ba\u03af\u03b1\u03c3\u03b7 \u03bc\u03b5 \u03bf\u03b4\u03b7\u03b3\u03cc \u03c3\u03c4\u03b1 \u03a4\u03af\u03c1\u03b1\u03bd\u03b1 \u03c0\u03c1\u03bf\u03c3\u03c6\u03ad\u03c1\u03bf\u03c5\u03bd \u03bc\u03b9\u03b1 \u03ac\u03bd\u03b5\u03c4\u03b7, \u03b1\u03c3\u03c6\u03b1\u03bb\u03ae \u03ba\u03b1\u03b9 \u03b5\u03c5\u03ad\u03bb\u03b9\u03ba\u03c4\u03b7 \u03bb\u03cd\u03c3\u03b7. \u0391\u03c0\u03cc \u03c4\u03b9\u03c2 \u03bc\u03b5\u03c4\u03b1\u03c6\u03bf\u03c1\u03ad\u03c2 \u03c3\u03c4\u03bf \u03b1\u03b5\u03c1\u03bf\u03b4\u03c1\u03cc\u03bc\u03b9\u03bf \u03ad\u03c9\u03c2 \u03c4\u03b9\u03c2 \u03c0\u03bf\u03bb\u03b9\u03c4\u03b9\u03c3\u03c4\u03b9\u03ba\u03ad\u03c2 \u03c0\u03b5\u03c1\u03b9\u03b7\u03b3\u03ae\u03c3\u03b5\u03b9\u03c2 \u03ba\u03b1\u03b9 \u03c4\u03b9\u03c2 \u03b5\u03ba\u03b4\u03c1\u03bf\u03bc\u03ad\u03c2 \u03c3\u03c4\u03b7 \u03c6\u03cd\u03c3\u03b7, \u03b1\u03c5\u03c4\u03ad\u03c2 \u03bf\u03b9 \u03c5\u03c0\u03b7\u03c1\u03b5\u03c3\u03af\u03b5\u03c2 \u03b5\u03af\u03bd\u03b1\u03b9 \u03c0\u03c1\u03bf\u03c3\u03b1\u03c1\u03bc\u03bf\u03c3\u03bc\u03ad\u03bd\u03b5\u03c2 \u03c3\u03b5 \u03ba\u03ac\u03b8\u03b5 \u03b1\u03bd\u03ac\u03b3\u03ba\u03b7 \u03ba\u03b1\u03b9 \u03bf\u03bc\u03ac\u03b4\u03b1 \u03b5\u03c0\u03b9\u03b2\u03b1\u03c4\u03ce\u03bd.<\/p>\t\t\t\t\t\t\t\t<\/div>\n\t\t\t\t<div class=\"elementor-element elementor-element-0d53794 elementor-widget elementor-widget-heading\" data-id=\"0d53794\" data-element_type=\"widget\" data-e-type=\"widget\" data-widget_type=\"heading.default\">\n\t\t\t\t\t<h3 class=\"elementor-heading-title elementor-size-default\">\u039c\u03af\u03bd\u03b9 \u03bb\u03b5\u03c9\u03c6\u03bf\u03c1\u03b5\u03af\u03bf \u03c0\u03c1\u03bf\u03c2 \u03b5\u03bd\u03bf\u03b9\u03ba\u03af\u03b1\u03c3\u03b7 \u03c3\u03c4\u03b1 \u03a4\u03af\u03c1\u03b1\u03bd\u03b1 \u03b3\u03b9\u03b1 \u03b5\u03ba\u03b4\u03b7\u03bb\u03ce\u03c3\u03b5\u03b9\u03c2<\/h3>\t\t\t\t<\/div>\n\t\t\t\t<div class=\"elementor-element elementor-element-0463429 elementor-widget elementor-widget-text-editor\" data-id=\"0463429\" data-element_type=\"widget\" data-e-type=\"widget\" data-widget_type=\"text-editor.default\">\n\t\t\t\t\t\t\t\t\t<p>\u0397 \u03bf\u03c1\u03b3\u03ac\u03bd\u03c9\u03c3\u03b7 \u03bc\u03b9\u03b1\u03c2 \u03b5\u03ba\u03b4\u03ae\u03bb\u03c9\u03c3\u03b7\u03c2, \u03b5\u03af\u03c4\u03b5 \u03c0\u03c1\u03cc\u03ba\u03b5\u03b9\u03c4\u03b1\u03b9 \u03b3\u03b9\u03b1 \u03b5\u03c0\u03b9\u03c7\u03b5\u03b9\u03c1\u03b7\u03bc\u03b1\u03c4\u03b9\u03ba\u03ae \u03c3\u03c5\u03bd\u03ac\u03bd\u03c4\u03b7\u03c3\u03b7, \u03b3\u03ac\u03bc\u03bf \u03ae \u03bf\u03b9\u03ba\u03bf\u03b3\u03b5\u03bd\u03b5\u03b9\u03b1\u03ba\u03ae \u03b4\u03c1\u03b1\u03c3\u03c4\u03b7\u03c1\u03b9\u03cc\u03c4\u03b7\u03c4\u03b1, \u03c3\u03c5\u03c7\u03bd\u03ac \u03b1\u03c0\u03b1\u03b9\u03c4\u03b5\u03af \u03c3\u03c5\u03bd\u03c4\u03bf\u03bd\u03b9\u03c3\u03bc\u03ad\u03bd\u03b7 \u03bc\u03b5\u03c4\u03b1\u03c6\u03bf\u03c1\u03ac. \u039c\u03b5 \u03ad\u03bd\u03b1 \u03bc\u03af\u03bd\u03b9 \u03bb\u03b5\u03c9\u03c6\u03bf\u03c1\u03b5\u03af\u03bf \u03bc\u03b5 \u03b5\u03c0\u03b1\u03b3\u03b3\u03b5\u03bb\u03bc\u03b1\u03c4\u03af\u03b1 \u03bf\u03b4\u03b7\u03b3\u03cc, \u03bc\u03c0\u03bf\u03c1\u03b5\u03af\u03c4\u03b5 \u03bd\u03b1 \u03b4\u03b9\u03b1\u03c3\u03c6\u03b1\u03bb\u03af\u03c3\u03b5\u03c4\u03b5 \u03cc\u03c4\u03b9 \u03cc\u03bb\u03bf\u03b9 \u03bf\u03b9 \u03ba\u03b1\u03bb\u03b5\u03c3\u03bc\u03ad\u03bd\u03bf\u03b9 \u03b8\u03b1 \u03c6\u03c4\u03ac\u03c3\u03bf\u03c5\u03bd \u03c3\u03c4\u03bf\u03bd \u03c0\u03c1\u03bf\u03bf\u03c1\u03b9\u03c3\u03bc\u03cc \u03b5\u03b3\u03ba\u03b1\u03af\u03c1\u03c9\u03c2, \u03c7\u03c9\u03c1\u03af\u03c2 \u03ac\u03b3\u03c7\u03bf\u03c2 \u03ba\u03b1\u03b9 \u03bc\u03b5 \u03bc\u03ad\u03b3\u03b9\u03c3\u03c4\u03b7 \u03ac\u03bd\u03b5\u03c3\u03b7. \u0397 \u03b5\u03ba\u03c0\u03b1\u03b9\u03b4\u03b5\u03c5\u03bc\u03ad\u03bd\u03b7 \u03bf\u03bc\u03ac\u03b4\u03b1 \u03bc\u03b1\u03c2 \u03c6\u03c1\u03bf\u03bd\u03c4\u03af\u03b6\u03b5\u03b9 \u03ce\u03c3\u03c4\u03b5 \u03ba\u03ac\u03b8\u03b5 \u03bb\u03b5\u03c0\u03c4\u03bf\u03bc\u03ad\u03c1\u03b5\u03b9\u03b1 \u03c4\u03bf\u03c5 \u03c4\u03b1\u03be\u03b9\u03b4\u03b9\u03bf\u03cd \u03bd\u03b1 \u03b5\u03af\u03bd\u03b1\u03b9 \u03c0\u03c1\u03bf\u03b3\u03c1\u03b1\u03bc\u03bc\u03b1\u03c4\u03b9\u03c3\u03bc\u03ad\u03bd\u03b7 \u03ba\u03b1\u03b9 \u03b1\u03c3\u03c6\u03b1\u03bb\u03ae\u03c2.<\/p>\t\t\t\t\t\t\t\t<\/div>\n\t\t\t\t<div class=\"elementor-element elementor-element-4ce8215 elementor-widget elementor-widget-heading\" data-id=\"4ce8215\" data-element_type=\"widget\" data-e-type=\"widget\" data-widget_type=\"heading.default\">\n\t\t\t\t\t<h3 class=\"elementor-heading-title elementor-size-default\">\u0395\u03bd\u03bf\u03b9\u03ba\u03af\u03b1\u03c3\u03b7 \u03bc\u03af\u03bd\u03b9 \u03bb\u03b5\u03c9\u03c6\u03bf\u03c1\u03b5\u03af\u03bf\u03c5 \u03c3\u03c4\u03b1 \u03a4\u03af\u03c1\u03b1\u03bd\u03b1 \u03b3\u03b9\u03b1 \u03b5\u03ba\u03b4\u03c1\u03bf\u03bc\u03ad\u03c2 \u03ba\u03b1\u03b9 \u03c4\u03bf\u03c5\u03c1\u03b9\u03c3\u03bc\u03cc<\/h3>\t\t\t\t<\/div>\n\t\t\t\t<div class=\"elementor-element elementor-element-9d6ee10 elementor-widget elementor-widget-text-editor\" data-id=\"9d6ee10\" data-element_type=\"widget\" data-e-type=\"widget\" data-widget_type=\"text-editor.default\">\n\t\t\t\t\t\t\t\t\t\u0393\u03b9\u03b1 \u03c4\u03bf\u03c5\u03c2 \u03bb\u03ac\u03c4\u03c1\u03b5\u03b9\u03c2 \u03c4\u03b7\u03c2 \u03c6\u03cd\u03c3\u03b7\u03c2 \u03ba\u03b1\u03b9 \u03c4\u03b7\u03c2 \u03b9\u03c3\u03c4\u03bf\u03c1\u03af\u03b1\u03c2, \u03bf\u03b9 \u03b7\u03bc\u03b5\u03c1\u03ae\u03c3\u03b9\u03b5\u03c2 \u03b5\u03ba\u03b4\u03c1\u03bf\u03bc\u03ad\u03c2 \u03c3\u03c4\u03b7\u03bd \u0391\u03bb\u03b2\u03b1\u03bd\u03af\u03b1 \u03ba\u03b1\u03b9 \u03c4\u03b1 \u0392\u03b1\u03bb\u03ba\u03ac\u03bd\u03b9\u03b1 \u03b5\u03af\u03bd\u03b1\u03b9 \u03c0\u03b9\u03bf \u03b1\u03c0\u03bb\u03ad\u03c2 \u03ba\u03b1\u03b9 \u03b5\u03c5\u03c7\u03ac\u03c1\u03b9\u03c3\u03c4\u03b5\u03c2 \u03bc\u03b5 \u03ad\u03bd\u03b1 \u03ac\u03bd\u03b5\u03c4\u03bf \u03bc\u03af\u03bd\u03b9 \u03bb\u03b5\u03c9\u03c6\u03bf\u03c1\u03b5\u03af\u03bf. \u039c\u03c0\u03bf\u03c1\u03b5\u03af\u03c4\u03b5 \u03bd\u03b1 \u03b5\u03c0\u03b9\u03c3\u03ba\u03b5\u03c6\u03b8\u03b5\u03af\u03c4\u03b5 \u03b9\u03c3\u03c4\u03bf\u03c1\u03b9\u03ba\u03ad\u03c2 \u03c0\u03cc\u03bb\u03b5\u03b9\u03c2, \u03c6\u03c5\u03c3\u03b9\u03ba\u03ac \u03c0\u03ac\u03c1\u03ba\u03b1 \u03ae \u03b9\u03b4\u03b9\u03b1\u03af\u03c4\u03b5\u03c1\u03bf\u03c5\u03c2 \u03c0\u03c1\u03bf\u03bf\u03c1\u03b9\u03c3\u03bc\u03bf\u03cd\u03c2 \u03c7\u03c9\u03c1\u03af\u03c2 \u03bd\u03b1 \u03b1\u03bd\u03b7\u03c3\u03c5\u03c7\u03b5\u03af\u03c4\u03b5 \u03b3\u03b9\u03b1 \u03c4\u03b7 \u03bc\u03b5\u03c4\u03b1\u03ba\u03af\u03bd\u03b7\u03c3\u03b7 \u03ae \u03c4\u03bf \u03c0\u03b1\u03c1\u03ba\u03ac\u03c1\u03b9\u03c3\u03bc\u03b1. \u03a4\u03b1 \u03bc\u03af\u03bd\u03b9 \u03bb\u03b5\u03c9\u03c6\u03bf\u03c1\u03b5\u03af\u03b1 \u03bc\u03b1\u03c2 \u03c0\u03c1\u03bf\u03c3\u03c6\u03ad\u03c1\u03bf\u03c5\u03bd \u03ac\u03bd\u03b5\u03c3\u03b7, \u03c7\u03ce\u03c1\u03bf \u03b3\u03b9\u03b1 \u03b1\u03c0\u03bf\u03c3\u03ba\u03b5\u03c5\u03ad\u03c2 \u03ba\u03b1\u03b9 \u03ba\u03bb\u03b9\u03bc\u03b1\u03c4\u03b9\u03c3\u03bc\u03cc, \u03ba\u03ac\u03bd\u03bf\u03bd\u03c4\u03b1\u03c2 \u03ba\u03ac\u03b8\u03b5 \u03c4\u03b1\u03be\u03af\u03b4\u03b9 \u03bc\u03b9\u03b1 \u03b5\u03c5\u03c7\u03ac\u03c1\u03b9\u03c3\u03c4\u03b7 \u03b5\u03bc\u03c0\u03b5\u03b9\u03c1\u03af\u03b1.\t\t\t\t\t\t\t\t<\/div>\n\t\t\t\t<div class=\"elementor-element elementor-element-7620457 elementor-widget elementor-widget-heading\" data-id=\"7620457\" data-element_type=\"widget\" data-e-type=\"widget\" data-widget_type=\"heading.default\">\n\t\t\t\t\t<h3 class=\"elementor-heading-title elementor-size-default\">\u0395\u03bd\u03bf\u03b9\u03ba\u03af\u03b1\u03c3\u03b7 \u03bc\u03af\u03bd\u03b9 \u03bb\u03b5\u03c9\u03c6\u03bf\u03c1\u03b5\u03af\u03bf\u03c5 \u03c3\u03c4\u03b1 \u03a4\u03af\u03c1\u03b1\u03bd\u03b1 \u03b3\u03b9\u03b1 \u03b9\u03b4\u03b9\u03c9\u03c4\u03b9\u03ba\u03ad\u03c2 \u03bc\u03b5\u03c4\u03b1\u03c6\u03bf\u03c1\u03ad\u03c2 \u03b1\u03c0\u03cc\/\u03c0\u03c1\u03bf\u03c2 \u03c4\u03bf \u03b1\u03b5\u03c1\u03bf\u03b4\u03c1\u03cc\u03bc\u03b9\u03bf<\/h3>\t\t\t\t<\/div>\n\t\t\t\t<div class=\"elementor-element elementor-element-86bb5c8 elementor-widget elementor-widget-text-editor\" data-id=\"86bb5c8\" data-element_type=\"widget\" data-e-type=\"widget\" data-widget_type=\"text-editor.default\">\n\t\t\t\t\t\t\t\t\t\u0395\u03ac\u03bd \u03b7 \u03c0\u03c4\u03ae\u03c3\u03b7 \u03c3\u03b1\u03c2 \u03b1\u03bd\u03b1\u03c7\u03c9\u03c1\u03b5\u03af \u03ae \u03c6\u03c4\u03ac\u03bd\u03b5\u03b9 \u03c3\u03c4\u03b1 \u03a4\u03af\u03c1\u03b1\u03bd\u03b1, \u03bf\u03b9 \u03b9\u03b4\u03b9\u03c9\u03c4\u03b9\u03ba\u03ad\u03c2 \u03bc\u03b5\u03c4\u03b1\u03c6\u03bf\u03c1\u03ad\u03c2 \u03b1\u03c0\u03cc\/\u03c0\u03c1\u03bf\u03c2 \u03c4\u03bf \u03b1\u03b5\u03c1\u03bf\u03b4\u03c1\u03cc\u03bc\u03b9\u03bf \u03b5\u03af\u03bd\u03b1\u03b9 \u03bf \u03c0\u03b9\u03bf \u03ac\u03bd\u03b5\u03c4\u03bf\u03c2 \u03ba\u03b1\u03b9 \u03b1\u03c3\u03c6\u03b1\u03bb\u03ae\u03c2 \u03c4\u03c1\u03cc\u03c0\u03bf\u03c2 \u03bd\u03b1 \u03be\u03b5\u03ba\u03b9\u03bd\u03ae\u03c3\u03b5\u03c4\u03b5 \u03ae \u03bd\u03b1 \u03bf\u03bb\u03bf\u03ba\u03bb\u03b7\u03c1\u03ce\u03c3\u03b5\u03c4\u03b5 \u03c4\u03bf \u03c4\u03b1\u03be\u03af\u03b4\u03b9 \u03c3\u03b1\u03c2. \u0397 \u03c5\u03c0\u03b7\u03c1\u03b5\u03c3\u03af\u03b1 \u03bc\u03b1\u03c2 \u03bc\u03b5 \u03b5\u03ba\u03c0\u03b1\u03b9\u03b4\u03b5\u03c5\u03bc\u03ad\u03bd\u03bf \u03bf\u03b4\u03b7\u03b3\u03cc \u03b5\u03be\u03b1\u03c3\u03c6\u03b1\u03bb\u03af\u03b6\u03b5\u03b9 \u03cc\u03c4\u03b9 \u03b8\u03b1 \u03c6\u03c4\u03ac\u03c3\u03b5\u03c4\u03b5 \u03c3\u03c4\u03bf\u03bd \u03c0\u03c1\u03bf\u03bf\u03c1\u03b9\u03c3\u03bc\u03cc \u03c3\u03b1\u03c2 \u03b5\u03b3\u03ba\u03b1\u03af\u03c1\u03c9\u03c2, \u03bc\u03b5 \u03ac\u03bd\u03b5\u03c3\u03b7 \u03ba\u03b1\u03b9 \u03c7\u03c9\u03c1\u03af\u03c2 \u03c4\u03bf \u03ac\u03b3\u03c7\u03bf\u03c2 \u03c4\u03c9\u03bd \u03b4\u03b7\u03bc\u03cc\u03c3\u03b9\u03c9\u03bd \u03bc\u03b5\u03c4\u03b1\u03c6\u03bf\u03c1\u03ce\u03bd.\t\t\t\t\t\t\t\t<\/div>\n\t\t\t\t<div class=\"elementor-element elementor-element-58b5ae3 elementor-widget elementor-widget-heading\" data-id=\"58b5ae3\" data-element_type=\"widget\" data-e-type=\"widget\" data-widget_type=\"heading.default\">\n\t\t\t\t\t<h3 class=\"elementor-heading-title elementor-size-default\">\u0393\u03b9\u03b1\u03c4\u03af \u03bd\u03b1 \u03b5\u03c0\u03b9\u03bb\u03ad\u03be\u03b5\u03c4\u03b5 \u03c4\u03bf minibus.al;<\/h3>\t\t\t\t<\/div>\n\t\t\t\t<div class=\"elementor-element elementor-element-6fcee1f elementor-widget elementor-widget-text-editor\" data-id=\"6fcee1f\" data-element_type=\"widget\" data-e-type=\"widget\" data-widget_type=\"text-editor.default\">\n\t\t\t\t\t\t\t\t\t\u039a\u03b1\u03c4\u03b1\u03bd\u03bf\u03bf\u03cd\u03bc\u03b5 \u03cc\u03c4\u03b9 \u03ba\u03ac\u03b8\u03b5 \u03c4\u03b1\u03be\u03af\u03b4\u03b9 \u03ad\u03c7\u03b5\u03b9 \u03b4\u03b9\u03b1\u03c6\u03bf\u03c1\u03b5\u03c4\u03b9\u03ba\u03ad\u03c2 \u03b1\u03bd\u03ac\u03b3\u03ba\u03b5\u03c2. \u0393\u03b9' \u03b1\u03c5\u03c4\u03cc \u03c0\u03c1\u03bf\u03c3\u03c6\u03ad\u03c1\u03bf\u03c5\u03bc\u03b5 \u03b4\u03b9\u03ac\u03c6\u03bf\u03c1\u03b1 \u03bc\u03af\u03bd\u03b9 \u03bb\u03b5\u03c9\u03c6\u03bf\u03c1\u03b5\u03af\u03b1 \u03b3\u03b9\u03b1 \u03bc\u03b9\u03ba\u03c1\u03ad\u03c2 \u03ba\u03b1\u03b9 \u03bc\u03b5\u03b3\u03ac\u03bb\u03b5\u03c2 \u03bf\u03bc\u03ac\u03b4\u03b5\u03c2, \u03b5\u03be\u03b1\u03c4\u03bf\u03bc\u03b9\u03ba\u03b5\u03c5\u03bc\u03ad\u03bd\u03b1 \u03b4\u03c1\u03bf\u03bc\u03bf\u03bb\u03cc\u03b3\u03b9\u03b1 \u03ba\u03b1\u03b9 \u03b5\u03c0\u03b1\u03b3\u03b3\u03b5\u03bb\u03bc\u03b1\u03c4\u03b9\u03ba\u03ac \u03b5\u03ba\u03c0\u03b1\u03b9\u03b4\u03b5\u03c5\u03bc\u03ad\u03bd\u03bf\u03c5\u03c2 \u03bf\u03b4\u03b7\u03b3\u03bf\u03cd\u03c2. \u0397 \u03b1\u03c3\u03c6\u03ac\u03bb\u03b5\u03b9\u03b1, \u03b7 \u03ac\u03bd\u03b5\u03c3\u03b7 \u03ba\u03b1\u03b9 \u03bf \u03b5\u03c0\u03b1\u03b3\u03b3\u03b5\u03bb\u03bc\u03b1\u03c4\u03b9\u03c3\u03bc\u03cc\u03c2 \u03b5\u03af\u03bd\u03b1\u03b9 \u03bf\u03b9 \u03b2\u03b1\u03c3\u03b9\u03ba\u03ad\u03c2 \u03bc\u03b1\u03c2 \u03b1\u03c1\u03c7\u03ad\u03c2, \u03b3\u03b9\u03b1 \u03bd\u03b1 \u03b5\u03be\u03b1\u03c3\u03c6\u03b1\u03bb\u03af\u03c3\u03bf\u03c5\u03bc\u03b5 \u03bc\u03b9\u03b1 \u03b5\u03c5\u03c7\u03ac\u03c1\u03b9\u03c3\u03c4\u03b7 \u03ba\u03b1\u03b9 \u03ae\u03c1\u03b5\u03bc\u03b7 \u03b5\u03bc\u03c0\u03b5\u03b9\u03c1\u03af\u03b1 \u03b3\u03b9\u03b1 \u03ba\u03ac\u03b8\u03b5 \u03b5\u03c0\u03b9\u03b2\u03ac\u03c4\u03b7.\t\t\t\t\t\t\t\t<\/div>\n\t\t\t\t<div class=\"elementor-element elementor-element-720ca0b elementor-widget elementor-widget-image\" data-id=\"720ca0b\" data-element_type=\"widget\" data-e-type=\"widget\" data-widget_type=\"image.default\">\n\t\t\t\t\t\t\t\t\t\t\t\t\t\t\t<img fetchpriority=\"high\" decoding=\"async\" width=\"800\" height=\"560\" src=\"https:\/\/minibus.al\/wp-content\/uploads\/2024\/01\/01-landscape.jpg\" class=\"attachment-large size-large wp-image-988652\" alt=\"\" srcset=\"https:\/\/minibus.al\/wp-content\/uploads\/2024\/01\/01-landscape.jpg 893w, https:\/\/minibus.al\/wp-content\/uploads\/2024\/01\/01-landscape-600x420.jpg 600w, https:\/\/minibus.al\/wp-content\/uploads\/2024\/01\/01-landscape-300x210.jpg 300w, https:\/\/minibus.al\/wp-content\/uploads\/2024\/01\/01-landscape-768x538.jpg 768w, https:\/\/minibus.al\/wp-content\/uploads\/2024\/01\/01-landscape-630x441.jpg 630w, https:\/\/minibus.al\/wp-content\/uploads\/2024\/01\/01-landscape-420x294.jpg 420w, https:\/\/minibus.al\/wp-content\/uploads\/2024\/01\/01-landscape-840x588.jpg 840w, https:\/\/minibus.al\/wp-content\/uploads\/2024\/01\/01-landscape-315x220.jpg 315w\" sizes=\"(max-width: 800px) 100vw, 800px\" title=\"\">\t\t\t\t\t\t\t\t\t\t\t\t\t\t\t<\/div>\n\t\t\t\t<div class=\"elementor-element elementor-element-a1e27ad elementor-widget elementor-widget-heading\" data-id=\"a1e27ad\" data-element_type=\"widget\" data-e-type=\"widget\" data-widget_type=\"heading.default\">\n\t\t\t\t\t<h3 class=\"elementor-heading-title elementor-size-default\">\u03a0\u03ce\u03c2 \u03bb\u03b5\u03b9\u03c4\u03bf\u03c5\u03c1\u03b3\u03b5\u03af;<\/h3>\t\t\t\t<\/div>\n\t\t\t\t<div class=\"elementor-element elementor-element-83c2353 elementor-widget elementor-widget-text-editor\" data-id=\"83c2353\" data-element_type=\"widget\" data-e-type=\"widget\" data-widget_type=\"text-editor.default\">\n\t\t\t\t\t\t\t\t\t<p>\u0397 \u03ba\u03c1\u03ac\u03c4\u03b7\u03c3\u03b7 \u03b5\u03af\u03bd\u03b1\u03b9 \u03b1\u03c0\u03bb\u03ae: \u03b5\u03c0\u03b9\u03bb\u03ad\u03be\u03c4\u03b5 \u03c4\u03bf\u03bd \u03c0\u03c1\u03bf\u03bf\u03c1\u03b9\u03c3\u03bc\u03cc, \u03c4\u03b7\u03bd \u03b7\u03bc\u03b5\u03c1\u03bf\u03bc\u03b7\u03bd\u03af\u03b1 \u03ba\u03b1\u03b9 \u03c4\u03bf\u03bd \u03c4\u03cd\u03c0\u03bf \u03bc\u03af\u03bd\u03b9 \u03bb\u03b5\u03c9\u03c6\u03bf\u03c1\u03b5\u03af\u03bf\u03c5 \u03c0\u03bf\u03c5 \u03c7\u03c1\u03b5\u03b9\u03ac\u03b6\u03b5\u03c3\u03c4\u03b5. \u039f \u03b5\u03c0\u03b1\u03b3\u03b3\u03b5\u03bb\u03bc\u03b1\u03c4\u03af\u03b1\u03c2 \u03bf\u03b4\u03b7\u03b3\u03cc\u03c2 \u03bc\u03b1\u03c2 \u03b8\u03b1 \u03b2\u03c1\u03af\u03c3\u03ba\u03b5\u03c4\u03b1\u03b9 \u03c3\u03c4\u03bf\u03bd \u03ba\u03b1\u03b8\u03bf\u03c1\u03b9\u03c3\u03bc\u03ad\u03bd\u03bf \u03c4\u03cc\u03c0\u03bf \u03ba\u03b1\u03b9 \u03c7\u03c1\u03cc\u03bd\u03bf, \u03b5\u03be\u03b1\u03c3\u03c6\u03b1\u03bb\u03af\u03b6\u03bf\u03bd\u03c4\u03b1\u03c2 \u03ad\u03bd\u03b1 \u03ac\u03bd\u03b5\u03c4\u03bf \u03ba\u03b1\u03b9 \u03c7\u03c9\u03c1\u03af\u03c2 \u03ac\u03b3\u03c7\u03bf\u03c2 \u03c4\u03b1\u03be\u03af\u03b4\u03b9. \u0395\u03c0\u03b9\u03ba\u03bf\u03b9\u03bd\u03c9\u03bd\u03ae\u03c3\u03c4\u03b5 \u03c3\u03ae\u03bc\u03b5\u03c1\u03b1 \u03b3\u03b9\u03b1 \u03bd\u03b1 \u03ba\u03bb\u03b5\u03af\u03c3\u03b5\u03c4\u03b5 \u03c4\u03bf \u03bc\u03af\u03bd\u03b9 \u03bb\u03b5\u03c9\u03c6\u03bf\u03c1\u03b5\u03af\u03bf \u03c3\u03b1\u03c2 \u03bc\u03b5 \u03bf\u03b4\u03b7\u03b3\u03cc \u03c3\u03c4\u03b1 \u03a4\u03af\u03c1\u03b1\u03bd\u03b1 \u03ba\u03b1\u03b9 \u03ba\u03ac\u03bd\u03c4\u03b5 \u03ba\u03ac\u03b8\u03b5 \u03c4\u03b1\u03be\u03af\u03b4\u03b9 \u03be\u03b5\u03c7\u03c9\u03c1\u03b9\u03c3\u03c4\u03cc \u2013 \u03b5\u03af\u03c4\u03b5 \u03c0\u03c1\u03cc\u03ba\u03b5\u03b9\u03c4\u03b1\u03b9 \u03b3\u03b9\u03b1 \u03b5\u03ba\u03b4\u03ae\u03bb\u03c9\u03c3\u03b7, \u03b5\u03ba\u03b4\u03c1\u03bf\u03bc\u03ae \u03ae \u03bc\u03b5\u03c4\u03b1\u03c6\u03bf\u03c1\u03ac \u03b1\u03c0\u03cc\/\u03c0\u03c1\u03bf\u03c2 \u03c4\u03bf \u03b1\u03b5\u03c1\u03bf\u03b4\u03c1\u03cc\u03bc\u03b9\u03bf \u2013 \u03bc\u03b9\u03b1 \u03b1\u03be\u03ad\u03c7\u03b1\u03c3\u03c4\u03b7 \u03b5\u03bc\u03c0\u03b5\u03b9\u03c1\u03af\u03b1.<\/p>\t\t\t\t\t\t\t\t<\/div>\n\t\t\t\t<\/div>\n\t\t<div class=\"elementor-element elementor-element-48e150d e-con-full e-flex e-con e-child\" data-id=\"48e150d\" data-element_type=\"container\" data-e-type=\"container\">\n\t\t<div class=\"elementor-element elementor-element-1a9e61a e-flex e-con-boxed e-con e-child\" data-id=\"1a9e61a\" data-element_type=\"container\" data-e-type=\"container\" data-settings=\"{&quot;background_background&quot;:&quot;classic&quot;}\">\n\t\t\t\t\t<div class=\"e-con-inner\">\n\t\t\t\t<div class=\"elementor-element elementor-element-7723e84 elementor-widget__width-auto elementor-widget elementor-widget-heading\" data-id=\"7723e84\" data-element_type=\"widget\" data-e-type=\"widget\" data-widget_type=\"heading.default\">\n\t\t\t\t\t<h3 class=\"elementor-heading-title elementor-size-default\">\u0388\u03ba\u03c0\u03c4\u03c9\u03c3\u03b7 10%<\/h3>\t\t\t\t<\/div>\n\t\t\t\t<div class=\"elementor-element elementor-element-c5ce195 elementor-widget__width-auto elementor-widget elementor-widget-heading\" data-id=\"c5ce195\" data-element_type=\"widget\" data-e-type=\"widget\" data-widget_type=\"heading.default\">\n\t\t\t\t\t<div class=\"elementor-heading-title elementor-size-default\">\u0388\u03ba\u03c0\u03c4\u03c9\u03c3\u03b7 \u03ad\u03c9\u03c2 \u03ba\u03b1\u03b9 10% \u03b3\u03b9\u03b1 \u03ba\u03ac\u03b8\u03b5 \u03ba\u03c1\u03ac\u03c4\u03b7\u03c3\u03b7 \u03ad\u03c9\u03c2 \u03c4\u03b9\u03c2 31 \u039c\u03b1\u0390\u03bf\u03c5 2026!<\/div>\t\t\t\t<\/div>\n\t\t\t\t\t<\/div>\n\t\t\t\t<\/div>\n\t\t<div class=\"elementor-element elementor-element-89932a7 e-con-full e-flex e-con e-child\" data-id=\"89932a7\" data-element_type=\"container\" data-e-type=\"container\">\n\t\t\t\t<div class=\"elementor-element elementor-element-08519e8 elementor-widget__width-initial elementor-widget elementor-widget-image\" data-id=\"08519e8\" data-element_type=\"widget\" data-e-type=\"widget\" data-widget_type=\"image.default\">\n\t\t\t\t\t\t\t\t\t\t\t\t\t\t\t\t<a href=\"#\">\n\t\t\t\t\t\t\t<img decoding=\"async\" width=\"630\" height=\"441\" src=\"https:\/\/minibus.al\/wp-content\/uploads\/2025\/10\/Transfer-416_2268_0182-landscape-630x441-1.jpg\" class=\"attachment-full size-full wp-image-988709\" alt=\"\" srcset=\"https:\/\/minibus.al\/wp-content\/uploads\/2025\/10\/Transfer-416_2268_0182-landscape-630x441-1.jpg 630w, https:\/\/minibus.al\/wp-content\/uploads\/2025\/10\/Transfer-416_2268_0182-landscape-630x441-1-600x420.jpg 600w, https:\/\/minibus.al\/wp-content\/uploads\/2025\/10\/Transfer-416_2268_0182-landscape-630x441-1-300x210.jpg 300w, https:\/\/minibus.al\/wp-content\/uploads\/2025\/10\/Transfer-416_2268_0182-landscape-630x441-1-420x294.jpg 420w, https:\/\/minibus.al\/wp-content\/uploads\/2025\/10\/Transfer-416_2268_0182-landscape-630x441-1-315x221.jpg 315w\" sizes=\"(max-width: 630px) 100vw, 630px\" title=\"\">\t\t\t\t\t\t\t\t<\/a>\n\t\t\t\t\t\t\t\t\t\t\t\t\t\t\t<\/div>\n\t\t\t\t<div class=\"elementor-element elementor-element-123d892 elementor-widget__width-initial elementor-widget elementor-widget-heading\" data-id=\"123d892\" data-element_type=\"widget\" data-e-type=\"widget\" data-widget_type=\"heading.default\">\n\t\t\t\t\t<h3 class=\"elementor-heading-title elementor-size-default\"><a href=\"#\">\u0399\u03b4\u03b9\u03c9\u03c4\u03b9\u03ba\u03ad\u03c2 \u03bc\u03b5\u03c4\u03b1\u03c6\u03bf\u03c1\u03ad\u03c2 \u03b1\u03c0\u03cc \u03c4\u03bf \u03b1\u03b5\u03c1\u03bf\u03b4\u03c1\u03cc\u03bc\u03b9\u03bf<\/a><\/h3>\t\t\t\t<\/div>\n\t\t\t\t<\/div>\n\t\t<div class=\"elementor-element elementor-element-2655fa7 e-con-full e-flex e-con e-child\" data-id=\"2655fa7\" data-element_type=\"container\" data-e-type=\"container\">\n\t\t\t\t<div class=\"elementor-element elementor-element-88d6d37 elementor-widget__width-initial elementor-widget elementor-widget-image\" data-id=\"88d6d37\" data-element_type=\"widget\" data-e-type=\"widget\" data-widget_type=\"image.default\">\n\t\t\t\t\t\t\t\t\t\t\t\t\t\t\t\t<a href=\"#\">\n\t\t\t\t\t\t\t<img decoding=\"async\" width=\"800\" height=\"560\" src=\"https:\/\/minibus.al\/wp-content\/uploads\/2024\/01\/Crop800x600-landscape.jpeg\" class=\"attachment-full size-full wp-image-988653\" alt=\"\" srcset=\"https:\/\/minibus.al\/wp-content\/uploads\/2024\/01\/Crop800x600-landscape.jpeg 800w, https:\/\/minibus.al\/wp-content\/uploads\/2024\/01\/Crop800x600-landscape-600x420.jpeg 600w, https:\/\/minibus.al\/wp-content\/uploads\/2024\/01\/Crop800x600-landscape-300x210.jpeg 300w, https:\/\/minibus.al\/wp-content\/uploads\/2024\/01\/Crop800x600-landscape-768x538.jpeg 768w, https:\/\/minibus.al\/wp-content\/uploads\/2024\/01\/Crop800x600-landscape-630x441.jpeg 630w, https:\/\/minibus.al\/wp-content\/uploads\/2024\/01\/Crop800x600-landscape-420x294.jpeg 420w, https:\/\/minibus.al\/wp-content\/uploads\/2024\/01\/Crop800x600-landscape-315x221.jpeg 315w\" sizes=\"(max-width: 800px) 100vw, 800px\" title=\"\">\t\t\t\t\t\t\t\t<\/a>\n\t\t\t\t\t\t\t\t\t\t\t\t\t\t\t<\/div>\n\t\t\t\t<div class=\"elementor-element elementor-element-87f3665 elementor-widget__width-initial elementor-widget elementor-widget-heading\" data-id=\"87f3665\" data-element_type=\"widget\" data-e-type=\"widget\" data-widget_type=\"heading.default\">\n\t\t\t\t\t<h3 class=\"elementor-heading-title elementor-size-default\"><a href=\"#\">\u039c\u03b5\u03c4\u03b1\u03c6\u03bf\u03c1\u03ac \u03bc\u03b5 \u03b9\u03b4\u03b9\u03c9\u03c4\u03b9\u03ba\u03cc \u03bf\u03b4\u03b7\u03b3\u03cc<\/a><\/h3>\t\t\t\t<\/div>\n\t\t\t\t<\/div>\n\t\t\t\t<\/div>\n\t\t\t\t\t<\/div>\n\t\t\t\t<\/div>\n\t\t\t\t<\/div>","protected":false},"excerpt":{"rendered":"<p>Minibus me qira me shofer n\u00eb Tiran\u00eb. Kur planifikoni nj\u00eb udh\u00ebtim, qoft\u00eb p\u00ebr pun\u00eb, pushime apo aktivitete sociale, minibus\u00ebt me qira me shofer n\u00eb Tiran\u00eb ofrojn\u00eb nj\u00eb zgjidhje t\u00eb rehatshme, t\u00eb sigurt dhe fleksib\u00ebl. Nga transfertat n\u00eb aeroport, tek turet kulturore dhe ekskursione n\u00eb natyr\u00eb, k\u00ebto sh\u00ebrbime jan\u00eb t\u00eb p\u00ebrshtatura p\u00ebr \u00e7do nevoj\u00eb dhe grup [&hellip;]<\/p>\n","protected":false},"author":1,"featured_media":0,"parent":0,"menu_order":0,"comment_status":"closed","ping_status":"closed","template":"","meta":{"footnotes":""},"class_list":["post-988794","page","type-page","status-publish","hentry"],"_links":{"self":[{"href":"https:\/\/minibus.al\/el\/wp-json\/wp\/v2\/pages\/988794","targetHints":{"allow":["GET"]}}],"collection":[{"href":"https:\/\/minibus.al\/el\/wp-json\/wp\/v2\/pages"}],"about":[{"href":"https:\/\/minibus.al\/el\/wp-json\/wp\/v2\/types\/page"}],"author":[{"embeddable":true,"href":"https:\/\/minibus.al\/el\/wp-json\/wp\/v2\/users\/1"}],"replies":[{"embeddable":true,"href":"https:\/\/minibus.al\/el\/wp-json\/wp\/v2\/comments?post=988794"}],"version-history":[{"count":4,"href":"https:\/\/minibus.al\/el\/wp-json\/wp\/v2\/pages\/988794\/revisions"}],"predecessor-version":[{"id":988799,"href":"https:\/\/minibus.al\/el\/wp-json\/wp\/v2\/pages\/988794\/revisions\/988799"}],"wp:attachment":[{"href":"https:\/\/minibus.al\/el\/wp-json\/wp\/v2\/media?parent=988794"}],"curies":[{"name":"wp","href":"https:\/\/api.w.org\/{rel}","templated":true}]}}