{"id":988766,"date":"2025-10-15T11:09:10","date_gmt":"2025-10-15T11:09:10","guid":{"rendered":"https:\/\/minibus.al\/?page_id=988766"},"modified":"2026-01-10T09:33:44","modified_gmt":"2026-01-10T09:33:44","slug":"%ce%b5%ce%bd%ce%bf%ce%b9%ce%ba%ce%af%ce%b1%cf%83%ce%b7-%ce%bc%ce%af%ce%bd%ce%b9-%ce%bb%ce%b5%cf%89%cf%86%ce%bf%cf%81%ce%b5%ce%af%ce%bf%cf%85-%ce%bc%ce%b5-%ce%bf%ce%b4%ce%b7%ce%b3%cf%8c-%cf%83%cf%84-3","status":"publish","type":"page","link":"https:\/\/minibus.al\/el\/minibus-me-qira-me-shofer-ne-durres\/","title":{"rendered":"\u039c\u03af\u03bd\u03b9 \u03bb\u03b5\u03c9\u03c6\u03bf\u03c1\u03b5\u03af\u03bf \u03c0\u03c1\u03bf\u03c2 \u03b5\u03bd\u03bf\u03b9\u03ba\u03af\u03b1\u03c3\u03b7 \u03bc\u03b5 \u03bf\u03b4\u03b7\u03b3\u03cc \u03c3\u03c4\u03bf \u0394\u03c5\u03c1\u03c1\u03ac\u03c7\u03b9\u03bf"},"content":{"rendered":"<div data-elementor-type=\"wp-page\" data-elementor-id=\"988766\" class=\"elementor elementor-988766\">\n\t\t\t\t<div class=\"elementor-element elementor-element-7d720d8e e-flex e-con-boxed e-con e-parent\" data-id=\"7d720d8e\" data-element_type=\"container\" data-e-type=\"container\" data-settings=\"{&quot;background_background&quot;:&quot;classic&quot;}\">\n\t\t\t\t\t<div class=\"e-con-inner\">\n\t\t<div class=\"elementor-element elementor-element-7b8858d8 e-con-full e-flex e-con e-child\" data-id=\"7b8858d8\" data-element_type=\"container\" data-e-type=\"container\">\n\t\t\t\t<div class=\"elementor-element elementor-element-86ad02f elementor-widget elementor-widget-heading\" data-id=\"86ad02f\" data-element_type=\"widget\" data-e-type=\"widget\" data-widget_type=\"heading.default\">\n\t\t\t\t\t<h1 class=\"elementor-heading-title elementor-size-default\">\u039c\u03af\u03bd\u03b9 \u03bb\u03b5\u03c9\u03c6\u03bf\u03c1\u03b5\u03af\u03bf \u03c0\u03c1\u03bf\u03c2 \u03b5\u03bd\u03bf\u03b9\u03ba\u03af\u03b1\u03c3\u03b7 \u03bc\u03b5 \u03bf\u03b4\u03b7\u03b3\u03cc \u03c3\u03c4\u03bf \u0394\u03c5\u03c1\u03c1\u03ac\u03c7\u03b9\u03bf\n<\/h1>\t\t\t\t<\/div>\n\t\t\t\t<\/div>\n\t\t\t\t\t<\/div>\n\t\t\t\t<\/div>\n\t\t<div class=\"elementor-element elementor-element-63fb7903 e-flex e-con-boxed e-con e-parent\" data-id=\"63fb7903\" data-element_type=\"container\" data-e-type=\"container\" data-settings=\"{&quot;background_background&quot;:&quot;classic&quot;}\">\n\t\t\t\t\t<div class=\"e-con-inner\">\n\t\t<div class=\"elementor-element elementor-element-37610d59 e-con-full e-flex e-con e-child\" data-id=\"37610d59\" data-element_type=\"container\" data-e-type=\"container\">\n\t\t\t\t<div class=\"elementor-element elementor-element-3330c822 elementor-widget elementor-widget-text-editor\" data-id=\"3330c822\" data-element_type=\"widget\" data-e-type=\"widget\" data-widget_type=\"text-editor.default\">\n\t\t\t\t\t\t\t\t\t<p>\u0391\u03bd \u03c3\u03c7\u03b5\u03b4\u03b9\u03ac\u03b6\u03b5\u03c4\u03b5 \u03ad\u03bd\u03b1 \u03ac\u03bd\u03b5\u03c4\u03bf \u03c4\u03b1\u03be\u03af\u03b4\u03b9 \u03c3\u03c4\u03bf \u0394\u03c5\u03c1\u03c1\u03ac\u03c7\u03b9\u03bf \u03ba\u03b1\u03b9 \u03c7\u03c1\u03b5\u03b9\u03ac\u03b6\u03b5\u03c3\u03c4\u03b5 \u03ad\u03bd\u03b1 \u03bc\u03af\u03bd\u03b9 \u03bb\u03b5\u03c9\u03c6\u03bf\u03c1\u03b5\u03af\u03bf \u03c0\u03c1\u03bf\u03c2 \u03b5\u03bd\u03bf\u03b9\u03ba\u03af\u03b1\u03c3\u03b7, \u03b7 \u03c5\u03c0\u03b7\u03c1\u03b5\u03c3\u03af\u03b1 \u03bc\u03b1\u03c2 \u03bc\u03b5 \u03bc\u03af\u03bd\u03b9 \u03bb\u03b5\u03c9\u03c6\u03bf\u03c1\u03b5\u03af\u03b1 \u03ba\u03b1\u03b9 \u03bf\u03b4\u03b7\u03b3\u03cc \u03b5\u03af\u03bd\u03b1\u03b9 \u03b7 \u03b9\u03b4\u03b1\u03bd\u03b9\u03ba\u03ae \u03bb\u03cd\u03c3\u03b7. \u03a0\u03c1\u03bf\u03c3\u03c6\u03ad\u03c1\u03bf\u03c5\u03bc\u03b5 \u03b5\u03c0\u03b1\u03b3\u03b3\u03b5\u03bb\u03bc\u03b1\u03c4\u03b9\u03ba\u03ac \u03b5\u03ba\u03c0\u03b1\u03b9\u03b4\u03b5\u03c5\u03bc\u03ad\u03bd\u03bf\u03c5\u03c2 \u03bf\u03b4\u03b7\u03b3\u03bf\u03cd\u03c2, \u03c3\u03cd\u03b3\u03c7\u03c1\u03bf\u03bd\u03b1 \u03ba\u03b1\u03b9 \u03ba\u03b1\u03bb\u03ac \u03c3\u03c5\u03bd\u03c4\u03b7\u03c1\u03b7\u03bc\u03ad\u03bd\u03b1 \u03bf\u03c7\u03ae\u03bc\u03b1\u03c4\u03b1, \u03b5\u03be\u03b1\u03c3\u03c6\u03b1\u03bb\u03af\u03b6\u03bf\u03bd\u03c4\u03b1\u03c2 \u03bc\u03b9\u03b1 \u03b1\u03c3\u03c6\u03b1\u03bb\u03ae \u03ba\u03b1\u03b9 \u03ac\u03bd\u03b5\u03c4\u03b7 \u03c4\u03b1\u03be\u03b9\u03b4\u03b9\u03c9\u03c4\u03b9\u03ba\u03ae \u03b5\u03bc\u03c0\u03b5\u03b9\u03c1\u03af\u03b1.<\/p><p>\u0397 \u03c5\u03c0\u03b7\u03c1\u03b5\u03c3\u03af\u03b1 \u03bc\u03b1\u03c2 \u03b5\u03af\u03bd\u03b1\u03b9 \u03ba\u03b1\u03c4\u03ac\u03bb\u03bb\u03b7\u03bb\u03b7 \u03b3\u03b9\u03b1 \u03bf\u03bc\u03ac\u03b4\u03b5\u03c2, \u03b5\u03ba\u03b4\u03b7\u03bb\u03ce\u03c3\u03b5\u03b9\u03c2, \u03bc\u03b5\u03c4\u03b1\u03c6\u03bf\u03c1\u03ad\u03c2 \u03b1\u03c0\u03cc\/\u03c0\u03c1\u03bf\u03c2 \u03b1\u03b5\u03c1\u03bf\u03b4\u03c1\u03cc\u03bc\u03b9\u03bf \u03ae \u03c4\u03bf\u03c5\u03c1\u03b9\u03c3\u03c4\u03b9\u03ba\u03ac \u03c4\u03b1\u03be\u03af\u03b4\u03b9\u03b1.\u00a0<\/p>\t\t\t\t\t\t\t\t<\/div>\n\t\t\t\t<div class=\"elementor-element elementor-element-d85ac05 elementor-widget elementor-widget-text-editor\" data-id=\"d85ac05\" data-element_type=\"widget\" data-e-type=\"widget\" data-widget_type=\"text-editor.default\">\n\t\t\t\t\t\t\t\t\t<p>\u0397 Minibus.al \u03c0\u03c1\u03bf\u03c3\u03c6\u03ad\u03c1\u03b5\u03b9 \u03bc\u03af\u03bd\u03b9 \u03bb\u03b5\u03c9\u03c6\u03bf\u03c1\u03b5\u03af\u03b1 \u03c0\u03c1\u03bf\u03c2 \u03b5\u03bd\u03bf\u03b9\u03ba\u03af\u03b1\u03c3\u03b7 \u03bc\u03b5 \u03bf\u03b4\u03b7\u03b3\u03cc \u03c3\u03c4\u03b7\u03bd \u0391\u03bb\u03b2\u03b1\u03bd\u03af\u03b1, \u03ba\u03c5\u03c1\u03af\u03c9\u03c2 \u03c3\u03c4\u03b1 \u03a4\u03af\u03c1\u03b1\u03bd\u03b1, \u0394\u03c5\u03c1\u03c1\u03ac\u03c7\u03b9\u03bf, \u03a3\u03ba\u03cc\u03b4\u03c1\u03b1, \u0392\u03bb\u03cc\u03c1\u03b1, \u03a3\u03b1\u03c1\u03ac\u03bd\u03c4\u03b1 \u03ba\u03b1\u03b9 \u03ac\u03bb\u03bb\u03b5\u03c2 \u03c0\u03cc\u03bb\u03b5\u03b9\u03c2. \u0396\u03ae\u03c3\u03c4\u03b5 \u03bc\u03ad\u03b3\u03b9\u03c3\u03c4\u03b7 \u03ac\u03bd\u03b5\u03c3\u03b7 \u03ba\u03b1\u03b9 \u03ba\u03b1\u03b8\u03b1\u03c1\u03ae \u03b5\u03c5\u03c7\u03b1\u03c1\u03af\u03c3\u03c4\u03b7\u03c3\u03b7 \u03cc\u03c3\u03bf\u03bd \u03b1\u03c6\u03bf\u03c1\u03ac \u03c4\u03b9\u03c2 \u03bc\u03b5\u03c4\u03b1\u03c6\u03bf\u03c1\u03ad\u03c2, \u03b5\u03c0\u03b9\u03bb\u03ad\u03b3\u03bf\u03bd\u03c4\u03b1\u03c2 \u03c4\u03b9\u03c2 \u03c5\u03c0\u03b7\u03c1\u03b5\u03c3\u03af\u03b5\u03c2 \u03b5\u03bd\u03bf\u03b9\u03ba\u03af\u03b1\u03c3\u03b7\u03c2 \u03bc\u03af\u03bd\u03b9 \u03bb\u03b5\u03c9\u03c6\u03bf\u03c1\u03b5\u03af\u03c9\u03bd \u03bc\u03b1\u03c2.\u00a0<\/p>\t\t\t\t\t\t\t\t<\/div>\n\t\t\t\t<div class=\"elementor-element elementor-element-b13c782 elementor-widget elementor-widget-heading\" data-id=\"b13c782\" data-element_type=\"widget\" data-e-type=\"widget\" data-widget_type=\"heading.default\">\n\t\t\t\t\t<h3 class=\"elementor-heading-title elementor-size-default\">\u0393\u03b9\u03b1\u03c4\u03af \u03bd\u03b1 \u03b5\u03c0\u03b9\u03bb\u03ad\u03be\u03b5\u03c4\u03b5 \u03c4\u03bf minibus.al;<\/h3>\t\t\t\t<\/div>\n\t\t\t\t<div class=\"elementor-element elementor-element-3e11a91c elementor-view-stacked elementor-position-inline-start elementor-mobile-position-inline-start elementor-shape-circle elementor-widget elementor-widget-icon-box\" data-id=\"3e11a91c\" data-element_type=\"widget\" data-e-type=\"widget\" data-widget_type=\"icon-box.default\">\n\t\t\t\t\t\t\t<div class=\"elementor-icon-box-wrapper\">\n\n\t\t\t\t\t\t<div class=\"elementor-icon-box-icon\">\n\t\t\t\t<span  class=\"elementor-icon\">\n\t\t\t\t<svg aria-hidden=\"true\" class=\"e-font-icon-svg e-fas-check\" viewbox=\"0 0 512 512\" xmlns=\"http:\/\/www.w3.org\/2000\/svg\"><path d=\"M173.898 439.404l-166.4-166.4c-9.997-9.997-9.997-26.206 0-36.204l36.203-36.204c9.997-9.998 26.207-9.998 36.204 0L192 312.69 432.095 72.596c9.997-9.997 26.207-9.997 36.204 0l36.203 36.204c9.997 9.997 9.997 26.206 0 36.204l-294.4 294.401c-9.998 9.997-26.207 9.997-36.204-.001z\"><\/path><\/svg>\t\t\t\t<\/span>\n\t\t\t<\/div>\n\t\t\t\n\t\t\t\t\t\t<div class=\"elementor-icon-box-content\">\n\n\t\t\t\t\t\t\t\t\t<h3 class=\"elementor-icon-box-title\">\n\t\t\t\t\t\t<span  >\n\t\t\t\t\t\t\t\u0394\u03b9\u03b1\u03c6\u03b1\u03bd\u03b5\u03af\u03c2 \u03c4\u03b9\u03bc\u03ad\u03c2, \u03c7\u03c9\u03c1\u03af\u03c2 \u03ba\u03c1\u03c5\u03c6\u03ad\u03c2 \u03c7\u03c1\u03b5\u03ce\u03c3\u03b5\u03b9\u03c2 \u03ae \u03c5\u03c8\u03b7\u03bb\u03ad\u03c2 \u03c4\u03b9\u03bc\u03ad\u03c2.\t\t\t\t\t\t<\/span>\n\t\t\t\t\t<\/h3>\n\t\t\t\t\n\t\t\t\t\n\t\t\t<\/div>\n\t\t\t\n\t\t<\/div>\n\t\t\t\t\t\t<\/div>\n\t\t\t\t<div class=\"elementor-element elementor-element-315ca039 elementor-view-stacked elementor-position-inline-start elementor-mobile-position-inline-start elementor-shape-circle elementor-widget elementor-widget-icon-box\" data-id=\"315ca039\" data-element_type=\"widget\" data-e-type=\"widget\" data-widget_type=\"icon-box.default\">\n\t\t\t\t\t\t\t<div class=\"elementor-icon-box-wrapper\">\n\n\t\t\t\t\t\t<div class=\"elementor-icon-box-icon\">\n\t\t\t\t<span  class=\"elementor-icon\">\n\t\t\t\t<svg aria-hidden=\"true\" class=\"e-font-icon-svg e-fas-check\" viewbox=\"0 0 512 512\" xmlns=\"http:\/\/www.w3.org\/2000\/svg\"><path d=\"M173.898 439.404l-166.4-166.4c-9.997-9.997-9.997-26.206 0-36.204l36.203-36.204c9.997-9.998 26.207-9.998 36.204 0L192 312.69 432.095 72.596c9.997-9.997 26.207-9.997 36.204 0l36.203 36.204c9.997 9.997 9.997 26.206 0 36.204l-294.4 294.401c-9.998 9.997-26.207 9.997-36.204-.001z\"><\/path><\/svg>\t\t\t\t<\/span>\n\t\t\t<\/div>\n\t\t\t\n\t\t\t\t\t\t<div class=\"elementor-icon-box-content\">\n\n\t\t\t\t\t\t\t\t\t<h3 class=\"elementor-icon-box-title\">\n\t\t\t\t\t\t<span  >\n\t\t\t\t\t\t\t\u0395\u03c0\u03b1\u03b3\u03b3\u03b5\u03bb\u03bc\u03b1\u03c4\u03b9\u03ba\u03ac \u03b5\u03ba\u03c0\u03b1\u03b9\u03b4\u03b5\u03c5\u03bc\u03ad\u03bd\u03bf\u03b9 \u03bf\u03b4\u03b7\u03b3\u03bf\u03af, \u03bc\u03b5 \u03b3\u03bd\u03ce\u03c3\u03b7 \u03ba\u03b1\u03b9 \u03b1\u03c3\u03c6\u03ac\u03bb\u03b5\u03b9\u03b1.\t\t\t\t\t\t<\/span>\n\t\t\t\t\t<\/h3>\n\t\t\t\t\n\t\t\t\t\n\t\t\t<\/div>\n\t\t\t\n\t\t<\/div>\n\t\t\t\t\t\t<\/div>\n\t\t\t\t<div class=\"elementor-element elementor-element-30ad5913 elementor-view-stacked elementor-position-inline-start elementor-mobile-position-inline-start elementor-shape-circle elementor-widget elementor-widget-icon-box\" data-id=\"30ad5913\" data-element_type=\"widget\" data-e-type=\"widget\" data-widget_type=\"icon-box.default\">\n\t\t\t\t\t\t\t<div class=\"elementor-icon-box-wrapper\">\n\n\t\t\t\t\t\t<div class=\"elementor-icon-box-icon\">\n\t\t\t\t<span  class=\"elementor-icon\">\n\t\t\t\t<svg aria-hidden=\"true\" class=\"e-font-icon-svg e-fas-check\" viewbox=\"0 0 512 512\" xmlns=\"http:\/\/www.w3.org\/2000\/svg\"><path d=\"M173.898 439.404l-166.4-166.4c-9.997-9.997-9.997-26.206 0-36.204l36.203-36.204c9.997-9.998 26.207-9.998 36.204 0L192 312.69 432.095 72.596c9.997-9.997 26.207-9.997 36.204 0l36.203 36.204c9.997 9.997 9.997 26.206 0 36.204l-294.4 294.401c-9.998 9.997-26.207 9.997-36.204-.001z\"><\/path><\/svg>\t\t\t\t<\/span>\n\t\t\t<\/div>\n\t\t\t\n\t\t\t\t\t\t<div class=\"elementor-icon-box-content\">\n\n\t\t\t\t\t\t\t\t\t<h3 class=\"elementor-icon-box-title\">\n\t\t\t\t\t\t<span  >\n\t\t\t\t\t\t\t\u0395\u03cd\u03ba\u03bf\u03bb\u03b7 \u03ba\u03b1\u03b9 \u03b1\u03c3\u03c6\u03b1\u03bb\u03ae\u03c2 online \u03ba\u03c1\u03ac\u03c4\u03b7\u03c3\u03b7, \u03b4\u03b9\u03b1\u03b8\u03ad\u03c3\u03b9\u03bc\u03b7 24\/7.\t\t\t\t\t\t<\/span>\n\t\t\t\t\t<\/h3>\n\t\t\t\t\n\t\t\t\t\n\t\t\t<\/div>\n\t\t\t\n\t\t<\/div>\n\t\t\t\t\t\t<\/div>\n\t\t\t\t<div class=\"elementor-element elementor-element-22037331 elementor-widget elementor-widget-image\" data-id=\"22037331\" data-element_type=\"widget\" data-e-type=\"widget\" data-widget_type=\"image.default\">\n\t\t\t\t\t\t\t\t\t\t\t\t\t\t\t<img fetchpriority=\"high\" decoding=\"async\" width=\"800\" height=\"560\" src=\"https:\/\/minibus.al\/wp-content\/uploads\/2024\/01\/01-landscape.jpg\" class=\"attachment-large size-large wp-image-988652\" alt=\"\" srcset=\"https:\/\/minibus.al\/wp-content\/uploads\/2024\/01\/01-landscape.jpg 893w, https:\/\/minibus.al\/wp-content\/uploads\/2024\/01\/01-landscape-600x420.jpg 600w, https:\/\/minibus.al\/wp-content\/uploads\/2024\/01\/01-landscape-300x210.jpg 300w, https:\/\/minibus.al\/wp-content\/uploads\/2024\/01\/01-landscape-768x538.jpg 768w, https:\/\/minibus.al\/wp-content\/uploads\/2024\/01\/01-landscape-630x441.jpg 630w, https:\/\/minibus.al\/wp-content\/uploads\/2024\/01\/01-landscape-420x294.jpg 420w, https:\/\/minibus.al\/wp-content\/uploads\/2024\/01\/01-landscape-840x588.jpg 840w, https:\/\/minibus.al\/wp-content\/uploads\/2024\/01\/01-landscape-315x220.jpg 315w\" sizes=\"(max-width: 800px) 100vw, 800px\" title=\"\">\t\t\t\t\t\t\t\t\t\t\t\t\t\t\t<\/div>\n\t\t\t\t<div class=\"elementor-element elementor-element-24255dfe elementor-widget elementor-widget-text-editor\" data-id=\"24255dfe\" data-element_type=\"widget\" data-e-type=\"widget\" data-widget_type=\"text-editor.default\">\n\t\t\t\t\t\t\t\t\t<p>\u0397 \u03c4\u03b9\u03bc\u03ae \u03b5\u03bd\u03bf\u03b9\u03ba\u03af\u03b1\u03c3\u03b7\u03c2 \u03c4\u03c9\u03bd \u03b9\u03b4\u03b9\u03c9\u03c4\u03b9\u03ba\u03ce\u03bd \u03bc\u03af\u03bd\u03b9 \u03bb\u03b5\u03c9\u03c6\u03bf\u03c1\u03b5\u03af\u03c9\u03bd \u03b8\u03b1 \u03b5\u03be\u03b1\u03c1\u03c4\u03b7\u03b8\u03b5\u03af \u03b1\u03c0\u03cc \u03c4\u03bf\u03bd \u03b1\u03c1\u03b9\u03b8\u03bc\u03cc \u03c4\u03c9\u03bd \u03c9\u03c1\u03ce\u03bd \u03ba\u03b1\u03b9 \u03c4\u03c9\u03bd \u03b7\u03bc\u03b5\u03c1\u03ce\u03bd \u03c5\u03c0\u03b7\u03c1\u03b5\u03c3\u03af\u03b1\u03c2, \u03ba\u03b1\u03b8\u03ce\u03c2 \u03ba\u03b1\u03b9 \u03b1\u03c0\u03cc \u03c4\u03b7\u03bd \u03b1\u03c0\u03cc\u03c3\u03c4\u03b1\u03c3\u03b7 \u03c0\u03bf\u03c5 \u03b4\u03b9\u03b1\u03bd\u03cd\u03bf\u03c5\u03bd \u03c4\u03b1 \u03bc\u03af\u03bd\u03b9 \u03bb\u03b5\u03c9\u03c6\u03bf\u03c1\u03b5\u03af\u03b1.<\/p>\t\t\t\t\t\t\t\t<\/div>\n\t\t\t\t<div class=\"elementor-element elementor-element-7705fc5f elementor-widget elementor-widget-heading\" data-id=\"7705fc5f\" data-element_type=\"widget\" data-e-type=\"widget\" data-widget_type=\"heading.default\">\n\t\t\t\t\t<h3 class=\"elementor-heading-title elementor-size-default\">\u03a0\u03ce\u03c2 \u03bb\u03b5\u03b9\u03c4\u03bf\u03c5\u03c1\u03b3\u03b5\u03af;<\/h3>\t\t\t\t<\/div>\n\t\t\t\t<div class=\"elementor-element elementor-element-7cab8071 elementor-widget elementor-widget-text-editor\" data-id=\"7cab8071\" data-element_type=\"widget\" data-e-type=\"widget\" data-widget_type=\"text-editor.default\">\n\t\t\t\t\t\t\t\t\t<p>\u0397 \u03ba\u03c1\u03ac\u03c4\u03b7\u03c3\u03b7 \u03b5\u03af\u03bd\u03b1\u03b9 \u03b1\u03c0\u03bb\u03ae: \u03b5\u03c0\u03b9\u03bb\u03ad\u03be\u03c4\u03b5 \u03c4\u03bf\u03bd \u03c0\u03c1\u03bf\u03bf\u03c1\u03b9\u03c3\u03bc\u03cc, \u03c4\u03b7\u03bd \u03b7\u03bc\u03b5\u03c1\u03bf\u03bc\u03b7\u03bd\u03af\u03b1 \u03ba\u03b1\u03b9 \u03c4\u03bf\u03bd \u03c4\u03cd\u03c0\u03bf \u03bc\u03af\u03bd\u03b9 \u03bb\u03b5\u03c9\u03c6\u03bf\u03c1\u03b5\u03af\u03bf\u03c5 \u03c0\u03bf\u03c5 \u03c7\u03c1\u03b5\u03b9\u03ac\u03b6\u03b5\u03c3\u03c4\u03b5. \u039f \u03b5\u03c0\u03b1\u03b3\u03b3\u03b5\u03bb\u03bc\u03b1\u03c4\u03af\u03b1\u03c2 \u03bf\u03b4\u03b7\u03b3\u03cc\u03c2 \u03bc\u03b1\u03c2 \u03b8\u03b1 \u03b2\u03c1\u03af\u03c3\u03ba\u03b5\u03c4\u03b1\u03b9 \u03c3\u03c4\u03bf\u03bd \u03ba\u03b1\u03b8\u03bf\u03c1\u03b9\u03c3\u03bc\u03ad\u03bd\u03bf \u03c4\u03cc\u03c0\u03bf \u03ba\u03b1\u03b9 \u03c7\u03c1\u03cc\u03bd\u03bf, \u03b5\u03be\u03b1\u03c3\u03c6\u03b1\u03bb\u03af\u03b6\u03bf\u03bd\u03c4\u03b1\u03c2 \u03ad\u03bd\u03b1 \u03ac\u03bd\u03b5\u03c4\u03bf \u03ba\u03b1\u03b9 \u03c7\u03c9\u03c1\u03af\u03c2 \u03ac\u03b3\u03c7\u03bf\u03c2 \u03c4\u03b1\u03be\u03af\u03b4\u03b9.<\/p>\t\t\t\t\t\t\t\t<\/div>\n\t\t\t\t<\/div>\n\t\t<div class=\"elementor-element elementor-element-3010c0d6 e-con-full e-flex e-con e-child\" data-id=\"3010c0d6\" data-element_type=\"container\" data-e-type=\"container\">\n\t\t<div class=\"elementor-element elementor-element-1dcaab04 e-flex e-con-boxed e-con e-child\" data-id=\"1dcaab04\" data-element_type=\"container\" data-e-type=\"container\" data-settings=\"{&quot;background_background&quot;:&quot;classic&quot;}\">\n\t\t\t\t\t<div class=\"e-con-inner\">\n\t\t\t\t<div class=\"elementor-element elementor-element-13a1a705 elementor-widget__width-auto elementor-widget elementor-widget-heading\" data-id=\"13a1a705\" data-element_type=\"widget\" data-e-type=\"widget\" data-widget_type=\"heading.default\">\n\t\t\t\t\t<h3 class=\"elementor-heading-title elementor-size-default\">\u0388\u03ba\u03c0\u03c4\u03c9\u03c3\u03b7 10%<\/h3>\t\t\t\t<\/div>\n\t\t\t\t<div class=\"elementor-element elementor-element-11378e79 elementor-widget__width-auto elementor-widget elementor-widget-heading\" data-id=\"11378e79\" data-element_type=\"widget\" data-e-type=\"widget\" data-widget_type=\"heading.default\">\n\t\t\t\t\t<div class=\"elementor-heading-title elementor-size-default\">\u0388\u03ba\u03c0\u03c4\u03c9\u03c3\u03b7 \u03ad\u03c9\u03c2 10% \u03b3\u03b9\u03b1 \u03ba\u03ac\u03b8\u03b5 \u03ba\u03c1\u03ac\u03c4\u03b7\u03c3\u03b7 \u03ad\u03c9\u03c2 31 \u039c\u03b1\u0390\u03bf\u03c5.<\/div>\t\t\t\t<\/div>\n\t\t\t\t\t<\/div>\n\t\t\t\t<\/div>\n\t\t<div class=\"elementor-element elementor-element-6abddac1 e-con-full e-flex e-con e-child\" data-id=\"6abddac1\" data-element_type=\"container\" data-e-type=\"container\">\n\t\t\t\t<div class=\"elementor-element elementor-element-5d78d0d1 elementor-widget__width-initial elementor-widget elementor-widget-image\" data-id=\"5d78d0d1\" data-element_type=\"widget\" data-e-type=\"widget\" data-widget_type=\"image.default\">\n\t\t\t\t\t\t\t\t\t\t\t\t\t\t\t\t<a href=\"#\">\n\t\t\t\t\t\t\t<img decoding=\"async\" width=\"630\" height=\"441\" src=\"https:\/\/minibus.al\/wp-content\/uploads\/2025\/10\/Transfer-416_2268_0182-landscape-630x441-1.jpg\" class=\"attachment-full size-full wp-image-988709\" alt=\"\" srcset=\"https:\/\/minibus.al\/wp-content\/uploads\/2025\/10\/Transfer-416_2268_0182-landscape-630x441-1.jpg 630w, https:\/\/minibus.al\/wp-content\/uploads\/2025\/10\/Transfer-416_2268_0182-landscape-630x441-1-600x420.jpg 600w, https:\/\/minibus.al\/wp-content\/uploads\/2025\/10\/Transfer-416_2268_0182-landscape-630x441-1-300x210.jpg 300w, https:\/\/minibus.al\/wp-content\/uploads\/2025\/10\/Transfer-416_2268_0182-landscape-630x441-1-420x294.jpg 420w, https:\/\/minibus.al\/wp-content\/uploads\/2025\/10\/Transfer-416_2268_0182-landscape-630x441-1-315x221.jpg 315w\" sizes=\"(max-width: 630px) 100vw, 630px\" title=\"\">\t\t\t\t\t\t\t\t<\/a>\n\t\t\t\t\t\t\t\t\t\t\t\t\t\t\t<\/div>\n\t\t\t\t<div class=\"elementor-element elementor-element-5e226cd elementor-widget__width-initial elementor-widget elementor-widget-heading\" data-id=\"5e226cd\" data-element_type=\"widget\" data-e-type=\"widget\" data-widget_type=\"heading.default\">\n\t\t\t\t\t<h3 class=\"elementor-heading-title elementor-size-default\"><a href=\"#\">\u0399\u03b4\u03b9\u03c9\u03c4\u03b9\u03ba\u03ad\u03c2 \u03bc\u03b5\u03c4\u03b1\u03c6\u03bf\u03c1\u03ad\u03c2 \u03b1\u03c0\u03cc \u03c4\u03bf \u03b1\u03b5\u03c1\u03bf\u03b4\u03c1\u03cc\u03bc\u03b9\u03bf<\/a><\/h3>\t\t\t\t<\/div>\n\t\t\t\t<\/div>\n\t\t<div class=\"elementor-element elementor-element-6f7220d5 e-con-full e-flex e-con e-child\" data-id=\"6f7220d5\" data-element_type=\"container\" data-e-type=\"container\">\n\t\t\t\t<div class=\"elementor-element elementor-element-5bda70de elementor-widget__width-initial elementor-widget elementor-widget-image\" data-id=\"5bda70de\" data-element_type=\"widget\" data-e-type=\"widget\" data-widget_type=\"image.default\">\n\t\t\t\t\t\t\t\t\t\t\t\t\t\t\t\t<a href=\"#\">\n\t\t\t\t\t\t\t<img decoding=\"async\" width=\"800\" height=\"560\" src=\"https:\/\/minibus.al\/wp-content\/uploads\/2024\/01\/Crop800x600-landscape.jpeg\" class=\"attachment-full size-full wp-image-988653\" alt=\"\" srcset=\"https:\/\/minibus.al\/wp-content\/uploads\/2024\/01\/Crop800x600-landscape.jpeg 800w, https:\/\/minibus.al\/wp-content\/uploads\/2024\/01\/Crop800x600-landscape-600x420.jpeg 600w, https:\/\/minibus.al\/wp-content\/uploads\/2024\/01\/Crop800x600-landscape-300x210.jpeg 300w, https:\/\/minibus.al\/wp-content\/uploads\/2024\/01\/Crop800x600-landscape-768x538.jpeg 768w, https:\/\/minibus.al\/wp-content\/uploads\/2024\/01\/Crop800x600-landscape-630x441.jpeg 630w, https:\/\/minibus.al\/wp-content\/uploads\/2024\/01\/Crop800x600-landscape-420x294.jpeg 420w, https:\/\/minibus.al\/wp-content\/uploads\/2024\/01\/Crop800x600-landscape-315x221.jpeg 315w\" sizes=\"(max-width: 800px) 100vw, 800px\" title=\"\">\t\t\t\t\t\t\t\t<\/a>\n\t\t\t\t\t\t\t\t\t\t\t\t\t\t\t<\/div>\n\t\t\t\t<div class=\"elementor-element elementor-element-a2cf5dc elementor-widget__width-initial elementor-widget elementor-widget-heading\" data-id=\"a2cf5dc\" data-element_type=\"widget\" data-e-type=\"widget\" data-widget_type=\"heading.default\">\n\t\t\t\t\t<h3 class=\"elementor-heading-title elementor-size-default\"><a href=\"#\">\u039c\u03b5\u03c4\u03b1\u03c6\u03bf\u03c1\u03ac \u03bc\u03b5 \u03b9\u03b4\u03b9\u03c9\u03c4\u03b9\u03ba\u03cc \u03bf\u03b4\u03b7\u03b3\u03cc<\/a><\/h3>\t\t\t\t<\/div>\n\t\t\t\t<\/div>\n\t\t\t\t<\/div>\n\t\t\t\t\t<\/div>\n\t\t\t\t<\/div>\n\t\t\t\t<\/div>","protected":false},"excerpt":{"rendered":"<p>Minibus me qira me shofer n\u00eb Durr\u00ebs. N\u00ebse po planifikoni nj\u00eb udh\u00ebtim t\u00eb rehatsh\u00ebm n\u00eb Durr\u00ebs dhe ju duhet nj\u00eb minibus me qira, sh\u00ebrbimi yn\u00eb i minibus\u00ebve me qira me shofer \u00ebsht\u00eb zgjidhja ideale. Ne ofrojm\u00eb vozit\u00ebs t\u00eb trajnuar profesionalisht, mjete moderne dhe t\u00eb mir\u00ebmbajtura, duke siguruar nj\u00eb eksperienc\u00eb udh\u00ebtimi t\u00eb sigurt dhe komode. Sh\u00ebrbimi [&hellip;]<\/p>\n","protected":false},"author":1,"featured_media":0,"parent":0,"menu_order":0,"comment_status":"closed","ping_status":"closed","template":"","meta":{"footnotes":""},"class_list":["post-988766","page","type-page","status-publish","hentry"],"_links":{"self":[{"href":"https:\/\/minibus.al\/el\/wp-json\/wp\/v2\/pages\/988766","targetHints":{"allow":["GET"]}}],"collection":[{"href":"https:\/\/minibus.al\/el\/wp-json\/wp\/v2\/pages"}],"about":[{"href":"https:\/\/minibus.al\/el\/wp-json\/wp\/v2\/types\/page"}],"author":[{"embeddable":true,"href":"https:\/\/minibus.al\/el\/wp-json\/wp\/v2\/users\/1"}],"replies":[{"embeddable":true,"href":"https:\/\/minibus.al\/el\/wp-json\/wp\/v2\/comments?post=988766"}],"version-history":[{"count":10,"href":"https:\/\/minibus.al\/el\/wp-json\/wp\/v2\/pages\/988766\/revisions"}],"predecessor-version":[{"id":989043,"href":"https:\/\/minibus.al\/el\/wp-json\/wp\/v2\/pages\/988766\/revisions\/989043"}],"wp:attachment":[{"href":"https:\/\/minibus.al\/el\/wp-json\/wp\/v2\/media?parent=988766"}],"curies":[{"name":"wp","href":"https:\/\/api.w.org\/{rel}","templated":true}]}}