{"id":988417,"date":"2023-04-05T00:18:43","date_gmt":"2023-04-05T00:18:43","guid":{"rendered":"https:\/\/minibus.al\/en\/?page_id=988417"},"modified":"2026-04-07T20:14:12","modified_gmt":"2026-04-07T20:14:12","slug":"%cf%8c%cf%81%ce%bf%ce%b9-%ce%ba%ce%b1%ce%b9-%cf%80%cf%81%ce%bf%cf%8b%cf%80%ce%bf%ce%b8%ce%ad%cf%83%ce%b5%ce%b9%cf%82-%cf%87%cf%81%ce%ae%cf%83%ce%b7%cf%82","status":"publish","type":"page","link":"https:\/\/minibus.al\/el\/kushtet-dhe-rregullat-e-perdorimit\/","title":{"rendered":"\u038c\u03c1\u03bf\u03b9 \u03c7\u03c1\u03ae\u03c3\u03b7\u03c2"},"content":{"rendered":"<div data-elementor-type=\"wp-page\" data-elementor-id=\"988417\" class=\"elementor elementor-988417\">\n\t\t\t\t<div class=\"elementor-element elementor-element-4b40c13 e-flex e-con-boxed e-con e-parent\" data-id=\"4b40c13\" data-element_type=\"container\" data-e-type=\"container\" data-settings=\"{&quot;background_background&quot;:&quot;classic&quot;}\">\n\t\t\t\t\t<div class=\"e-con-inner\">\n\t\t<div class=\"elementor-element elementor-element-1762c08 e-con-full e-flex e-con e-child\" data-id=\"1762c08\" data-element_type=\"container\" data-e-type=\"container\">\n\t\t\t\t<div class=\"elementor-element elementor-element-fbc7985 elementor-widget elementor-widget-heading\" data-id=\"fbc7985\" data-element_type=\"widget\" data-e-type=\"widget\" data-widget_type=\"heading.default\">\n\t\t\t\t\t<h1 class=\"elementor-heading-title elementor-size-default\">\u038c\u03c1\u03bf\u03b9 \u03ba\u03b1\u03b9 \u03a0\u03c1\u03bf\u03cb\u03c0\u03bf\u03b8\u03ad\u03c3\u03b5\u03b9\u03c2 \u03a7\u03c1\u03ae\u03c3\u03b7\u03c2<\/h1>\t\t\t\t<\/div>\n\t\t\t\t<div class=\"elementor-element elementor-element-47d8e14 elementor-widget elementor-widget-text-editor\" data-id=\"47d8e14\" data-element_type=\"widget\" data-e-type=\"widget\" data-widget_type=\"text-editor.default\">\n\t\t\t\t\t\t\t\t\t\u038c\u03c1\u03bf\u03b9 \u03ba\u03b1\u03b9 \u03a0\u03c1\u03bf\u03cb\u03c0\u03bf\u03b8\u03ad\u03c3\u03b5\u03b9\u03c2 \u03a7\u03c1\u03ae\u03c3\u03b7\u03c2 \u2013 \u0394\u03b9\u03b1\u03b2\u03ac\u03c3\u03c4\u03b5 \u03c4\u03bf\u03c5\u03c2 \u03cc\u03c1\u03bf\u03c5\u03c2 \u03c0\u03bf\u03c5 \u03ba\u03b1\u03b8\u03bf\u03c1\u03af\u03b6\u03bf\u03c5\u03bd \u03c4\u03b7 \u03c7\u03c1\u03ae\u03c3\u03b7 \u03c4\u03b7\u03c2 \u03c5\u03c0\u03b7\u03c1\u03b5\u03c3\u03af\u03b1\u03c2 \u03bc\u03b1\u03c2, \u03c4\u03b1 \u03b4\u03b9\u03ba\u03b1\u03b9\u03ce\u03bc\u03b1\u03c4\u03b1 \u03ba\u03b1\u03b9 \u03c4\u03b9\u03c2 \u03c5\u03c0\u03bf\u03c7\u03c1\u03b5\u03ce\u03c3\u03b5\u03b9\u03c2 \u03c4\u03c9\u03bd \u03c7\u03c1\u03b7\u03c3\u03c4\u03ce\u03bd, \u03ba\u03b1\u03b8\u03ce\u03c2 \u03ba\u03b1\u03b9 \u03c4\u03b9\u03c2 \u03b2\u03b1\u03c3\u03b9\u03ba\u03ad\u03c2 \u03c0\u03bf\u03bb\u03b9\u03c4\u03b9\u03ba\u03ad\u03c2 \u03b3\u03b9\u03b1 \u03bc\u03b9\u03b1 \u03b1\u03c3\u03c6\u03b1\u03bb\u03ae \u03ba\u03b1\u03b9 \u03b4\u03b9\u03b1\u03c6\u03b1\u03bd\u03ae \u03b5\u03bc\u03c0\u03b5\u03b9\u03c1\u03af\u03b1.\n\t\t\t\t\t\t\t\t<\/div>\n\t\t\t\t<\/div>\n\t\t\t\t\t<\/div>\n\t\t\t\t<\/div>\n\t\t<div class=\"elementor-element elementor-element-adc86e9 e-flex e-con-boxed e-con e-parent\" data-id=\"adc86e9\" data-element_type=\"container\" data-e-type=\"container\" data-settings=\"{&quot;background_background&quot;:&quot;classic&quot;}\">\n\t\t\t\t\t<div class=\"e-con-inner\">\n\t\t<div class=\"elementor-element elementor-element-088521f e-con-full e-flex e-con e-child\" data-id=\"088521f\" data-element_type=\"container\" data-e-type=\"container\">\n\t\t\t\t<div class=\"elementor-element elementor-element-96c5e98 elementor-widget elementor-widget-text-editor\" data-id=\"96c5e98\" data-element_type=\"widget\" data-e-type=\"widget\" data-widget_type=\"text-editor.default\">\n\t\t\t\t\t\t\t\t\t<p>\u038c\u03bb\u03b5\u03c2 \u03bf\u03b9 \u03ba\u03c1\u03b1\u03c4\u03ae\u03c3\u03b5\u03b9\u03c2 \u03bc\u03ad\u03c3\u03c9 \u03c4\u03b7\u03c2 Minibus.al \u03c5\u03c0\u03cc\u03ba\u03b5\u03b9\u03bd\u03c4\u03b1\u03b9 \u03c3\u03c4\u03bf\u03c5\u03c2 \u03c0\u03b1\u03c1\u03cc\u03bd\u03c4\u03b5\u03c2 \u038c\u03c1\u03bf\u03c5\u03c2 \u03ba\u03b1\u03b9 \u03a0\u03c1\u03bf\u03cb\u03c0\u03bf\u03b8\u03ad\u03c3\u03b5\u03b9\u03c2. \u039c\u03b9\u03b1 \u03ba\u03c1\u03ac\u03c4\u03b7\u03c3\u03b7 \u03b8\u03b5\u03c9\u03c1\u03b5\u03af\u03c4\u03b1\u03b9 \u03b5\u03c0\u03b9\u03b2\u03b5\u03b2\u03b1\u03b9\u03c9\u03bc\u03ad\u03bd\u03b7 \u03ba\u03b1\u03b9 \u03ad\u03b3\u03ba\u03c5\u03c1\u03b7 \u03bc\u03cc\u03bb\u03b9\u03c2 \u03bb\u03b7\u03c6\u03b8\u03b5\u03af \u03b7 \u03b5\u03c0\u03b9\u03b2\u03b5\u03b2\u03b1\u03af\u03c9\u03c3\u03b7 (\u03b3\u03c1\u03b1\u03c0\u03c4\u03ac \u03ae \u03c0\u03c1\u03bf\u03c6\u03bf\u03c1\u03b9\u03ba\u03ac) \u03ba\u03b1\u03b9, \u03cc\u03c0\u03bf\u03c5 \u03b9\u03c3\u03c7\u03cd\u03b5\u03b9, \u03ba\u03b1\u03c4\u03b1\u03b2\u03bb\u03b7\u03b8\u03b5\u03af \u03b7 \u03c0\u03c1\u03bf\u03ba\u03b1\u03c4\u03b1\u03b2\u03bf\u03bb\u03ae.<\/p><p>\u03a5\u03c0\u03cc \u03b1\u03c5\u03c4\u03ad\u03c2 \u03c4\u03b9\u03c2 \u03c3\u03c5\u03bd\u03b8\u03ae\u03ba\u03b5\u03c2, \u03bf \u03cc\u03c1\u03bf\u03c2 \u201c\u03b7 \u0395\u03c4\u03b1\u03b9\u03c1\u03b5\u03af\u03b1\u201d \u03b1\u03bd\u03b1\u03c6\u03ad\u03c1\u03b5\u03c4\u03b1\u03b9 \u03c3\u03c4\u03b7\u03bd Minibus.al, \u03bc\u03b9\u03b1 \u03b5\u03c4\u03b1\u03b9\u03c1\u03b5\u03af\u03b1 \u03c0\u03b1\u03c1\u03bf\u03c7\u03ae\u03c2 \u03bc\u03b5\u03c4\u03b1\u03c6\u03bf\u03c1\u03b9\u03ba\u03ce\u03bd \u03c5\u03c0\u03b7\u03c1\u03b5\u03c3\u03b9\u03ce\u03bd \u03c0\u03bf\u03c5 \u03bb\u03b5\u03b9\u03c4\u03bf\u03c5\u03c1\u03b3\u03b5\u03af \u03bd\u03cc\u03bc\u03b9\u03bc\u03b1 \u03c3\u03c4\u03b7\u03bd \u0391\u03bb\u03b2\u03b1\u03bd\u03af\u03b1 \u03ba\u03b1\u03b9 \u03c3\u03c4\u03b7\u03bd \u03c0\u03b5\u03c1\u03b9\u03bf\u03c7\u03ae \u03c4\u03c9\u03bd \u0392\u03b1\u03bb\u03ba\u03b1\u03bd\u03af\u03c9\u03bd.<\/p><p>\u03a0\u03c1\u03bf\u03c3\u03c0\u03b1\u03b8\u03bf\u03cd\u03bc\u03b5 \u03c0\u03ac\u03bd\u03c4\u03b1 \u03bd\u03b1 \u03c0\u03b1\u03c1\u03ad\u03c7\u03bf\u03c5\u03bc\u03b5 \u03bc\u03b9\u03b1 \u03b1\u03c3\u03c6\u03b1\u03bb\u03ae, \u03b1\u03be\u03b9\u03cc\u03c0\u03b9\u03c3\u03c4\u03b7 \u03ba\u03b1\u03b9 \u03b5\u03c0\u03b1\u03b3\u03b3\u03b5\u03bb\u03bc\u03b1\u03c4\u03b9\u03ba\u03ae \u03c5\u03c0\u03b7\u03c1\u03b5\u03c3\u03af\u03b1. \u03a9\u03c3\u03c4\u03cc\u03c3\u03bf, \u03c3\u03b5 \u03b5\u03be\u03b1\u03b9\u03c1\u03b5\u03c4\u03b9\u03ba\u03ad\u03c2 \u03c0\u03b5\u03c1\u03b9\u03c0\u03c4\u03ce\u03c3\u03b5\u03b9\u03c2, \u03cc\u03c0\u03c9\u03c2 \u03ba\u03c5\u03ba\u03bb\u03bf\u03c6\u03bf\u03c1\u03b9\u03b1\u03ba\u03ae \u03c3\u03c5\u03bc\u03c6\u03cc\u03c1\u03b7\u03c3\u03b7, \u03ba\u03b1\u03b8\u03c5\u03c3\u03c4\u03b5\u03c1\u03ae\u03c3\u03b5\u03b9\u03c2 \u03c3\u03c4\u03bf \u03b4\u03c1\u03cc\u03bc\u03bf \u03ae \u03b1\u03c0\u03c1\u03cc\u03b2\u03bb\u03b5\u03c0\u03c4\u03b5\u03c2 \u03ba\u03b1\u03c4\u03b1\u03c3\u03c4\u03ac\u03c3\u03b5\u03b9\u03c2, \u03b5\u03bd\u03b4\u03ad\u03c7\u03b5\u03c4\u03b1\u03b9 \u03bd\u03b1 \u03c5\u03c0\u03ac\u03c1\u03be\u03bf\u03c5\u03bd \u03b1\u03bb\u03bb\u03b1\u03b3\u03ad\u03c2 \u03c3\u03c4\u03b1 \u03b4\u03c1\u03bf\u03bc\u03bf\u03bb\u03cc\u03b3\u03b9\u03b1 \u03ae \u03c3\u03c4\u03b9\u03c2 \u03b4\u03b9\u03b1\u03b4\u03c1\u03bf\u03bc\u03ad\u03c2. \u03a3\u03b5 \u03ba\u03ac\u03b8\u03b5 \u03c0\u03b5\u03c1\u03af\u03c0\u03c4\u03c9\u03c3\u03b7, \u03b7 \u03bf\u03bc\u03ac\u03b4\u03b1 \u03bc\u03b1\u03c2 \u03b8\u03b1 \u03ba\u03ac\u03bd\u03b5\u03b9 \u03cc,\u03c4\u03b9 \u03b5\u03af\u03bd\u03b1\u03b9 \u03b4\u03c5\u03bd\u03b1\u03c4\u03cc\u03bd \u03b3\u03b9\u03b1 \u03bd\u03b1 \u03b5\u03bb\u03b1\u03c7\u03b9\u03c3\u03c4\u03bf\u03c0\u03bf\u03b9\u03ae\u03c3\u03b5\u03b9 \u03c4\u03c5\u03c7\u03cc\u03bd \u03c4\u03b1\u03bb\u03b1\u03b9\u03c0\u03c9\u03c1\u03af\u03b1 \u03ba\u03b1\u03b9 \u03bd\u03b1 \u03b2\u03c1\u03b5\u03b9 \u03c4\u03b7\u03bd \u03ba\u03b1\u03bb\u03cd\u03c4\u03b5\u03c1\u03b7 \u03bb\u03cd\u03c3\u03b7 \u03b3\u03b9\u03b1 \u03b5\u03c3\u03ac\u03c2.<\/p><p>\u039f\u03b9 \u03c4\u03b9\u03bc\u03ad\u03c2 \u03b2\u03b1\u03c3\u03af\u03b6\u03bf\u03bd\u03c4\u03b1\u03b9 \u03c3\u03c4\u03bf\u03c5\u03c2 \u03cc\u03c1\u03bf\u03c5\u03c2 \u03ba\u03b1\u03b9 \u03c4\u03b9\u03c2 \u03c4\u03b9\u03bc\u03ad\u03c2 \u03c0\u03bf\u03c5 \u03b9\u03c3\u03c7\u03cd\u03bf\u03c5\u03bd \u03ba\u03b1\u03c4\u03ac \u03c4\u03b7 \u03c3\u03c4\u03b9\u03b3\u03bc\u03ae \u03c4\u03b7\u03c2 \u03ba\u03c1\u03ac\u03c4\u03b7\u03c3\u03b7\u03c2 \u03ba\u03b1\u03b9 \u03b5\u03bd\u03b4\u03ad\u03c7\u03b5\u03c4\u03b1\u03b9 \u03bd\u03b1 \u03b1\u03bb\u03bb\u03ac\u03be\u03bf\u03c5\u03bd \u03b1\u03bd\u03ac\u03bb\u03bf\u03b3\u03b1 \u03bc\u03b5 \u03b5\u03be\u03c9\u03c4\u03b5\u03c1\u03b9\u03ba\u03bf\u03cd\u03c2 \u03c0\u03b1\u03c1\u03ac\u03b3\u03bf\u03bd\u03c4\u03b5\u03c2. \u039f \u03c0\u03b5\u03bb\u03ac\u03c4\u03b7\u03c2 \u03c6\u03ad\u03c1\u03b5\u03b9 \u03c4\u03b7\u03bd \u03b5\u03c5\u03b8\u03cd\u03bd\u03b7 \u03b3\u03b9\u03b1 \u03c4\u03c5\u03c7\u03cc\u03bd \u03b6\u03b7\u03bc\u03b9\u03ad\u03c2 \u03c0\u03bf\u03c5 \u03c0\u03c1\u03bf\u03ba\u03bb\u03ae\u03b8\u03b7\u03ba\u03b1\u03bd \u03c3\u03c4\u03bf \u03cc\u03c7\u03b7\u03bc\u03b1 \u03b1\u03c0\u03cc \u03c4\u03bf\u03c5\u03c2 \u03b5\u03c0\u03b9\u03b2\u03ac\u03c4\u03b5\u03c2 \u03ba\u03b1\u03c4\u03ac \u03c4\u03b7 \u03b4\u03b9\u03ac\u03c1\u03ba\u03b5\u03b9\u03b1 \u03c4\u03bf\u03c5 \u03c4\u03b1\u03be\u03b9\u03b4\u03b9\u03bf\u03cd.<\/p><p><strong>\u039a\u03c1\u03ac\u03c4\u03b7\u03c3\u03b7 \u03ba\u03b1\u03b9 \u03c0\u03bb\u03b7\u03c1\u03c9\u03bc\u03ae<\/strong><\/p><p>\u0393\u03b9\u03b1 \u03bd\u03b1 \u03b5\u03be\u03b1\u03c3\u03c6\u03b1\u03bb\u03af\u03c3\u03b5\u03c4\u03b5 \u03c4\u03b7\u03bd \u03ba\u03c1\u03ac\u03c4\u03b7\u03c3\u03ae \u03c3\u03b1\u03c2, \u03b1\u03c0\u03b1\u03b9\u03c4\u03b5\u03af\u03c4\u03b1\u03b9 \u03c3\u03c5\u03bd\u03ae\u03b8\u03c9\u03c2 \u03bc\u03b9\u03b1 \u03bc\u03b7 \u03b5\u03c0\u03b9\u03c3\u03c4\u03c1\u03ad\u03c8\u03b9\u03bc\u03b7 \u03c0\u03c1\u03bf\u03ba\u03b1\u03c4\u03b1\u03b2\u03bf\u03bb\u03ae \u03cd\u03c8\u03bf\u03c5\u03c2 20%. \u03a4\u03bf \u03c5\u03c0\u03cc\u03bb\u03bf\u03b9\u03c0\u03bf \u03c0\u03bf\u03c3\u03cc \u03bc\u03c0\u03bf\u03c1\u03b5\u03af \u03bd\u03b1 \u03ba\u03b1\u03c4\u03b1\u03b2\u03bb\u03b7\u03b8\u03b5\u03af \u03c3\u03cd\u03bc\u03c6\u03c9\u03bd\u03b1 \u03bc\u03b5 \u03c4\u03b7 \u03c3\u03c5\u03bc\u03c6\u03c9\u03bd\u03af\u03b1. \u0395\u03ac\u03bd \u03b7 \u03b4\u03b9\u03b1\u03bc\u03bf\u03bd\u03ae \u03ba\u03b1\u03b9 \u03c4\u03b1 \u03b3\u03b5\u03cd\u03bc\u03b1\u03c4\u03b1 \u03c4\u03bf\u03c5 \u03bf\u03b4\u03b7\u03b3\u03bf\u03cd \u03c0\u03b1\u03c1\u03ad\u03c7\u03bf\u03bd\u03c4\u03b1\u03b9 \u03b1\u03c0\u03cc \u03b5\u03bc\u03ac\u03c2, \u03b7 \u03c0\u03bb\u03b7\u03c1\u03c9\u03bc\u03ae \u03b3\u03b9\u03b1 \u03c4\u03b7 \u03b4\u03b9\u03b1\u03bc\u03bf\u03bd\u03ae \u03ba\u03b1\u03b9 \u03c4\u03bf\u03bd \u03bf\u03b4\u03b7\u03b3\u03cc \u03c0\u03c1\u03ad\u03c0\u03b5\u03b9 \u03bd\u03b1 \u03b3\u03af\u03bd\u03b5\u03b9 \u03b5\u03ba \u03c4\u03c9\u03bd \u03c0\u03c1\u03bf\u03c4\u03ad\u03c1\u03c9\u03bd, \u03ba\u03b1\u03b8\u03ce\u03c2 \u03c0\u03c1\u03ad\u03c0\u03b5\u03b9 \u03bd\u03b1 \u03ba\u03ac\u03bd\u03bf\u03c5\u03bc\u03b5 \u03ba\u03c1\u03ac\u03c4\u03b7\u03c3\u03b7 \u03b3\u03b9\u03b1 \u03c4\u03b7 \u03b4\u03b9\u03b1\u03bc\u03bf\u03bd\u03ae \u03c4\u03bf\u03c5 \u03bf\u03b4\u03b7\u03b3\u03bf\u03cd, \u03b4\u03b5\u03b4\u03bf\u03bc\u03ad\u03bd\u03bf\u03c5 \u03cc\u03c4\u03b9 \u03bf\u03b9 \u03c4\u03b9\u03bc\u03ad\u03c2 \u03ba\u03c5\u03bc\u03b1\u03af\u03bd\u03bf\u03bd\u03c4\u03b1\u03b9.<\/p><p><strong>\u0391\u03ba\u03c5\u03c1\u03ce\u03c3\u03b5\u03b9\u03c2<\/strong><\/p><p>\u0395\u03ac\u03bd \u03c7\u03c1\u03b5\u03b9\u03b1\u03c3\u03c4\u03b5\u03af \u03bd\u03b1 \u03b1\u03ba\u03c5\u03c1\u03ce\u03c3\u03b5\u03c4\u03b5 \u03c4\u03b7\u03bd \u03ba\u03c1\u03ac\u03c4\u03b7\u03c3\u03ae \u03c3\u03b1\u03c2, \u03b5\u03bd\u03b4\u03ad\u03c7\u03b5\u03c4\u03b1\u03b9 \u03bd\u03b1 \u03b9\u03c3\u03c7\u03cd\u03bf\u03c5\u03bd \u03c7\u03c1\u03b5\u03ce\u03c3\u03b5\u03b9\u03c2 \u03b1\u03bd\u03ac\u03bb\u03bf\u03b3\u03b1 \u03bc\u03b5 \u03c4\u03bf \u03c7\u03c1\u03cc\u03bd\u03bf \u03c4\u03b7\u03c2 \u03b1\u03ba\u03cd\u03c1\u03c9\u03c3\u03b7\u03c2. \u038c\u03c3\u03bf \u03c0\u03b9\u03bf \u03ba\u03bf\u03bd\u03c4\u03ac \u03c3\u03c4\u03b7\u03bd \u03b7\u03bc\u03b5\u03c1\u03bf\u03bc\u03b7\u03bd\u03af\u03b1 \u03c4\u03bf\u03c5 \u03c4\u03b1\u03be\u03b9\u03b4\u03b9\u03bf\u03cd \u03b3\u03af\u03bd\u03b5\u03c4\u03b1\u03b9 \u03b7 \u03b1\u03ba\u03cd\u03c1\u03c9\u03c3\u03b7, \u03c4\u03cc\u03c3\u03bf \u03c5\u03c8\u03b7\u03bb\u03cc\u03c4\u03b5\u03c1\u03b7 \u03bc\u03c0\u03bf\u03c1\u03b5\u03af \u03bd\u03b1 \u03b5\u03af\u03bd\u03b1\u03b9 \u03b7 \u03c7\u03c1\u03ad\u03c9\u03c3\u03b7. \u03a3\u03b5 \u03c0\u03b5\u03c1\u03af\u03c0\u03c4\u03c9\u03c3\u03b7 \u201c\u03bc\u03b7 \u03b5\u03bc\u03c6\u03ac\u03bd\u03b9\u03c3\u03b7\u03c2\u201d, \u03b7 \u03ba\u03c1\u03ac\u03c4\u03b7\u03c3\u03b7 \u03b8\u03b1 \u03b8\u03b5\u03c9\u03c1\u03b7\u03b8\u03b5\u03af \u03bf\u03bb\u03bf\u03ba\u03bb\u03b7\u03c1\u03c9\u03bc\u03ad\u03bd\u03b7 \u03ba\u03b1\u03b9 \u03b4\u03b5\u03bd \u03b8\u03b1 \u03b3\u03af\u03bd\u03b5\u03b9 \u03ba\u03b1\u03bc\u03af\u03b1 \u03b5\u03c0\u03b9\u03c3\u03c4\u03c1\u03bf\u03c6\u03ae \u03c7\u03c1\u03b7\u03bc\u03ac\u03c4\u03c9\u03bd. \u03a3\u03c5\u03bd\u03ae\u03b8\u03c9\u03c2 \u03c7\u03c1\u03b5\u03ce\u03bd\u03b5\u03c4\u03b1\u03b9 \u03bc\u03cc\u03bd\u03bf \u03b7 \u03c0\u03c1\u03bf\u03ba\u03b1\u03c4\u03b1\u03b2\u03bf\u03bb\u03ae 20%, \u03ba\u03b1\u03b8\u03ce\u03c2 \u03ba\u03b1\u03bb\u03cd\u03c0\u03c4\u03b5\u03b9 \u03c4\u03b1 \u03ad\u03be\u03bf\u03b4\u03b1 logistics.<\/p><p><strong>\u03a5\u03c0\u03b7\u03c1\u03b5\u03c3\u03af\u03b5\u03c2 \u03ba\u03b1\u03b9 \u03b1\u03c1\u03bc\u03bf\u03b4\u03b9\u03cc\u03c4\u03b7\u03c4\u03b5\u03c2<\/strong><\/p><p>\u039f\u03b9 \u03bf\u03b4\u03b7\u03b3\u03bf\u03af \u03bc\u03b1\u03c2 \u03b5\u03af\u03bd\u03b1\u03b9 \u03b5\u03c0\u03b1\u03b3\u03b3\u03b5\u03bb\u03bc\u03b1\u03c4\u03af\u03b5\u03c2 \u03ba\u03b1\u03b9 \u03c6\u03ad\u03c1\u03bf\u03c5\u03bd \u03c4\u03b7\u03bd \u03b5\u03c5\u03b8\u03cd\u03bd\u03b7 \u03b3\u03b9\u03b1 \u03c4\u03b7\u03bd \u03b1\u03c3\u03c6\u03ac\u03bb\u03b5\u03b9\u03b1 \u03ba\u03b1\u03b8\u2019 \u03cc\u03bb\u03b7 \u03c4\u03b7 \u03b4\u03b9\u03ac\u03c1\u03ba\u03b5\u03b9\u03b1 \u03c4\u03b7\u03c2 \u03b4\u03b9\u03b1\u03b4\u03c1\u03bf\u03bc\u03ae\u03c2. \u0388\u03c7\u03bf\u03c5\u03bd \u03c4\u03bf \u03b4\u03b9\u03ba\u03b1\u03af\u03c9\u03bc\u03b1 \u03bd\u03b1 \u03b1\u03c1\u03bd\u03b7\u03b8\u03bf\u03cd\u03bd \u03c4\u03b7\u03bd \u03c0\u03b1\u03c1\u03bf\u03c7\u03ae \u03c5\u03c0\u03b7\u03c1\u03b5\u03c3\u03b9\u03ce\u03bd \u03b1\u03bd \u03ba\u03c1\u03af\u03bd\u03bf\u03c5\u03bd \u03cc\u03c4\u03b9 \u03b4\u03b9\u03b1\u03ba\u03c5\u03b2\u03b5\u03cd\u03b5\u03c4\u03b1\u03b9 \u03b7 \u03b1\u03c3\u03c6\u03ac\u03bb\u03b5\u03b9\u03b1.<\/p><p><strong>\u039a\u03b1\u03bd\u03cc\u03bd\u03b5\u03c2 \u03ba\u03b1\u03c4\u03ac \u03c4\u03b7 \u03b4\u03b9\u03ac\u03c1\u03ba\u03b5\u03b9\u03b1 \u03c4\u03bf\u03c5 \u03c4\u03b1\u03be\u03b9\u03b4\u03b9\u03bf\u03cd<\/strong><\/p><p>\u0393\u03b9\u03b1 \u03bc\u03b9\u03b1 \u03b5\u03c5\u03c7\u03ac\u03c1\u03b9\u03c3\u03c4\u03b7 \u03b5\u03bc\u03c0\u03b5\u03b9\u03c1\u03af\u03b1 \u03b3\u03b9\u03b1 \u03cc\u03bb\u03bf\u03c5\u03c2:<\/p><p>\u03a4\u03bf \u03ba\u03ac\u03c0\u03bd\u03b9\u03c3\u03bc\u03b1 \u03b1\u03c0\u03b1\u03b3\u03bf\u03c1\u03b5\u03cd\u03b5\u03c4\u03b1\u03b9 \u03c3\u03c4\u03bf \u03cc\u03c7\u03b7\u03bc\u03b1.;<\/p><p>\u0394\u03b5\u03bd \u03b5\u03c0\u03b9\u03c4\u03c1\u03ad\u03c0\u03b5\u03c4\u03b1\u03b9 \u03b7 \u03ba\u03b1\u03c4\u03b1\u03bd\u03ac\u03bb\u03c9\u03c3\u03b7 \u03b3\u03c1\u03ae\u03b3\u03bf\u03c1\u03bf\u03c5 \u03c6\u03b1\u03b3\u03b7\u03c4\u03bf\u03cd.;<br \/>\u03a4\u03bf \u03b1\u03bb\u03ba\u03bf\u03cc\u03bb \u03b5\u03c0\u03b9\u03c4\u03c1\u03ad\u03c0\u03b5\u03c4\u03b1\u03b9 \u03bc\u03cc\u03bd\u03bf \u03ba\u03b1\u03c4\u03cc\u03c0\u03b9\u03bd \u03c0\u03c1\u03bf\u03b7\u03b3\u03bf\u03cd\u03bc\u03b5\u03bd\u03b7\u03c2 \u03c3\u03c5\u03bd\u03b5\u03bd\u03bd\u03cc\u03b7\u03c3\u03b7\u03c2.;<br \/>\u039f\u03b9 \u03b5\u03c0\u03b9\u03b2\u03ac\u03c4\u03b5\u03c2 \u03c0\u03c1\u03ad\u03c0\u03b5\u03b9 \u03bd\u03b1 \u03c4\u03b7\u03c1\u03bf\u03cd\u03bd \u03c4\u03bf\u03c5\u03c2 \u03ba\u03b1\u03bd\u03cc\u03bd\u03b5\u03c2 \u03b1\u03c3\u03c6\u03b1\u03bb\u03b5\u03af\u03b1\u03c2 \u03ba\u03b1\u03b9 \u03c4\u03b9\u03c2 \u03bf\u03b4\u03b7\u03b3\u03af\u03b5\u03c2 \u03c4\u03bf\u03c5 \u03bf\u03b4\u03b7\u03b3\u03bf\u03cd.<\/p><p><strong>\u0391\u03c0\u03bf\u03c3\u03ba\u03b5\u03c5\u03ad\u03c2 \u03ba\u03b1\u03b9 \u03c0\u03c1\u03bf\u03c3\u03c9\u03c0\u03b9\u03ba\u03ac \u03b1\u03bd\u03c4\u03b9\u03ba\u03b5\u03af\u03bc\u03b5\u03bd\u03b1<\/strong><\/p><p>\u03a6\u03c1\u03bf\u03bd\u03c4\u03af\u03b6\u03bf\u03c5\u03bc\u03b5 \u03b3\u03b9\u03b1 \u03c4\u03b7\u03bd \u03ac\u03bd\u03b5\u03c3\u03ae \u03c3\u03b1\u03c2, \u03b1\u03bb\u03bb\u03ac \u03b4\u03b5\u03bd \u03c6\u03ad\u03c1\u03bf\u03c5\u03bc\u03b5 \u03b5\u03c5\u03b8\u03cd\u03bd\u03b7 \u03b3\u03b9\u03b1 \u03c4\u03c5\u03c7\u03cc\u03bd \u03b1\u03bd\u03c4\u03b9\u03ba\u03b5\u03af\u03bc\u03b5\u03bd\u03b1 \u03c0\u03bf\u03c5 \u03c7\u03ac\u03bd\u03bf\u03bd\u03c4\u03b1\u03b9 \u03ae \u03ba\u03b1\u03c4\u03b1\u03c3\u03c4\u03c1\u03ad\u03c6\u03bf\u03bd\u03c4\u03b1\u03b9 \u03ba\u03b1\u03c4\u03ac \u03c4\u03b7 \u03b4\u03b9\u03ac\u03c1\u03ba\u03b5\u03b9\u03b1 \u03c4\u03bf\u03c5 \u03c4\u03b1\u03be\u03b9\u03b4\u03b9\u03bf\u03cd. \u03a0\u03b1\u03c1\u03b1\u03ba\u03b1\u03bb\u03bf\u03cd\u03bc\u03b5 \u03bd\u03b1 \u03b5\u03bb\u03ad\u03b3\u03c7\u03b5\u03c4\u03b5 \u03c4\u03b9\u03c2 \u03b1\u03c0\u03bf\u03c3\u03ba\u03b5\u03c5\u03ad\u03c2 \u03c3\u03b1\u03c2 \u03c0\u03c1\u03b9\u03bd \u03ba\u03b1\u03b9 \u03bc\u03b5\u03c4\u03ac \u03c4\u03bf \u03c4\u03b1\u03be\u03af\u03b4\u03b9.<\/p><p><strong>\u039f \u03c3\u03c4\u03cc\u03c7\u03bf\u03c2 \u03bc\u03b1\u03c2<\/strong><\/p><p>\u0397 Minibus.al \u03b4\u03b5\u03c3\u03bc\u03b5\u03cd\u03b5\u03c4\u03b1\u03b9 \u03bd\u03b1 \u03c0\u03c1\u03bf\u03c3\u03c6\u03ad\u03c1\u03b5\u03b9 \u03bc\u03b9\u03b1 \u03b1\u03c3\u03c6\u03b1\u03bb\u03ae, \u03ac\u03bd\u03b5\u03c4\u03b7 \u03ba\u03b1\u03b9 \u03b1\u03be\u03b9\u03cc\u03c0\u03b9\u03c3\u03c4\u03b7 \u03bc\u03b5\u03c4\u03b1\u03c6\u03bf\u03c1\u03b9\u03ba\u03ae \u03b5\u03bc\u03c0\u03b5\u03b9\u03c1\u03af\u03b1. \u039c\u03b5 \u03c4\u03b7\u03bd \u03c0\u03c1\u03b1\u03b3\u03bc\u03b1\u03c4\u03bf\u03c0\u03bf\u03af\u03b7\u03c3\u03b7 \u03ba\u03c1\u03ac\u03c4\u03b7\u03c3\u03b7\u03c2 \u03bc\u03ad\u03c3\u03c9 \u03c4\u03b7\u03c2 \u03b9\u03c3\u03c4\u03bf\u03c3\u03b5\u03bb\u03af\u03b4\u03b1\u03c2 \u03bc\u03b1\u03c2, \u03b1\u03c0\u03bf\u03b4\u03ad\u03c7\u03b5\u03c3\u03c4\u03b5 \u03c4\u03bf\u03c5\u03c2 \u03c0\u03b1\u03c1\u03cc\u03bd\u03c4\u03b5\u03c2 \u03cc\u03c1\u03bf\u03c5\u03c2.<\/p><p>\u0391\u03bd \u03ad\u03c7\u03b5\u03c4\u03b5 \u03b1\u03c0\u03bf\u03c1\u03af\u03b5\u03c2 \u03ae \u03c7\u03c1\u03b5\u03b9\u03ac\u03b6\u03b5\u03c3\u03c4\u03b5 \u03b4\u03b9\u03b5\u03c5\u03ba\u03c1\u03b9\u03bd\u03af\u03c3\u03b5\u03b9\u03c2, \u03b5\u03af\u03bc\u03b1\u03c3\u03c4\u03b5 \u03c0\u03ac\u03bd\u03c4\u03b1 \u03c3\u03c4\u03b7 \u03b4\u03b9\u03ac\u03b8\u03b5\u03c3\u03ae \u03c3\u03b1\u03c2 \u03b3\u03b9\u03b1 \u03bd\u03b1 \u03c3\u03b1\u03c2 \u03b2\u03bf\u03b7\u03b8\u03ae\u03c3\u03bf\u03c5\u03bc\u03b5. \u0395\u03c0\u03b9\u03ba\u03bf\u03b9\u03bd\u03c9\u03bd\u03ae\u03c3\u03c4\u03b5 \u03bc\u03b1\u03b6\u03af \u03bc\u03b1\u03c2 \u03c3\u03c4\u03b7 \u03b4\u03b9\u03b5\u03cd\u03b8\u03c5\u03bd\u03c3\u03b7 info@minibus.al.<\/p>\t\t\t\t\t\t\t\t<\/div>\n\t\t\t\t<\/div>\n\t\t<div class=\"elementor-element elementor-element-b5b8340 e-con-full e-flex e-con e-child\" data-id=\"b5b8340\" data-element_type=\"container\" data-e-type=\"container\">\n\t\t<div class=\"elementor-element elementor-element-bc2fa1b e-flex e-con-boxed e-con e-child\" data-id=\"bc2fa1b\" data-element_type=\"container\" data-e-type=\"container\" data-settings=\"{&quot;background_background&quot;:&quot;classic&quot;}\">\n\t\t\t\t\t<div class=\"e-con-inner\">\n\t\t\t\t<div class=\"elementor-element elementor-element-5123186 elementor-widget__width-auto elementor-widget elementor-widget-heading\" data-id=\"5123186\" data-element_type=\"widget\" data-e-type=\"widget\" data-widget_type=\"heading.default\">\n\t\t\t\t\t<h3 class=\"elementor-heading-title elementor-size-default\">\u0388\u03ba\u03c0\u03c4\u03c9\u03c3\u03b7 10%<\/h3>\t\t\t\t<\/div>\n\t\t\t\t<div class=\"elementor-element elementor-element-87d0a21 elementor-widget__width-auto elementor-widget elementor-widget-heading\" data-id=\"87d0a21\" data-element_type=\"widget\" data-e-type=\"widget\" data-widget_type=\"heading.default\">\n\t\t\t\t\t<div class=\"elementor-heading-title elementor-size-default\">\u0388\u03ba\u03c0\u03c4\u03c9\u03c3\u03b7 \u03ad\u03c9\u03c2 10% \u03b3\u03b9\u03b1 \u03ba\u03ac\u03b8\u03b5 \u03ba\u03c1\u03ac\u03c4\u03b7\u03c3\u03b7 \u03ad\u03c9\u03c2 31 \u039c\u03b1\u0390\u03bf\u03c5.<\/div>\t\t\t\t<\/div>\n\t\t\t\t\t<\/div>\n\t\t\t\t<\/div>\n\t\t<div class=\"elementor-element elementor-element-ccacd13 e-con-full e-flex e-con e-child\" data-id=\"ccacd13\" data-element_type=\"container\" data-e-type=\"container\">\n\t\t\t\t<div class=\"elementor-element elementor-element-9a3e5a9 elementor-widget__width-initial elementor-widget elementor-widget-image\" data-id=\"9a3e5a9\" data-element_type=\"widget\" data-e-type=\"widget\" data-widget_type=\"image.default\">\n\t\t\t\t\t\t\t\t\t\t\t\t\t\t\t\t<a href=\"#\">\n\t\t\t\t\t\t\t<img fetchpriority=\"high\" decoding=\"async\" width=\"630\" height=\"441\" src=\"https:\/\/minibus.al\/wp-content\/uploads\/2025\/10\/Transfer-416_2268_0182-landscape-630x441-1.jpg\" class=\"attachment-full size-full wp-image-988709\" alt=\"\" srcset=\"https:\/\/minibus.al\/wp-content\/uploads\/2025\/10\/Transfer-416_2268_0182-landscape-630x441-1.jpg 630w, https:\/\/minibus.al\/wp-content\/uploads\/2025\/10\/Transfer-416_2268_0182-landscape-630x441-1-600x420.jpg 600w, https:\/\/minibus.al\/wp-content\/uploads\/2025\/10\/Transfer-416_2268_0182-landscape-630x441-1-300x210.jpg 300w, https:\/\/minibus.al\/wp-content\/uploads\/2025\/10\/Transfer-416_2268_0182-landscape-630x441-1-420x294.jpg 420w, https:\/\/minibus.al\/wp-content\/uploads\/2025\/10\/Transfer-416_2268_0182-landscape-630x441-1-315x221.jpg 315w\" sizes=\"(max-width: 630px) 100vw, 630px\" title=\"\">\t\t\t\t\t\t\t\t<\/a>\n\t\t\t\t\t\t\t\t\t\t\t\t\t\t\t<\/div>\n\t\t\t\t<div class=\"elementor-element elementor-element-7103e44 elementor-widget__width-initial elementor-widget elementor-widget-heading\" data-id=\"7103e44\" data-element_type=\"widget\" data-e-type=\"widget\" data-widget_type=\"heading.default\">\n\t\t\t\t\t<h3 class=\"elementor-heading-title elementor-size-default\"><a href=\"#\">\u0399\u03b4\u03b9\u03c9\u03c4\u03b9\u03ba\u03ad\u03c2 \u03bc\u03b5\u03c4\u03b1\u03c6\u03bf\u03c1\u03ad\u03c2 \u03b1\u03c0\u03cc \u03c4\u03bf \u03b1\u03b5\u03c1\u03bf\u03b4\u03c1\u03cc\u03bc\u03b9\u03bf<\/a><\/h3>\t\t\t\t<\/div>\n\t\t\t\t<\/div>\n\t\t<div class=\"elementor-element elementor-element-ee1ad98 e-con-full e-flex e-con e-child\" data-id=\"ee1ad98\" data-element_type=\"container\" data-e-type=\"container\">\n\t\t\t\t<div class=\"elementor-element elementor-element-5b8e7c3 elementor-widget__width-initial elementor-widget elementor-widget-image\" data-id=\"5b8e7c3\" data-element_type=\"widget\" data-e-type=\"widget\" data-widget_type=\"image.default\">\n\t\t\t\t\t\t\t\t\t\t\t\t\t\t\t\t<a href=\"#\">\n\t\t\t\t\t\t\t<img decoding=\"async\" width=\"800\" height=\"560\" src=\"https:\/\/minibus.al\/wp-content\/uploads\/2024\/01\/Crop800x600-landscape.jpeg\" class=\"attachment-full size-full wp-image-988653\" alt=\"\" srcset=\"https:\/\/minibus.al\/wp-content\/uploads\/2024\/01\/Crop800x600-landscape.jpeg 800w, https:\/\/minibus.al\/wp-content\/uploads\/2024\/01\/Crop800x600-landscape-600x420.jpeg 600w, https:\/\/minibus.al\/wp-content\/uploads\/2024\/01\/Crop800x600-landscape-300x210.jpeg 300w, https:\/\/minibus.al\/wp-content\/uploads\/2024\/01\/Crop800x600-landscape-768x538.jpeg 768w, https:\/\/minibus.al\/wp-content\/uploads\/2024\/01\/Crop800x600-landscape-630x441.jpeg 630w, https:\/\/minibus.al\/wp-content\/uploads\/2024\/01\/Crop800x600-landscape-420x294.jpeg 420w, https:\/\/minibus.al\/wp-content\/uploads\/2024\/01\/Crop800x600-landscape-315x221.jpeg 315w\" sizes=\"(max-width: 800px) 100vw, 800px\" title=\"\">\t\t\t\t\t\t\t\t<\/a>\n\t\t\t\t\t\t\t\t\t\t\t\t\t\t\t<\/div>\n\t\t\t\t<div class=\"elementor-element elementor-element-6a7fc3f elementor-widget__width-initial elementor-widget elementor-widget-heading\" data-id=\"6a7fc3f\" data-element_type=\"widget\" data-e-type=\"widget\" data-widget_type=\"heading.default\">\n\t\t\t\t\t<h3 class=\"elementor-heading-title elementor-size-default\"><a href=\"#\">\u039c\u03b5\u03c4\u03b1\u03c6\u03bf\u03c1\u03ac \u03bc\u03b5 \u03b9\u03b4\u03b9\u03c9\u03c4\u03b9\u03ba\u03cc \u03bf\u03b4\u03b7\u03b3\u03cc<\/a><\/h3>\t\t\t\t<\/div>\n\t\t\t\t<\/div>\n\t\t\t\t<\/div>\n\t\t\t\t\t<\/div>\n\t\t\t\t<\/div>\n\t\t\t\t<\/div>","protected":false},"excerpt":{"rendered":"<p>Kushtet dhe rregullat e p\u00ebrdorimit Kushtet dhe rregullat e p\u00ebrdorimit \u2013 Lexoni termat q\u00eb p\u00ebrcaktojn\u00eb p\u00ebrdorimin e sh\u00ebrbimit ton\u00eb, t\u00eb drejtat dhe detyrimet e p\u00ebrdoruesve, si dhe politikat kryesore p\u00ebr nj\u00eb eksperienc\u00eb t\u00eb sigurt dhe transparente. T\u00eb gjitha rezervimet me Minibus.al i n\u00ebnshtrohen k\u00ebtyre Kushteve dhe Afateve. Nj\u00eb rezervim konsiderohet i konfirmuar dhe i vlefsh\u00ebm [&hellip;]<\/p>\n","protected":false},"author":1,"featured_media":0,"parent":0,"menu_order":0,"comment_status":"closed","ping_status":"closed","template":"","meta":{"footnotes":""},"class_list":["post-988417","page","type-page","status-publish","hentry"],"_links":{"self":[{"href":"https:\/\/minibus.al\/el\/wp-json\/wp\/v2\/pages\/988417","targetHints":{"allow":["GET"]}}],"collection":[{"href":"https:\/\/minibus.al\/el\/wp-json\/wp\/v2\/pages"}],"about":[{"href":"https:\/\/minibus.al\/el\/wp-json\/wp\/v2\/types\/page"}],"author":[{"embeddable":true,"href":"https:\/\/minibus.al\/el\/wp-json\/wp\/v2\/users\/1"}],"replies":[{"embeddable":true,"href":"https:\/\/minibus.al\/el\/wp-json\/wp\/v2\/comments?post=988417"}],"version-history":[{"count":8,"href":"https:\/\/minibus.al\/el\/wp-json\/wp\/v2\/pages\/988417\/revisions"}],"predecessor-version":[{"id":989484,"href":"https:\/\/minibus.al\/el\/wp-json\/wp\/v2\/pages\/988417\/revisions\/989484"}],"wp:attachment":[{"href":"https:\/\/minibus.al\/el\/wp-json\/wp\/v2\/media?parent=988417"}],"curies":[{"name":"wp","href":"https:\/\/api.w.org\/{rel}","templated":true}]}}