{"id":989170,"date":"2026-02-02T15:05:15","date_gmt":"2026-02-02T15:05:15","guid":{"rendered":"https:\/\/minibus.al\/?post_type=product&#038;p=989170"},"modified":"2026-02-02T15:05:15","modified_gmt":"2026-02-02T15:05:15","slug":"minibus-mit-fahrer-von-tirana-nach-theth-mieten","status":"publish","type":"product","link":"https:\/\/minibus.al\/de\/produkt\/minibus-me-qira-dhe-shofer-nga-tirana-ne-theth\/","title":{"rendered":"Minibusvermietung mit Fahrer von Tirana nach Theth"},"content":{"rendered":"<p>Wir bieten Minibusvermietung mit Fahrer von Tirana nach Theth an und erm\u00f6glichen Ihnen so eine komfortable und sichere Reise ins Herz der Albanischen Alpen. Der Service ist ideal f\u00fcr Gruppen, Firmen oder Familien und bietet eine direkte Fahrt von T\u00fcr zu T\u00fcr ohne Unterbrechung. Der Minibus ist komfortabel, gut gewartet und f\u00fcr Bergstra\u00dfen geeignet, w\u00e4hrend der erfahrene Fahrer eine sichere und angenehme Fahrt garantiert. Dieser Transfer ist perfekt f\u00fcr alle, die die wundersch\u00f6ne Landschaft von Theth genie\u00dfen m\u00f6chten, ohne sich um die Planung \u00f6ffentlicher Verkehrsmittel k\u00fcmmern zu m\u00fcssen.<\/p>","protected":false},"excerpt":{"rendered":"<p>Wir bieten Minibusvermietung mit Fahrer von Tirana nach Theth an und erm\u00f6glichen Ihnen so eine komfortable und sichere Reise ins Herz der Albanischen Alpen.<\/p>","protected":false},"featured_media":989171,"comment_status":"open","ping_status":"closed","template":"","meta":[],"product_brand":[],"product_cat":[140],"product_tag":[],"class_list":{"0":"post-989170","1":"product","2":"type-product","3":"status-publish","4":"has-post-thumbnail","6":"product_cat-transport","8":"first","9":"instock","10":"shipping-taxable","11":"product-type-external"},"_links":{"self":[{"href":"https:\/\/minibus.al\/de\/wp-json\/wp\/v2\/product\/989170","targetHints":{"allow":["GET"]}}],"collection":[{"href":"https:\/\/minibus.al\/de\/wp-json\/wp\/v2\/product"}],"about":[{"href":"https:\/\/minibus.al\/de\/wp-json\/wp\/v2\/types\/product"}],"replies":[{"embeddable":true,"href":"https:\/\/minibus.al\/de\/wp-json\/wp\/v2\/comments?post=989170"}],"wp:featuredmedia":[{"embeddable":true,"href":"https:\/\/minibus.al\/de\/wp-json\/wp\/v2\/media\/989171"}],"wp:attachment":[{"href":"https:\/\/minibus.al\/de\/wp-json\/wp\/v2\/media?parent=989170"}],"wp:term":[{"taxonomy":"product_brand","embeddable":true,"href":"https:\/\/minibus.al\/de\/wp-json\/wp\/v2\/product_brand?post=989170"},{"taxonomy":"product_cat","embeddable":true,"href":"https:\/\/minibus.al\/de\/wp-json\/wp\/v2\/product_cat?post=989170"},{"taxonomy":"product_tag","embeddable":true,"href":"https:\/\/minibus.al\/de\/wp-json\/wp\/v2\/product_tag?post=989170"}],"curies":[{"name":"wp","href":"https:\/\/api.w.org\/{rel}","templated":true}]}}