{"id":989011,"date":"2025-12-16T07:36:43","date_gmt":"2025-12-16T07:36:43","guid":{"rendered":"https:\/\/minibus.al\/?page_id=989011"},"modified":"2025-12-16T07:38:06","modified_gmt":"2025-12-16T07:38:06","slug":"bis-zu-18-passagiere","status":"publish","type":"page","link":"https:\/\/minibus.al\/de\/flota-jone\/deri-ne-18-pasagjere\/","title":{"rendered":"Minibusvermietung mit Fahrer in Albanien \u2013 bis zu 18 Fahrg\u00e4ste"},"content":{"rendered":"<div data-elementor-type=\"wp-page\" data-elementor-id=\"989011\" class=\"elementor elementor-989011\">\n\t\t\t\t<div class=\"elementor-element elementor-element-2bde2da e-flex e-con-boxed e-con e-parent\" data-id=\"2bde2da\" data-element_type=\"container\" data-e-type=\"container\" data-settings=\"{&quot;background_background&quot;:&quot;classic&quot;}\">\n\t\t\t\t\t<div class=\"e-con-inner\">\n\t\t<div class=\"elementor-element elementor-element-ee41b66 e-con-full e-flex e-con e-child\" data-id=\"ee41b66\" data-element_type=\"container\" data-e-type=\"container\">\n\t\t\t\t<div class=\"elementor-element elementor-element-abd650d elementor-widget elementor-widget-heading\" data-id=\"abd650d\" data-element_type=\"widget\" data-e-type=\"widget\" data-widget_type=\"heading.default\">\n\t\t\t\t\t<h1 class=\"elementor-heading-title elementor-size-default\">Minibusvermietung mit Fahrer in Albanien \u2013 bis zu 18 Fahrg\u00e4ste<\/h1>\t\t\t\t<\/div>\n\t\t\t\t<div class=\"elementor-element elementor-element-b53403e elementor-widget elementor-widget-text-editor\" data-id=\"b53403e\" data-element_type=\"widget\" data-e-type=\"widget\" data-widget_type=\"text-editor.default\">\n\t\t\t\t\t\t\t\t\t<p>Buchen Sie jetzt einen Minibus mit Fahrer in Albanien f\u00fcr Gruppen bis zu 18 Personen. Sicherer und komfortabler Transport in Tirana, Durr\u00ebs, Shkod\u00ebr und anderen Reisezielen f\u00fcr Tourismus, Veranstaltungen und Gesch\u00e4ftsreisen.<\/p>\t\t\t\t\t\t\t\t<\/div>\n\t\t\t\t<\/div>\n\t\t\t\t\t<\/div>\n\t\t\t\t<\/div>\n\t\t<div class=\"elementor-element elementor-element-e125e23 e-flex e-con-boxed e-con e-parent\" data-id=\"e125e23\" data-element_type=\"container\" data-e-type=\"container\" data-settings=\"{&quot;background_background&quot;:&quot;classic&quot;}\">\n\t\t\t\t\t<div class=\"e-con-inner\">\n\t\t<div class=\"elementor-element elementor-element-5a9d3ce e-con-full e-flex e-con e-child\" data-id=\"5a9d3ce\" data-element_type=\"container\" data-e-type=\"container\">\n\t\t\t\t<div class=\"elementor-element elementor-element-cf95fae elementor-widget elementor-widget-text-editor\" data-id=\"cf95fae\" data-element_type=\"widget\" data-e-type=\"widget\" data-widget_type=\"text-editor.default\">\n\t\t\t\t\t\t\t\t\t<p>Wir bieten einen Minibus-Mietwagen mit Fahrer in ganz Albanien an, ideal f\u00fcr Gruppen bis zu 18 Personen. Dieser Service garantiert Ihnen komfortable, sichere und gut organisierte Reisen, egal ob Sie privat, gesch\u00e4ftlich oder zu Veranstaltungen unterwegs sind.<\/p>\t\t\t\t\t\t\t\t<\/div>\n\t\t\t\t<div class=\"elementor-element elementor-element-4f2db3b elementor-widget elementor-widget-heading\" data-id=\"4f2db3b\" data-element_type=\"widget\" data-e-type=\"widget\" data-widget_type=\"heading.default\">\n\t\t\t\t\t<h3 class=\"elementor-heading-title elementor-size-default\">Anpassungsf\u00e4higkeit an verschiedene Gruppen<\/h3>\t\t\t\t<\/div>\n\t\t\t\t<div class=\"elementor-element elementor-element-30d43d6 elementor-widget elementor-widget-text-editor\" data-id=\"30d43d6\" data-element_type=\"widget\" data-e-type=\"widget\" data-widget_type=\"text-editor.default\">\n\t\t\t\t\t\t\t\t\tUnsere Minibusse sind die ideale Wahl f\u00fcr Reiseb\u00fcros, Familien, Freundesgruppen, Unternehmen, Veranstalter und Organisatoren, die einen regelm\u00e4\u00dfigen und professionellen Transportservice suchen. Im Tourismusbereich bieten wir flexible Routen, optionale Zwischenstopps und erfahrene Fahrer, die sich bestens mit den albanischen Stra\u00dfen auskennen. F\u00fcr die Veranstaltungsbranche sorgen wir f\u00fcr stressfreie Gruppentransporte \u2013 von Hochzeiten und Firmenveranstaltungen \u00fcber Konzerte und Konferenzen bis hin zu Familienfeiern und Sportevents.\t\t\t\t\t\t\t\t<\/div>\n\t\t\t\t<div class=\"elementor-element elementor-element-094774e elementor-widget elementor-widget-heading\" data-id=\"094774e\" data-element_type=\"widget\" data-e-type=\"widget\" data-widget_type=\"heading.default\">\n\t\t\t\t\t<h3 class=\"elementor-heading-title elementor-size-default\">Minibus zu vermieten in Tirana und Umgebung.<br><\/h3>\t\t\t\t<\/div>\n\t\t\t\t<div class=\"elementor-element elementor-element-c2badbf elementor-widget elementor-widget-text-editor\" data-id=\"c2badbf\" data-element_type=\"widget\" data-e-type=\"widget\" data-widget_type=\"text-editor.default\">\n\t\t\t\t\t\t\t\t\tUnser Minibus-Vermietungsservice deckt die wichtigsten St\u00e4dte Albaniens ab, darunter Tirana, Durr\u00ebs, Shkodra, Vlora, Saranda, Berat, Gjirokastra, Kor\u00e7a, Elbasan und Lezha. Vom Flughafen Tirana an die S\u00fcdk\u00fcste oder in Museumsst\u00e4dte bieten wir Ihnen sichere und p\u00fcnktliche Fahrten, die sich Ihren W\u00fcnschen und Ihrem Zeitplan anpassen.\t\t\t\t\t\t\t\t<\/div>\n\t\t\t\t<div class=\"elementor-element elementor-element-0e04ef8 elementor-widget elementor-widget-heading\" data-id=\"0e04ef8\" data-element_type=\"widget\" data-e-type=\"widget\" data-widget_type=\"heading.default\">\n\t\t\t\t\t<h3 class=\"elementor-heading-title elementor-size-default\">Professionelle Fahrer und sicheres Reisen<\/h3>\t\t\t\t<\/div>\n\t\t\t\t<div class=\"elementor-element elementor-element-f2e72c7 elementor-widget elementor-widget-text-editor\" data-id=\"f2e72c7\" data-element_type=\"widget\" data-e-type=\"widget\" data-widget_type=\"text-editor.default\">\n\t\t\t\t\t\t\t\t\tJede Fahrt wird von professionellen, geschulten und lizenzierten Fahrern durchgef\u00fchrt. Unsere Minibusse garantieren Komfort, Klimaanlage, ausreichend Gep\u00e4ckraum und ein rundum gelungenes Reiseerlebnis \u2013 f\u00fcr eine reibungslose und angenehme Fahrt.\t\t\t\t\t\t\t\t<\/div>\n\t\t\t\t<div class=\"elementor-element elementor-element-23592db elementor-widget elementor-widget-heading\" data-id=\"23592db\" data-element_type=\"widget\" data-e-type=\"widget\" data-widget_type=\"heading.default\">\n\t\t\t\t\t<h3 class=\"elementor-heading-title elementor-size-default\">Warum minibus.al?<\/h3>\t\t\t\t<\/div>\n\t\t\t\t<div class=\"elementor-element elementor-element-288ca7f elementor-widget elementor-widget-text-editor\" data-id=\"288ca7f\" data-element_type=\"widget\" data-e-type=\"widget\" data-widget_type=\"text-editor.default\">\n\t\t\t\t\t\t\t\t\tWir wissen, dass jede Reise individuelle Bed\u00fcrfnisse hat. Deshalb bieten wir eine Vielzahl von Minibussen f\u00fcr kleine und gro\u00dfe Gruppen, personalisierte Reiserouten und professionell geschulte Fahrer. Sicherheit, Komfort und Professionalit\u00e4t sind unsere wichtigsten Prinzipien, um jedem Fahrgast eine angenehme und reibungslose Reise zu garantieren.\t\t\t\t\t\t\t\t<\/div>\n\t\t\t\t<div class=\"elementor-element elementor-element-6d08aec elementor-widget elementor-widget-image\" data-id=\"6d08aec\" data-element_type=\"widget\" data-e-type=\"widget\" data-widget_type=\"image.default\">\n\t\t\t\t\t\t\t\t\t\t\t\t\t\t\t<img fetchpriority=\"high\" decoding=\"async\" width=\"800\" height=\"560\" src=\"https:\/\/minibus.al\/wp-content\/uploads\/2024\/01\/01-landscape.jpg\" class=\"attachment-large size-large wp-image-988652\" alt=\"\" srcset=\"https:\/\/minibus.al\/wp-content\/uploads\/2024\/01\/01-landscape.jpg 893w, https:\/\/minibus.al\/wp-content\/uploads\/2024\/01\/01-landscape-600x420.jpg 600w, https:\/\/minibus.al\/wp-content\/uploads\/2024\/01\/01-landscape-300x210.jpg 300w, https:\/\/minibus.al\/wp-content\/uploads\/2024\/01\/01-landscape-768x538.jpg 768w, https:\/\/minibus.al\/wp-content\/uploads\/2024\/01\/01-landscape-630x441.jpg 630w, https:\/\/minibus.al\/wp-content\/uploads\/2024\/01\/01-landscape-420x294.jpg 420w, https:\/\/minibus.al\/wp-content\/uploads\/2024\/01\/01-landscape-840x588.jpg 840w, https:\/\/minibus.al\/wp-content\/uploads\/2024\/01\/01-landscape-315x220.jpg 315w\" sizes=\"(max-width: 800px) 100vw, 800px\" title=\"\">\t\t\t\t\t\t\t\t\t\t\t\t\t\t\t<\/div>\n\t\t\t\t<div class=\"elementor-element elementor-element-1e7cd0e elementor-widget elementor-widget-heading\" data-id=\"1e7cd0e\" data-element_type=\"widget\" data-e-type=\"widget\" data-widget_type=\"heading.default\">\n\t\t\t\t\t<h3 class=\"elementor-heading-title elementor-size-default\">Maximaler Komfort und Bequemlichkeit<\/h3>\t\t\t\t<\/div>\n\t\t\t\t<div class=\"elementor-element elementor-element-61ae5bf elementor-widget elementor-widget-text-editor\" data-id=\"61ae5bf\" data-element_type=\"widget\" data-e-type=\"widget\" data-widget_type=\"text-editor.default\">\n\t\t\t\t\t\t\t\t\t<p>Ben\u00f6tigen Sie einen zuverl\u00e4ssigen T\u00fcr-zu-T\u00fcr-Service f\u00fcr kleine Gruppen? Dann sind unsere Minibusse mit Chauffeur die ideale Wahl. Wir k\u00fcmmern uns um jedes Detail \u2013 Route, Fahrplan, Haltestellen und Komfort \u2013, damit Sie sich ganz auf Ihre Reise und das Erlebnis konzentrieren k\u00f6nnen.<\/p>\t\t\t\t\t\t\t\t<\/div>\n\t\t\t\t<\/div>\n\t\t<div class=\"elementor-element elementor-element-21695eb e-con-full e-flex e-con e-child\" data-id=\"21695eb\" data-element_type=\"container\" data-e-type=\"container\">\n\t\t<div class=\"elementor-element elementor-element-9e6287b e-flex e-con-boxed e-con e-child\" data-id=\"9e6287b\" data-element_type=\"container\" data-e-type=\"container\" data-settings=\"{&quot;background_background&quot;:&quot;classic&quot;}\">\n\t\t\t\t\t<div class=\"e-con-inner\">\n\t\t\t\t<div class=\"elementor-element elementor-element-be48760 elementor-widget__width-auto elementor-widget elementor-widget-heading\" data-id=\"be48760\" data-element_type=\"widget\" data-e-type=\"widget\" data-widget_type=\"heading.default\">\n\t\t\t\t\t<h3 class=\"elementor-heading-title elementor-size-default\">10% Rabatt<\/h3>\t\t\t\t<\/div>\n\t\t\t\t<div class=\"elementor-element elementor-element-3de29c3 elementor-widget__width-auto elementor-widget elementor-widget-heading\" data-id=\"3de29c3\" data-element_type=\"widget\" data-e-type=\"widget\" data-widget_type=\"heading.default\">\n\t\t\t\t\t<div class=\"elementor-heading-title elementor-size-default\">Bis zu 10 % Rabatt auf jede Reservierung bis zum 31. Mai 2026!<\/div>\t\t\t\t<\/div>\n\t\t\t\t\t<\/div>\n\t\t\t\t<\/div>\n\t\t<div class=\"elementor-element elementor-element-59e80db e-con-full e-flex e-con e-child\" data-id=\"59e80db\" data-element_type=\"container\" data-e-type=\"container\">\n\t\t\t\t<div class=\"elementor-element elementor-element-02125ec elementor-widget__width-initial elementor-widget elementor-widget-heading\" data-id=\"02125ec\" data-element_type=\"widget\" data-e-type=\"widget\" data-widget_type=\"heading.default\">\n\t\t\t\t\t<h3 class=\"elementor-heading-title elementor-size-default\"><a href=\"https:\/\/minibus.al\/de\/minibus-mit-fahrer-fur-ausfluge-und-tourismus-mieten\/\">Minibus zu vermieten f\u00fcr Tourismus<\/a><\/h3>\t\t\t\t<\/div>\n\t\t\t\t<\/div>\n\t\t<div class=\"elementor-element elementor-element-d78acf1 e-con-full e-flex e-con e-child\" data-id=\"d78acf1\" data-element_type=\"container\" data-e-type=\"container\">\n\t\t\t\t<div class=\"elementor-element elementor-element-7db6655 elementor-widget__width-initial elementor-widget elementor-widget-heading\" data-id=\"7db6655\" data-element_type=\"widget\" data-e-type=\"widget\" data-widget_type=\"heading.default\">\n\t\t\t\t\t<h3 class=\"elementor-heading-title elementor-size-default\"><a href=\"https:\/\/minibus.al\/de\/minibus-mit-fahrer-fur-veranstaltungen-zu-vermieten\/\">Minibusvermietung f\u00fcr Veranstaltungen<\/a><\/h3>\t\t\t\t<\/div>\n\t\t\t\t<\/div>\n\t\t<div class=\"elementor-element elementor-element-9e5c0e6 e-con-full e-flex e-con e-child\" data-id=\"9e5c0e6\" data-element_type=\"container\" data-e-type=\"container\">\n\t\t\t\t<div class=\"elementor-element elementor-element-9e8ecef elementor-widget__width-initial elementor-widget elementor-widget-heading\" data-id=\"9e8ecef\" data-element_type=\"widget\" data-e-type=\"widget\" data-widget_type=\"heading.default\">\n\t\t\t\t\t<h3 class=\"elementor-heading-title elementor-size-default\"><a href=\"https:\/\/minibus.al\/de\/minibus-am-flughafen-tirana-mieten\/\">Privater Transfer vom Flughafen<\/a><\/h3>\t\t\t\t<\/div>\n\t\t\t\t<\/div>\n\t\t\t\t<\/div>\n\t\t\t\t\t<\/div>\n\t\t\t\t<\/div>\n\t\t\t\t<\/div>","protected":false},"excerpt":{"rendered":"<p>Minibus me qira me shofer n\u00eb Shqip\u00ebri \u2013 deri n\u00eb 18 pasagjer\u00eb Rezervo tani minibus me shofer n\u00eb Shqip\u00ebri p\u00ebr grupe deri n\u00eb 18 persona. Transport i sigurt dhe i komod n\u00eb Tiran\u00eb, Durr\u00ebs, Shkod\u00ebr dhe destinacione t\u00eb tjera p\u00ebr turiz\u00ebm, evente dhe udh\u00ebtime biznesi. Ne ofrojm\u00eb sh\u00ebrbimin e minibuseve me qira me shofer n\u00eb [&hellip;]<\/p>\n","protected":false},"author":1,"featured_media":988652,"parent":988966,"menu_order":0,"comment_status":"closed","ping_status":"closed","template":"","meta":{"footnotes":""},"class_list":["post-989011","page","type-page","status-publish","has-post-thumbnail","hentry"],"_links":{"self":[{"href":"https:\/\/minibus.al\/de\/wp-json\/wp\/v2\/pages\/989011","targetHints":{"allow":["GET"]}}],"collection":[{"href":"https:\/\/minibus.al\/de\/wp-json\/wp\/v2\/pages"}],"about":[{"href":"https:\/\/minibus.al\/de\/wp-json\/wp\/v2\/types\/page"}],"author":[{"embeddable":true,"href":"https:\/\/minibus.al\/de\/wp-json\/wp\/v2\/users\/1"}],"replies":[{"embeddable":true,"href":"https:\/\/minibus.al\/de\/wp-json\/wp\/v2\/comments?post=989011"}],"version-history":[{"count":8,"href":"https:\/\/minibus.al\/de\/wp-json\/wp\/v2\/pages\/989011\/revisions"}],"predecessor-version":[{"id":989019,"href":"https:\/\/minibus.al\/de\/wp-json\/wp\/v2\/pages\/989011\/revisions\/989019"}],"up":[{"embeddable":true,"href":"https:\/\/minibus.al\/de\/wp-json\/wp\/v2\/pages\/988966"}],"wp:featuredmedia":[{"embeddable":true,"href":"https:\/\/minibus.al\/de\/wp-json\/wp\/v2\/media\/988652"}],"wp:attachment":[{"href":"https:\/\/minibus.al\/de\/wp-json\/wp\/v2\/media?parent=989011"}],"curies":[{"name":"wp","href":"https:\/\/api.w.org\/{rel}","templated":true}]}}