{"id":988766,"date":"2025-10-15T11:09:10","date_gmt":"2025-10-15T11:09:10","guid":{"rendered":"https:\/\/minibus.al\/?page_id=988766"},"modified":"2026-01-10T09:33:44","modified_gmt":"2026-01-10T09:33:44","slug":"minibus-mit-fahrer-in-durres-mieten","status":"publish","type":"page","link":"https:\/\/minibus.al\/de\/minibus-me-qira-me-shofer-ne-durres\/","title":{"rendered":"Minibus mit Fahrer in Durr\u00ebs zu vermieten."},"content":{"rendered":"<div data-elementor-type=\"wp-page\" data-elementor-id=\"988766\" class=\"elementor elementor-988766\">\n\t\t\t\t<div class=\"elementor-element elementor-element-7d720d8e e-flex e-con-boxed e-con e-parent\" data-id=\"7d720d8e\" data-element_type=\"container\" data-e-type=\"container\" data-settings=\"{&quot;background_background&quot;:&quot;classic&quot;}\">\n\t\t\t\t\t<div class=\"e-con-inner\">\n\t\t<div class=\"elementor-element elementor-element-7b8858d8 e-con-full e-flex e-con e-child\" data-id=\"7b8858d8\" data-element_type=\"container\" data-e-type=\"container\">\n\t\t\t\t<div class=\"elementor-element elementor-element-86ad02f elementor-widget elementor-widget-heading\" data-id=\"86ad02f\" data-element_type=\"widget\" data-e-type=\"widget\" data-widget_type=\"heading.default\">\n\t\t\t\t\t<h1 class=\"elementor-heading-title elementor-size-default\">Minibus mit Fahrer in Durr\u00ebs zu vermieten.\n<\/h1>\t\t\t\t<\/div>\n\t\t\t\t<\/div>\n\t\t\t\t\t<\/div>\n\t\t\t\t<\/div>\n\t\t<div class=\"elementor-element elementor-element-63fb7903 e-flex e-con-boxed e-con e-parent\" data-id=\"63fb7903\" data-element_type=\"container\" data-e-type=\"container\" data-settings=\"{&quot;background_background&quot;:&quot;classic&quot;}\">\n\t\t\t\t\t<div class=\"e-con-inner\">\n\t\t<div class=\"elementor-element elementor-element-37610d59 e-con-full e-flex e-con e-child\" data-id=\"37610d59\" data-element_type=\"container\" data-e-type=\"container\">\n\t\t\t\t<div class=\"elementor-element elementor-element-3330c822 elementor-widget elementor-widget-text-editor\" data-id=\"3330c822\" data-element_type=\"widget\" data-e-type=\"widget\" data-widget_type=\"text-editor.default\">\n\t\t\t\t\t\t\t\t\t<p>Planen Sie eine komfortable Reise nach Durr\u00ebs und ben\u00f6tigen Sie einen Minibus? Dann ist unser Minibus-Service mit Fahrer die ideale L\u00f6sung. Wir bieten professionell geschulte Fahrer, moderne und gut gewartete Fahrzeuge und garantieren Ihnen so eine sichere und komfortable Reise.<\/p><p>Unser Service eignet sich f\u00fcr Gruppen, Veranstaltungen, Flughafentransfers oder touristische Ausfl\u00fcge.\u00a0<\/p>\t\t\t\t\t\t\t\t<\/div>\n\t\t\t\t<div class=\"elementor-element elementor-element-d85ac05 elementor-widget elementor-widget-text-editor\" data-id=\"d85ac05\" data-element_type=\"widget\" data-e-type=\"widget\" data-widget_type=\"text-editor.default\">\n\t\t\t\t\t\t\t\t\t<p>Minibus.al bietet Minibusvermietung mit Fahrer in Albanien an, haupts\u00e4chlich in Tirana, Durr\u00ebs, Shkod\u00ebr, Vlor\u00eb, Saranda und anderen St\u00e4dten. Erleben Sie maximalen Komfort und pures Vergn\u00fcgen bei der Bef\u00f6rderung mit unserem Minibus-Mietservice.\u00a0<\/p>\t\t\t\t\t\t\t\t<\/div>\n\t\t\t\t<div class=\"elementor-element elementor-element-b13c782 elementor-widget elementor-widget-heading\" data-id=\"b13c782\" data-element_type=\"widget\" data-e-type=\"widget\" data-widget_type=\"heading.default\">\n\t\t\t\t\t<h3 class=\"elementor-heading-title elementor-size-default\">Warum minibus.al?<\/h3>\t\t\t\t<\/div>\n\t\t\t\t<div class=\"elementor-element elementor-element-3e11a91c elementor-view-stacked elementor-position-inline-start elementor-mobile-position-inline-start elementor-shape-circle elementor-widget elementor-widget-icon-box\" data-id=\"3e11a91c\" data-element_type=\"widget\" data-e-type=\"widget\" data-widget_type=\"icon-box.default\">\n\t\t\t\t\t\t\t<div class=\"elementor-icon-box-wrapper\">\n\n\t\t\t\t\t\t<div class=\"elementor-icon-box-icon\">\n\t\t\t\t<span  class=\"elementor-icon\">\n\t\t\t\t<svg aria-hidden=\"true\" class=\"e-font-icon-svg e-fas-check\" viewbox=\"0 0 512 512\" xmlns=\"http:\/\/www.w3.org\/2000\/svg\"><path d=\"M173.898 439.404l-166.4-166.4c-9.997-9.997-9.997-26.206 0-36.204l36.203-36.204c9.997-9.998 26.207-9.998 36.204 0L192 312.69 432.095 72.596c9.997-9.997 26.207-9.997 36.204 0l36.203 36.204c9.997 9.997 9.997 26.206 0 36.204l-294.4 294.401c-9.998 9.997-26.207 9.997-36.204-.001z\"><\/path><\/svg>\t\t\t\t<\/span>\n\t\t\t<\/div>\n\t\t\t\n\t\t\t\t\t\t<div class=\"elementor-icon-box-content\">\n\n\t\t\t\t\t\t\t\t\t<h3 class=\"elementor-icon-box-title\">\n\t\t\t\t\t\t<span  >\n\t\t\t\t\t\t\tTransparente Preise, keine versteckten Geb\u00fchren oder \u00fcberh\u00f6hte Preise.\t\t\t\t\t\t<\/span>\n\t\t\t\t\t<\/h3>\n\t\t\t\t\n\t\t\t\t\n\t\t\t<\/div>\n\t\t\t\n\t\t<\/div>\n\t\t\t\t\t\t<\/div>\n\t\t\t\t<div class=\"elementor-element elementor-element-315ca039 elementor-view-stacked elementor-position-inline-start elementor-mobile-position-inline-start elementor-shape-circle elementor-widget elementor-widget-icon-box\" data-id=\"315ca039\" data-element_type=\"widget\" data-e-type=\"widget\" data-widget_type=\"icon-box.default\">\n\t\t\t\t\t\t\t<div class=\"elementor-icon-box-wrapper\">\n\n\t\t\t\t\t\t<div class=\"elementor-icon-box-icon\">\n\t\t\t\t<span  class=\"elementor-icon\">\n\t\t\t\t<svg aria-hidden=\"true\" class=\"e-font-icon-svg e-fas-check\" viewbox=\"0 0 512 512\" xmlns=\"http:\/\/www.w3.org\/2000\/svg\"><path d=\"M173.898 439.404l-166.4-166.4c-9.997-9.997-9.997-26.206 0-36.204l36.203-36.204c9.997-9.998 26.207-9.998 36.204 0L192 312.69 432.095 72.596c9.997-9.997 26.207-9.997 36.204 0l36.203 36.204c9.997 9.997 9.997 26.206 0 36.204l-294.4 294.401c-9.998 9.997-26.207 9.997-36.204-.001z\"><\/path><\/svg>\t\t\t\t<\/span>\n\t\t\t<\/div>\n\t\t\t\n\t\t\t\t\t\t<div class=\"elementor-icon-box-content\">\n\n\t\t\t\t\t\t\t\t\t<h3 class=\"elementor-icon-box-title\">\n\t\t\t\t\t\t<span  >\n\t\t\t\t\t\t\tProfessionell ausgebildete, sachkundige und sichere Fahrer.\t\t\t\t\t\t<\/span>\n\t\t\t\t\t<\/h3>\n\t\t\t\t\n\t\t\t\t\n\t\t\t<\/div>\n\t\t\t\n\t\t<\/div>\n\t\t\t\t\t\t<\/div>\n\t\t\t\t<div class=\"elementor-element elementor-element-30ad5913 elementor-view-stacked elementor-position-inline-start elementor-mobile-position-inline-start elementor-shape-circle elementor-widget elementor-widget-icon-box\" data-id=\"30ad5913\" data-element_type=\"widget\" data-e-type=\"widget\" data-widget_type=\"icon-box.default\">\n\t\t\t\t\t\t\t<div class=\"elementor-icon-box-wrapper\">\n\n\t\t\t\t\t\t<div class=\"elementor-icon-box-icon\">\n\t\t\t\t<span  class=\"elementor-icon\">\n\t\t\t\t<svg aria-hidden=\"true\" class=\"e-font-icon-svg e-fas-check\" viewbox=\"0 0 512 512\" xmlns=\"http:\/\/www.w3.org\/2000\/svg\"><path d=\"M173.898 439.404l-166.4-166.4c-9.997-9.997-9.997-26.206 0-36.204l36.203-36.204c9.997-9.998 26.207-9.998 36.204 0L192 312.69 432.095 72.596c9.997-9.997 26.207-9.997 36.204 0l36.203 36.204c9.997 9.997 9.997 26.206 0 36.204l-294.4 294.401c-9.998 9.997-26.207 9.997-36.204-.001z\"><\/path><\/svg>\t\t\t\t<\/span>\n\t\t\t<\/div>\n\t\t\t\n\t\t\t\t\t\t<div class=\"elementor-icon-box-content\">\n\n\t\t\t\t\t\t\t\t\t<h3 class=\"elementor-icon-box-title\">\n\t\t\t\t\t\t<span  >\n\t\t\t\t\t\t\tEinfache und sichere Online-Buchung, rund um die Uhr verf\u00fcgbar.\t\t\t\t\t\t<\/span>\n\t\t\t\t\t<\/h3>\n\t\t\t\t\n\t\t\t\t\n\t\t\t<\/div>\n\t\t\t\n\t\t<\/div>\n\t\t\t\t\t\t<\/div>\n\t\t\t\t<div class=\"elementor-element elementor-element-22037331 elementor-widget elementor-widget-image\" data-id=\"22037331\" data-element_type=\"widget\" data-e-type=\"widget\" data-widget_type=\"image.default\">\n\t\t\t\t\t\t\t\t\t\t\t\t\t\t\t<img fetchpriority=\"high\" decoding=\"async\" width=\"800\" height=\"560\" src=\"https:\/\/minibus.al\/wp-content\/uploads\/2024\/01\/01-landscape.jpg\" class=\"attachment-large size-large wp-image-988652\" alt=\"\" srcset=\"https:\/\/minibus.al\/wp-content\/uploads\/2024\/01\/01-landscape.jpg 893w, https:\/\/minibus.al\/wp-content\/uploads\/2024\/01\/01-landscape-600x420.jpg 600w, https:\/\/minibus.al\/wp-content\/uploads\/2024\/01\/01-landscape-300x210.jpg 300w, https:\/\/minibus.al\/wp-content\/uploads\/2024\/01\/01-landscape-768x538.jpg 768w, https:\/\/minibus.al\/wp-content\/uploads\/2024\/01\/01-landscape-630x441.jpg 630w, https:\/\/minibus.al\/wp-content\/uploads\/2024\/01\/01-landscape-420x294.jpg 420w, https:\/\/minibus.al\/wp-content\/uploads\/2024\/01\/01-landscape-840x588.jpg 840w, https:\/\/minibus.al\/wp-content\/uploads\/2024\/01\/01-landscape-315x220.jpg 315w\" sizes=\"(max-width: 800px) 100vw, 800px\" title=\"\">\t\t\t\t\t\t\t\t\t\t\t\t\t\t\t<\/div>\n\t\t\t\t<div class=\"elementor-element elementor-element-24255dfe elementor-widget elementor-widget-text-editor\" data-id=\"24255dfe\" data-element_type=\"widget\" data-e-type=\"widget\" data-widget_type=\"text-editor.default\">\n\t\t\t\t\t\t\t\t\t<p>Der Preis f\u00fcr die Anmietung privater Minibusse h\u00e4ngt von der Anzahl der Stunden und Tage des Einsatzes sowie der zur\u00fcckgelegten Strecke ab.<\/p>\t\t\t\t\t\t\t\t<\/div>\n\t\t\t\t<div class=\"elementor-element elementor-element-7705fc5f elementor-widget elementor-widget-heading\" data-id=\"7705fc5f\" data-element_type=\"widget\" data-e-type=\"widget\" data-widget_type=\"heading.default\">\n\t\t\t\t\t<h3 class=\"elementor-heading-title elementor-size-default\">Wie funktioniert es?<\/h3>\t\t\t\t<\/div>\n\t\t\t\t<div class=\"elementor-element elementor-element-7cab8071 elementor-widget elementor-widget-text-editor\" data-id=\"7cab8071\" data-element_type=\"widget\" data-e-type=\"widget\" data-widget_type=\"text-editor.default\">\n\t\t\t\t\t\t\t\t\t<p>Die Buchung ist ganz einfach: W\u00e4hlen Sie Zielort, Datum und den gew\u00fcnschten Minibustyp. Unser professioneller Fahrer erwartet Sie p\u00fcnktlich am vereinbarten Ort und sorgt f\u00fcr eine komfortable und stressfreie Fahrt.<\/p>\t\t\t\t\t\t\t\t<\/div>\n\t\t\t\t<\/div>\n\t\t<div class=\"elementor-element elementor-element-3010c0d6 e-con-full e-flex e-con e-child\" data-id=\"3010c0d6\" data-element_type=\"container\" data-e-type=\"container\">\n\t\t<div class=\"elementor-element elementor-element-1dcaab04 e-flex e-con-boxed e-con e-child\" data-id=\"1dcaab04\" data-element_type=\"container\" data-e-type=\"container\" data-settings=\"{&quot;background_background&quot;:&quot;classic&quot;}\">\n\t\t\t\t\t<div class=\"e-con-inner\">\n\t\t\t\t<div class=\"elementor-element elementor-element-13a1a705 elementor-widget__width-auto elementor-widget elementor-widget-heading\" data-id=\"13a1a705\" data-element_type=\"widget\" data-e-type=\"widget\" data-widget_type=\"heading.default\">\n\t\t\t\t\t<h3 class=\"elementor-heading-title elementor-size-default\">10% Rabatt<\/h3>\t\t\t\t<\/div>\n\t\t\t\t<div class=\"elementor-element elementor-element-11378e79 elementor-widget__width-auto elementor-widget elementor-widget-heading\" data-id=\"11378e79\" data-element_type=\"widget\" data-e-type=\"widget\" data-widget_type=\"heading.default\">\n\t\t\t\t\t<div class=\"elementor-heading-title elementor-size-default\">Bis zu 10 % Rabatt auf jede Reservierung bis zum 31. Mai.<\/div>\t\t\t\t<\/div>\n\t\t\t\t\t<\/div>\n\t\t\t\t<\/div>\n\t\t<div class=\"elementor-element elementor-element-6abddac1 e-con-full e-flex e-con e-child\" data-id=\"6abddac1\" data-element_type=\"container\" data-e-type=\"container\">\n\t\t\t\t<div class=\"elementor-element elementor-element-5d78d0d1 elementor-widget__width-initial elementor-widget elementor-widget-image\" data-id=\"5d78d0d1\" data-element_type=\"widget\" data-e-type=\"widget\" data-widget_type=\"image.default\">\n\t\t\t\t\t\t\t\t\t\t\t\t\t\t\t\t<a href=\"#\">\n\t\t\t\t\t\t\t<img decoding=\"async\" width=\"630\" height=\"441\" src=\"https:\/\/minibus.al\/wp-content\/uploads\/2025\/10\/Transfer-416_2268_0182-landscape-630x441-1.jpg\" class=\"attachment-full size-full wp-image-988709\" alt=\"\" srcset=\"https:\/\/minibus.al\/wp-content\/uploads\/2025\/10\/Transfer-416_2268_0182-landscape-630x441-1.jpg 630w, https:\/\/minibus.al\/wp-content\/uploads\/2025\/10\/Transfer-416_2268_0182-landscape-630x441-1-600x420.jpg 600w, https:\/\/minibus.al\/wp-content\/uploads\/2025\/10\/Transfer-416_2268_0182-landscape-630x441-1-300x210.jpg 300w, https:\/\/minibus.al\/wp-content\/uploads\/2025\/10\/Transfer-416_2268_0182-landscape-630x441-1-420x294.jpg 420w, https:\/\/minibus.al\/wp-content\/uploads\/2025\/10\/Transfer-416_2268_0182-landscape-630x441-1-315x221.jpg 315w\" sizes=\"(max-width: 630px) 100vw, 630px\" title=\"\">\t\t\t\t\t\t\t\t<\/a>\n\t\t\t\t\t\t\t\t\t\t\t\t\t\t\t<\/div>\n\t\t\t\t<div class=\"elementor-element elementor-element-5e226cd elementor-widget__width-initial elementor-widget elementor-widget-heading\" data-id=\"5e226cd\" data-element_type=\"widget\" data-e-type=\"widget\" data-widget_type=\"heading.default\">\n\t\t\t\t\t<h3 class=\"elementor-heading-title elementor-size-default\"><a href=\"#\">Privater Transfer vom Flughafen<\/a><\/h3>\t\t\t\t<\/div>\n\t\t\t\t<\/div>\n\t\t<div class=\"elementor-element elementor-element-6f7220d5 e-con-full e-flex e-con e-child\" data-id=\"6f7220d5\" data-element_type=\"container\" data-e-type=\"container\">\n\t\t\t\t<div class=\"elementor-element elementor-element-5bda70de elementor-widget__width-initial elementor-widget elementor-widget-image\" data-id=\"5bda70de\" data-element_type=\"widget\" data-e-type=\"widget\" data-widget_type=\"image.default\">\n\t\t\t\t\t\t\t\t\t\t\t\t\t\t\t\t<a href=\"#\">\n\t\t\t\t\t\t\t<img decoding=\"async\" width=\"800\" height=\"560\" src=\"https:\/\/minibus.al\/wp-content\/uploads\/2024\/01\/Crop800x600-landscape.jpeg\" class=\"attachment-full size-full wp-image-988653\" alt=\"\" srcset=\"https:\/\/minibus.al\/wp-content\/uploads\/2024\/01\/Crop800x600-landscape.jpeg 800w, https:\/\/minibus.al\/wp-content\/uploads\/2024\/01\/Crop800x600-landscape-600x420.jpeg 600w, https:\/\/minibus.al\/wp-content\/uploads\/2024\/01\/Crop800x600-landscape-300x210.jpeg 300w, https:\/\/minibus.al\/wp-content\/uploads\/2024\/01\/Crop800x600-landscape-768x538.jpeg 768w, https:\/\/minibus.al\/wp-content\/uploads\/2024\/01\/Crop800x600-landscape-630x441.jpeg 630w, https:\/\/minibus.al\/wp-content\/uploads\/2024\/01\/Crop800x600-landscape-420x294.jpeg 420w, https:\/\/minibus.al\/wp-content\/uploads\/2024\/01\/Crop800x600-landscape-315x221.jpeg 315w\" sizes=\"(max-width: 800px) 100vw, 800px\" title=\"\">\t\t\t\t\t\t\t\t<\/a>\n\t\t\t\t\t\t\t\t\t\t\t\t\t\t\t<\/div>\n\t\t\t\t<div class=\"elementor-element elementor-element-a2cf5dc elementor-widget__width-initial elementor-widget elementor-widget-heading\" data-id=\"a2cf5dc\" data-element_type=\"widget\" data-e-type=\"widget\" data-widget_type=\"heading.default\">\n\t\t\t\t\t<h3 class=\"elementor-heading-title elementor-size-default\"><a href=\"#\">Transfer mit privatem Fahrer<\/a><\/h3>\t\t\t\t<\/div>\n\t\t\t\t<\/div>\n\t\t\t\t<\/div>\n\t\t\t\t\t<\/div>\n\t\t\t\t<\/div>\n\t\t\t\t<\/div>","protected":false},"excerpt":{"rendered":"<p>Minibus me qira me shofer n\u00eb Durr\u00ebs. N\u00ebse po planifikoni nj\u00eb udh\u00ebtim t\u00eb rehatsh\u00ebm n\u00eb Durr\u00ebs dhe ju duhet nj\u00eb minibus me qira, sh\u00ebrbimi yn\u00eb i minibus\u00ebve me qira me shofer \u00ebsht\u00eb zgjidhja ideale. Ne ofrojm\u00eb vozit\u00ebs t\u00eb trajnuar profesionalisht, mjete moderne dhe t\u00eb mir\u00ebmbajtura, duke siguruar nj\u00eb eksperienc\u00eb udh\u00ebtimi t\u00eb sigurt dhe komode. Sh\u00ebrbimi [&hellip;]<\/p>\n","protected":false},"author":1,"featured_media":0,"parent":0,"menu_order":0,"comment_status":"closed","ping_status":"closed","template":"","meta":{"footnotes":""},"class_list":["post-988766","page","type-page","status-publish","hentry"],"_links":{"self":[{"href":"https:\/\/minibus.al\/de\/wp-json\/wp\/v2\/pages\/988766","targetHints":{"allow":["GET"]}}],"collection":[{"href":"https:\/\/minibus.al\/de\/wp-json\/wp\/v2\/pages"}],"about":[{"href":"https:\/\/minibus.al\/de\/wp-json\/wp\/v2\/types\/page"}],"author":[{"embeddable":true,"href":"https:\/\/minibus.al\/de\/wp-json\/wp\/v2\/users\/1"}],"replies":[{"embeddable":true,"href":"https:\/\/minibus.al\/de\/wp-json\/wp\/v2\/comments?post=988766"}],"version-history":[{"count":10,"href":"https:\/\/minibus.al\/de\/wp-json\/wp\/v2\/pages\/988766\/revisions"}],"predecessor-version":[{"id":989043,"href":"https:\/\/minibus.al\/de\/wp-json\/wp\/v2\/pages\/988766\/revisions\/989043"}],"wp:attachment":[{"href":"https:\/\/minibus.al\/de\/wp-json\/wp\/v2\/media?parent=988766"}],"curies":[{"name":"wp","href":"https:\/\/api.w.org\/{rel}","templated":true}]}}