{"id":988419,"date":"2023-04-05T00:18:55","date_gmt":"2023-04-05T00:18:55","guid":{"rendered":"https:\/\/minibus.al\/en\/?page_id=988419"},"modified":"2026-01-13T09:20:03","modified_gmt":"2026-01-13T09:20:03","slug":"datenschutzrichtlinien","status":"publish","type":"page","link":"https:\/\/minibus.al\/de\/politikat-e-privatesise\/","title":{"rendered":"Datenschutzrichtlinien"},"content":{"rendered":"<div data-elementor-type=\"wp-page\" data-elementor-id=\"988419\" class=\"elementor elementor-988419\">\n\t\t\t\t<div class=\"elementor-element elementor-element-94c02b5 e-flex e-con-boxed e-con e-parent\" data-id=\"94c02b5\" data-element_type=\"container\" data-e-type=\"container\" data-settings=\"{&quot;background_background&quot;:&quot;classic&quot;}\">\n\t\t\t\t\t<div class=\"e-con-inner\">\n\t\t<div class=\"elementor-element elementor-element-6918ea9 e-con-full e-flex e-con e-child\" data-id=\"6918ea9\" data-element_type=\"container\" data-e-type=\"container\">\n\t\t\t\t<div class=\"elementor-element elementor-element-36ff319 elementor-widget elementor-widget-heading\" data-id=\"36ff319\" data-element_type=\"widget\" data-e-type=\"widget\" data-widget_type=\"heading.default\">\n\t\t\t\t\t<h1 class=\"elementor-heading-title elementor-size-default\">Datenschutzrichtlinien<\/h1>\t\t\t\t<\/div>\n\t\t\t\t<\/div>\n\t\t\t\t\t<\/div>\n\t\t\t\t<\/div>\n\t\t<div class=\"elementor-element elementor-element-b265df7 e-flex e-con-boxed e-con e-parent\" data-id=\"b265df7\" data-element_type=\"container\" data-e-type=\"container\" data-settings=\"{&quot;background_background&quot;:&quot;classic&quot;}\">\n\t\t\t\t\t<div class=\"e-con-inner\">\n\t\t<div class=\"elementor-element elementor-element-c9c978a e-con-full e-flex e-con e-child\" data-id=\"c9c978a\" data-element_type=\"container\" data-e-type=\"container\">\n\t\t\t\t<div class=\"elementor-element elementor-element-4166847 elementor-widget elementor-widget-text-editor\" data-id=\"4166847\" data-element_type=\"widget\" data-e-type=\"widget\" data-widget_type=\"text-editor.default\">\n\t\t\t\t\t\t\t\t\t<p>Diese Website wird von uns betrieben, und wir verpflichten uns, die Privatsph\u00e4re unserer Besucher zu sch\u00fctzen und zu wahren, wenn sie unsere Website besuchen oder elektronisch mit uns kommunizieren.<\/p><p>In dieser Erkl\u00e4rung wird dargelegt, wie wir die personenbezogenen Daten verarbeiten, die wir von Ihnen erheben oder die Sie uns \u00fcber unsere Website zur Verf\u00fcgung stellen. Wir versichern Ihnen, dass wir Ihre Daten sicher aufbewahren und alle einschl\u00e4gigen Datenschutzgesetze und -vorschriften des Vereinigten K\u00f6nigreichs vollst\u00e4ndig einhalten. Bitte lesen Sie die folgenden Informationen sorgf\u00e4ltig durch, um zu verstehen, was mit den personenbezogenen Daten geschieht, die Sie uns freiwillig zur Verf\u00fcgung stellen oder die wir bei Ihrem Besuch dieser Website von Ihnen erheben. Durch den Besuch unserer Website akzeptieren Sie die in dieser Erkl\u00e4rung beschriebenen Praktiken und erkl\u00e4ren sich damit einverstanden.<\/p><p>Welche Arten von Daten wir von Ihnen erheben k\u00f6nnen<br \/>Wir k\u00f6nnen folgende Arten von personenbezogenen Daten \u00fcber Personen, die unsere Website besuchen und nutzen, erheben, speichern und verwenden:<\/p><p><strong>Die Informationen, die Sie uns zur Verf\u00fcgung stellen<\/strong><br \/>Sie k\u00f6nnen uns Informationen \u00fcber sich selbst zur Verf\u00fcgung stellen, indem Sie die Formulare auf unserer Website ausf\u00fcllen. Dazu geh\u00f6ren auch die Angaben, die Sie machen, wenn Sie ein Kontakt- oder Anfrageformular absenden. Zu den von Ihnen angegebenen Informationen k\u00f6nnen Ihr Name, Ihre Adresse, Ihre E-Mail-Adresse, Ihre Telefonnummer und eine kurze Nachricht geh\u00f6ren.<\/p><p><strong>Informationen, die unsere Website automatisch \u00fcber Sie erfasst<\/strong><br \/>Bei jedem Ihrer Besuche auf unserer Website erfassen wir m\u00f6glicherweise automatisch Informationen, darunter die folgenden:<\/p><p>Technische Informationen, darunter eine gek\u00fcrzte und anonymisierte Version Ihrer IP-Adresse, des Browsertyps und der Browserversion, des Betriebssystems und der Plattform;<br \/>Informationen zu Ihrem Besuch, darunter die von Ihnen aufgerufenen Seiten, die Verweildauer auf den Seiten, wie Sie auf die Seiten gelangt sind (einschlie\u00dflich Datum und Uhrzeit); Ladezeiten der Seiten, Dauer des Besuchs, Ihre Klicks, heruntergeladene Dokumente und Download-Fehler.<br \/><strong>Die Puppen<\/strong><br \/>Unsere Website verwendet Cookies, um Sie von anderen Nutzern unserer Website zu unterscheiden. Dies hilft uns, Ihnen ein optimales Erlebnis beim Besuch unserer Website zu bieten, und erm\u00f6glicht es uns zudem, unsere Website zu verbessern. Ausf\u00fchrliche Informationen zu den von uns verwendeten Cookies und den Zwecken, f\u00fcr die wir sie nutzen, finden Sie in unserer Cookie-Richtlinie.<\/p><p><strong>Wie k\u00f6nnen wir die von uns erfassten Daten verwenden?<\/strong><br \/>Informationen, die Sie uns zur Verf\u00fcgung stellen, damit wir Ihnen die von Ihnen angeforderten Informationen und\/oder Dienstleistungen anbieten k\u00f6nnen; wir erfassen alle zus\u00e4tzlichen personenbezogenen Daten, die Sie uns von Zeit zu Zeit zur Verf\u00fcgung stellen, wenn Sie uns per E-Mail, Brief oder Telefon, \u00fcber unsere Website, durch das Hinterlassen eines Kommentars auf unserer Website oder auf andere Weise kontaktieren; Umfrageantworten, damit wir unsere Dienstleistungen \u00fcberpr\u00fcfen und weiter verbessern k\u00f6nnen.<\/p><p>Informationen, die wir automatisch \u00fcber Sie erfassen<br \/><strong>Wir werden diese Informationen wie folgt verwenden:<\/strong><\/p><p>Zur Verwaltung unserer Website, einschlie\u00dflich der Fehlerbehebung und zu statistischen Zwecken;<br \/>Um unsere Website zu verbessern und sicherzustellen, dass die Inhalte f\u00fcr Sie und Ihren Computer optimal dargestellt werden.;<br \/>Sicherheit und Fehlerbehebung als Teil unserer Bem\u00fchungen, die Sicherheit unserer Website zu gew\u00e4hrleisten.<\/p><p>Diese Daten werden anonym erfasst und nicht mit Informationen verkn\u00fcpft, die R\u00fcckschl\u00fcsse auf Ihre Identit\u00e4t zulassen. Wir nutzen Google Analytics, um diese Daten zu erfassen. Erfahren Sie, wie Google Ihre Daten in Google Analytics verwendet. .<\/p><p><strong>Weitergabe Ihrer Daten<\/strong><br \/>Alle von Ihnen bereitgestellten Informationen werden direkt per E-Mail an uns gesendet oder k\u00f6nnen auf einem sicheren Server \u00fcber eine vertrauensw\u00fcrdige Website eines Drittanbieters und einen Hosting-Anbieter gespeichert werden, um den Betrieb und die Verwaltung dieser Website zu erm\u00f6glichen.<\/p><p>Wir vermieten, verkaufen oder geben keine personenbezogenen Daten \u00fcber Sie an andere Personen oder nicht verbundene Unternehmen weiter. Ihre Daten k\u00f6nnen an vertrauensw\u00fcrdige Drittanbieter weitergegeben werden, deren Betriebssysteme wir zur Verwaltung unserer Dienste und zur Kommunikation mit Ihnen nutzen.<\/p><p>Wir werden alle angemessenen Anstrengungen unternehmen, um sicherzustellen, dass Ihre personenbezogenen Daten nicht an regionale oder nationale Institutionen und Beh\u00f6rden weitergegeben werden, es sei denn, dies ist gesetzlich oder aufgrund anderer Vorschriften vorgeschrieben.<\/p><p>Leider ist die \u00dcbertragung von Informationen \u00fcber das Internet nicht vollkommen sicher. Obwohl wir unser M\u00f6glichstes tun, um Ihre personenbezogenen Daten zu sch\u00fctzen, k\u00f6nnen wir die Sicherheit der an unsere Website \u00fcbermittelten Daten nicht garantieren; jede \u00dcbertragung erfolgt auf Ihr eigenes Risiko. Sobald wir Ihre Daten erhalten haben, wenden wir strenge Sicherheitsverfahren und -ma\u00dfnahmen an, um unbefugten Zugriff zu verhindern.<\/p><p><strong>Links zu externen Seiten<\/strong><br \/>Unsere Website kann gelegentlich Links zu und von Websites Dritter enthalten. Wenn Sie einem Link zu einer dieser Websites folgen, beachten Sie bitte, dass diese ihre eigenen Datenschutzrichtlinien haben und dass wir keine Verantwortung oder Haftung f\u00fcr diese Richtlinien \u00fcbernehmen. Bitte \u00fcberpr\u00fcfen Sie diese Richtlinien, bevor Sie personenbezogene Daten an diese Websites \u00fcbermitteln.<\/p><p><strong>Ihre Rechte \u2013 Zugriff auf Ihre personenbezogenen Daten<\/strong><br \/>Sie haben das Recht, sicherzustellen, dass Ihre personenbezogenen Daten rechtm\u00e4\u00dfig verarbeitet werden (\u201cAuskunftsrecht\u201d). Ihr Auskunftsrecht als betroffene Person kann gem\u00e4\u00df den geltenden Datenschutzgesetzen und -vorschriften ausge\u00fcbt werden. Jeder Antrag auf Auskunft muss schriftlich an uns gerichtet werden. Wir werden Ihnen Ihre personenbezogenen Daten innerhalb der gesetzlichen Fristen zur Verf\u00fcgung stellen. Damit wir Ihre bei uns gespeicherten personenbezogenen Daten ausfindig machen k\u00f6nnen, m\u00fcssen wir Sie m\u00f6glicherweise um weitere Informationen bitten. Wenn Sie eine Beschwerde \u00fcber die Art und Weise haben, wie wir Ihre Daten verwendet haben, haben Sie das Recht, sich beim Information Commissioner\u2019s Office (ICO) zu beschweren.<\/p><p><strong>\u00c4nderungen an unserer Datenschutzerkl\u00e4rung<\/strong><br \/>Alle \u00c4nderungen, die wir in Zukunft an unserer Datenschutzerkl\u00e4rung vornehmen, werden auf dieser Seite ver\u00f6ffentlicht, und gegebenenfalls werden Sie per E-Mail benachrichtigt. Bitte schauen Sie regelm\u00e4\u00dfig vorbei, um sich \u00fcber Aktualisierungen oder \u00c4nderungen unserer Datenschutzerkl\u00e4rung zu informieren.<\/p><p><strong>Kontakt<\/strong><br \/>Fragen, Anmerkungen und Anfragen zu dieser Datenschutzerkl\u00e4rung sind willkommen und sollten an uns gerichtet werden.<\/p>\t\t\t\t\t\t\t\t<\/div>\n\t\t\t\t<\/div>\n\t\t<div class=\"elementor-element elementor-element-37eb297 e-con-full e-flex e-con e-child\" data-id=\"37eb297\" data-element_type=\"container\" data-e-type=\"container\">\n\t\t<div class=\"elementor-element elementor-element-125d2cc e-flex e-con-boxed e-con e-child\" data-id=\"125d2cc\" data-element_type=\"container\" data-e-type=\"container\" data-settings=\"{&quot;background_background&quot;:&quot;classic&quot;}\">\n\t\t\t\t\t<div class=\"e-con-inner\">\n\t\t\t\t<div class=\"elementor-element elementor-element-fd6ac3b elementor-widget__width-auto elementor-widget elementor-widget-heading\" data-id=\"fd6ac3b\" data-element_type=\"widget\" data-e-type=\"widget\" data-widget_type=\"heading.default\">\n\t\t\t\t\t<h3 class=\"elementor-heading-title elementor-size-default\">10% Rabatt<\/h3>\t\t\t\t<\/div>\n\t\t\t\t<div class=\"elementor-element elementor-element-03eb19d elementor-widget__width-auto elementor-widget elementor-widget-heading\" data-id=\"03eb19d\" data-element_type=\"widget\" data-e-type=\"widget\" data-widget_type=\"heading.default\">\n\t\t\t\t\t<div class=\"elementor-heading-title elementor-size-default\">Bis zu 10 % Rabatt auf jede Reservierung bis zum 31. Mai 2026!<\/div>\t\t\t\t<\/div>\n\t\t\t\t\t<\/div>\n\t\t\t\t<\/div>\n\t\t<div class=\"elementor-element elementor-element-1c0c59c e-con-full e-flex e-con e-child\" data-id=\"1c0c59c\" data-element_type=\"container\" data-e-type=\"container\">\n\t\t\t\t<div class=\"elementor-element elementor-element-052ea68 elementor-widget__width-initial elementor-widget elementor-widget-image\" data-id=\"052ea68\" data-element_type=\"widget\" data-e-type=\"widget\" data-widget_type=\"image.default\">\n\t\t\t\t\t\t\t\t\t\t\t\t\t\t\t\t<a href=\"#\">\n\t\t\t\t\t\t\t<img fetchpriority=\"high\" decoding=\"async\" width=\"630\" height=\"441\" src=\"https:\/\/minibus.al\/wp-content\/uploads\/2025\/10\/Transfer-416_2268_0182-landscape-630x441-1.jpg\" class=\"attachment-full size-full wp-image-988709\" alt=\"\" srcset=\"https:\/\/minibus.al\/wp-content\/uploads\/2025\/10\/Transfer-416_2268_0182-landscape-630x441-1.jpg 630w, https:\/\/minibus.al\/wp-content\/uploads\/2025\/10\/Transfer-416_2268_0182-landscape-630x441-1-600x420.jpg 600w, https:\/\/minibus.al\/wp-content\/uploads\/2025\/10\/Transfer-416_2268_0182-landscape-630x441-1-300x210.jpg 300w, https:\/\/minibus.al\/wp-content\/uploads\/2025\/10\/Transfer-416_2268_0182-landscape-630x441-1-420x294.jpg 420w, https:\/\/minibus.al\/wp-content\/uploads\/2025\/10\/Transfer-416_2268_0182-landscape-630x441-1-315x221.jpg 315w\" sizes=\"(max-width: 630px) 100vw, 630px\" title=\"\">\t\t\t\t\t\t\t\t<\/a>\n\t\t\t\t\t\t\t\t\t\t\t\t\t\t\t<\/div>\n\t\t\t\t<div class=\"elementor-element elementor-element-30ac6db elementor-widget__width-initial elementor-widget elementor-widget-heading\" data-id=\"30ac6db\" data-element_type=\"widget\" data-e-type=\"widget\" data-widget_type=\"heading.default\">\n\t\t\t\t\t<h3 class=\"elementor-heading-title elementor-size-default\"><a href=\"#\">Privater Transfer vom Flughafen<\/a><\/h3>\t\t\t\t<\/div>\n\t\t\t\t<\/div>\n\t\t<div class=\"elementor-element elementor-element-f70a358 e-con-full e-flex e-con e-child\" data-id=\"f70a358\" data-element_type=\"container\" data-e-type=\"container\">\n\t\t\t\t<div class=\"elementor-element elementor-element-d3483e2 elementor-widget__width-initial elementor-widget elementor-widget-image\" data-id=\"d3483e2\" data-element_type=\"widget\" data-e-type=\"widget\" data-widget_type=\"image.default\">\n\t\t\t\t\t\t\t\t\t\t\t\t\t\t\t\t<a href=\"#\">\n\t\t\t\t\t\t\t<img decoding=\"async\" width=\"800\" height=\"560\" src=\"https:\/\/minibus.al\/wp-content\/uploads\/2024\/01\/Crop800x600-landscape.jpeg\" class=\"attachment-full size-full wp-image-988653\" alt=\"\" srcset=\"https:\/\/minibus.al\/wp-content\/uploads\/2024\/01\/Crop800x600-landscape.jpeg 800w, https:\/\/minibus.al\/wp-content\/uploads\/2024\/01\/Crop800x600-landscape-600x420.jpeg 600w, https:\/\/minibus.al\/wp-content\/uploads\/2024\/01\/Crop800x600-landscape-300x210.jpeg 300w, https:\/\/minibus.al\/wp-content\/uploads\/2024\/01\/Crop800x600-landscape-768x538.jpeg 768w, https:\/\/minibus.al\/wp-content\/uploads\/2024\/01\/Crop800x600-landscape-630x441.jpeg 630w, https:\/\/minibus.al\/wp-content\/uploads\/2024\/01\/Crop800x600-landscape-420x294.jpeg 420w, https:\/\/minibus.al\/wp-content\/uploads\/2024\/01\/Crop800x600-landscape-315x221.jpeg 315w\" sizes=\"(max-width: 800px) 100vw, 800px\" title=\"\">\t\t\t\t\t\t\t\t<\/a>\n\t\t\t\t\t\t\t\t\t\t\t\t\t\t\t<\/div>\n\t\t\t\t<div class=\"elementor-element elementor-element-fc2951b elementor-widget__width-initial elementor-widget elementor-widget-heading\" data-id=\"fc2951b\" data-element_type=\"widget\" data-e-type=\"widget\" data-widget_type=\"heading.default\">\n\t\t\t\t\t<h3 class=\"elementor-heading-title elementor-size-default\"><a href=\"#\">Transfer mit privatem Fahrer<\/a><\/h3>\t\t\t\t<\/div>\n\t\t\t\t<\/div>\n\t\t\t\t<\/div>\n\t\t\t\t\t<\/div>\n\t\t\t\t<\/div>\n\t\t\t\t<\/div>","protected":false},"excerpt":{"rendered":"<p>Politikat e Privat\u00ebsis\u00eb Kjo faqe interneti operohet nga ne dhe ne jemi t\u00eb p\u00ebrkushtuar p\u00ebr t\u00eb mbrojtur dhe ruajtur privat\u00ebsin\u00eb e vizitor\u00ebve tan\u00eb kur vizitojn\u00eb faqen ton\u00eb ose komunikojn\u00eb elektronikisht me ne. Kjo politik\u00eb p\u00ebrcakton se si p\u00ebrpunojm\u00eb t\u00eb dh\u00ebnat personale q\u00eb mbledhim nga ju ose q\u00eb ju na jepni p\u00ebrmes faqes son\u00eb t\u00eb internetit. [&hellip;]<\/p>\n","protected":false},"author":1,"featured_media":0,"parent":0,"menu_order":0,"comment_status":"closed","ping_status":"closed","template":"","meta":{"footnotes":""},"class_list":["post-988419","page","type-page","status-publish","hentry"],"_links":{"self":[{"href":"https:\/\/minibus.al\/de\/wp-json\/wp\/v2\/pages\/988419","targetHints":{"allow":["GET"]}}],"collection":[{"href":"https:\/\/minibus.al\/de\/wp-json\/wp\/v2\/pages"}],"about":[{"href":"https:\/\/minibus.al\/de\/wp-json\/wp\/v2\/types\/page"}],"author":[{"embeddable":true,"href":"https:\/\/minibus.al\/de\/wp-json\/wp\/v2\/users\/1"}],"replies":[{"embeddable":true,"href":"https:\/\/minibus.al\/de\/wp-json\/wp\/v2\/comments?post=988419"}],"version-history":[{"count":4,"href":"https:\/\/minibus.al\/de\/wp-json\/wp\/v2\/pages\/988419\/revisions"}],"predecessor-version":[{"id":989088,"href":"https:\/\/minibus.al\/de\/wp-json\/wp\/v2\/pages\/988419\/revisions\/989088"}],"wp:attachment":[{"href":"https:\/\/minibus.al\/de\/wp-json\/wp\/v2\/media?parent=988419"}],"curies":[{"name":"wp","href":"https:\/\/api.w.org\/{rel}","templated":true}]}}