{"id":988417,"date":"2023-04-05T00:18:43","date_gmt":"2023-04-05T00:18:43","guid":{"rendered":"https:\/\/minibus.al\/en\/?page_id=988417"},"modified":"2026-04-07T20:14:12","modified_gmt":"2026-04-07T20:14:12","slug":"nutzungsbedingungen","status":"publish","type":"page","link":"https:\/\/minibus.al\/de\/kushtet-dhe-rregullat-e-perdorimit\/","title":{"rendered":"Nutzungsbedingungen"},"content":{"rendered":"<div data-elementor-type=\"wp-page\" data-elementor-id=\"988417\" class=\"elementor elementor-988417\">\n\t\t\t\t<div class=\"elementor-element elementor-element-4b40c13 e-flex e-con-boxed e-con e-parent\" data-id=\"4b40c13\" data-element_type=\"container\" data-e-type=\"container\" data-settings=\"{&quot;background_background&quot;:&quot;classic&quot;}\">\n\t\t\t\t\t<div class=\"e-con-inner\">\n\t\t<div class=\"elementor-element elementor-element-1762c08 e-con-full e-flex e-con e-child\" data-id=\"1762c08\" data-element_type=\"container\" data-e-type=\"container\">\n\t\t\t\t<div class=\"elementor-element elementor-element-fbc7985 elementor-widget elementor-widget-heading\" data-id=\"fbc7985\" data-element_type=\"widget\" data-e-type=\"widget\" data-widget_type=\"heading.default\">\n\t\t\t\t\t<h1 class=\"elementor-heading-title elementor-size-default\">Nutzungsbedingungen<\/h1>\t\t\t\t<\/div>\n\t\t\t\t<div class=\"elementor-element elementor-element-47d8e14 elementor-widget elementor-widget-text-editor\" data-id=\"47d8e14\" data-element_type=\"widget\" data-e-type=\"widget\" data-widget_type=\"text-editor.default\">\n\t\t\t\t\t\t\t\t\tNutzungsbedingungen \u2013 Lesen Sie die Bestimmungen, die die Nutzung unseres Dienstes, die Rechte und Pflichten der Nutzer sowie die wichtigsten Richtlinien f\u00fcr eine sichere und transparente Nutzung regeln.\n\t\t\t\t\t\t\t\t<\/div>\n\t\t\t\t<\/div>\n\t\t\t\t\t<\/div>\n\t\t\t\t<\/div>\n\t\t<div class=\"elementor-element elementor-element-adc86e9 e-flex e-con-boxed e-con e-parent\" data-id=\"adc86e9\" data-element_type=\"container\" data-e-type=\"container\" data-settings=\"{&quot;background_background&quot;:&quot;classic&quot;}\">\n\t\t\t\t\t<div class=\"e-con-inner\">\n\t\t<div class=\"elementor-element elementor-element-088521f e-con-full e-flex e-con e-child\" data-id=\"088521f\" data-element_type=\"container\" data-e-type=\"container\">\n\t\t\t\t<div class=\"elementor-element elementor-element-96c5e98 elementor-widget elementor-widget-text-editor\" data-id=\"96c5e98\" data-element_type=\"widget\" data-e-type=\"widget\" data-widget_type=\"text-editor.default\">\n\t\t\t\t\t\t\t\t\t<p>Alle Buchungen bei Minibus.al unterliegen diesen Allgemeinen Gesch\u00e4ftsbedingungen. Eine Buchung gilt als best\u00e4tigt und g\u00fcltig, sobald eine Best\u00e4tigung (schriftlich oder m\u00fcndlich) eingegangen ist und gegebenenfalls die Anzahlung geleistet wurde.<\/p><p>In diesem Zusammenhang bezieht sich \u201cdas Unternehmen\u201d auf Minibus.al, einen Transportdienstleister, der in Albanien und der Balkanregion rechtm\u00e4\u00dfig t\u00e4tig ist.<\/p><p>Wir sind stets bem\u00fcht, einen sicheren, zuverl\u00e4ssigen und professionellen Service zu bieten. Unter au\u00dfergew\u00f6hnlichen Umst\u00e4nden wie Verkehrsaufkommen, Verz\u00f6gerungen auf der Strecke oder unvorhergesehenen Ereignissen kann es jedoch zu \u00c4nderungen der Fahrpl\u00e4ne oder Reiserouten kommen. In jedem Fall wird unser Team alles tun, um etwaige Unannehmlichkeiten so gering wie m\u00f6glich zu halten und die beste L\u00f6sung f\u00fcr Sie zu finden.<\/p><p>Die Preise richten sich nach den zum Zeitpunkt der Buchung geltenden Bedingungen und Tarifen und k\u00f6nnen sich aufgrund externer Faktoren \u00e4ndern. F\u00fcr Sch\u00e4den, die das Fahrzeug w\u00e4hrend der Fahrt durch die Fahrg\u00e4ste erleidet, haftet der Kunde.<\/p><p><strong>Buchung und Bezahlung<\/strong><\/p><p>Zur Sicherung Ihrer Buchung ist in der Regel eine nicht erstattungsf\u00e4hige Anzahlung in H\u00f6he von 20% erforderlich. Der Restbetrag kann wie vereinbart beglichen werden. Wenn Unterkunft und Verpflegung f\u00fcr den Fahrer von uns bereitgestellt werden, muss die Zahlung f\u00fcr die Unterkunft und den Fahrer im Voraus erfolgen, da wir die Unterkunft des Fahrers reservieren m\u00fcssen, da die Preise schwanken.<\/p><p><strong>Stornierungen<\/strong><\/p><p>Sollten Sie Ihre Buchung stornieren m\u00fcssen, k\u00f6nnen je nach Zeitpunkt der Stornierung Geb\u00fchren anfallen. Je n\u00e4her die Stornierung am Reisetermin erfolgt, desto h\u00f6her kann die Geb\u00fchr ausfallen. Bei Nichterscheinen gilt die Buchung als erf\u00fcllt, und es erfolgt keine R\u00fcckerstattung. In der Regel wird nur die Anzahlung in H\u00f6he von 20% berechnet, da diese unsere logistischen Kosten abdeckt.<\/p><p><strong>Leistungen und Aufgaben<\/strong><\/p><p>Unsere Fahrer sind Profis und f\u00fcr die Sicherheit w\u00e4hrend der gesamten Fahrt verantwortlich. Sie haben das Recht, die Bef\u00f6rderung zu verweigern, wenn sie der Ansicht sind, dass die Sicherheit gef\u00e4hrdet ist.<\/p><p><strong>Regeln f\u00fcr die Reise<\/strong><\/p><p>Damit es f\u00fcr alle ein angenehmes Erlebnis wird:<\/p><p>Das Rauchen ist im Fahrzeug nicht gestattet.;<\/p><p>Der Verzehr von Fast Food ist nicht gestattet.;<br \/>Alkohol ist nur nach vorheriger Absprache gestattet.;<br \/>Die Fahrg\u00e4ste m\u00fcssen sich an die Sicherheitsvorschriften und die Anweisungen des Fahrers halten.<\/p><p><strong>Gep\u00e4ck und pers\u00f6nliche Gegenst\u00e4nde<\/strong><\/p><p>Ihr Komfort liegt uns am Herzen, wir \u00fcbernehmen jedoch keine Haftung f\u00fcr Gegenst\u00e4nde, die w\u00e4hrend der Fahrt verloren gehen oder besch\u00e4digt werden. Bitte \u00fcberpr\u00fcfen Sie Ihr Gep\u00e4ck vor und nach der Fahrt.<\/p><p><strong>Unser Ziel<\/strong><\/p><p>Minibus.al ist bestrebt, Ihnen ein sicheres, komfortables und zuverl\u00e4ssiges Transportangebot zu bieten. Mit Ihrer Buchung bei uns erkl\u00e4ren Sie sich mit diesen Bedingungen einverstanden.<\/p><p>Sollten Sie Fragen haben oder weitere Informationen ben\u00f6tigen, stehen wir Ihnen jederzeit gerne zur Verf\u00fcgung. Kontaktieren Sie uns unter info@minibus.al.<\/p>\t\t\t\t\t\t\t\t<\/div>\n\t\t\t\t<\/div>\n\t\t<div class=\"elementor-element elementor-element-b5b8340 e-con-full e-flex e-con e-child\" data-id=\"b5b8340\" data-element_type=\"container\" data-e-type=\"container\">\n\t\t<div class=\"elementor-element elementor-element-bc2fa1b e-flex e-con-boxed e-con e-child\" data-id=\"bc2fa1b\" data-element_type=\"container\" data-e-type=\"container\" data-settings=\"{&quot;background_background&quot;:&quot;classic&quot;}\">\n\t\t\t\t\t<div class=\"e-con-inner\">\n\t\t\t\t<div class=\"elementor-element elementor-element-5123186 elementor-widget__width-auto elementor-widget elementor-widget-heading\" data-id=\"5123186\" data-element_type=\"widget\" data-e-type=\"widget\" data-widget_type=\"heading.default\">\n\t\t\t\t\t<h3 class=\"elementor-heading-title elementor-size-default\">10% Rabatt<\/h3>\t\t\t\t<\/div>\n\t\t\t\t<div class=\"elementor-element elementor-element-87d0a21 elementor-widget__width-auto elementor-widget elementor-widget-heading\" data-id=\"87d0a21\" data-element_type=\"widget\" data-e-type=\"widget\" data-widget_type=\"heading.default\">\n\t\t\t\t\t<div class=\"elementor-heading-title elementor-size-default\">Bis zu 10 % Rabatt auf jede Reservierung bis zum 31. Mai.<\/div>\t\t\t\t<\/div>\n\t\t\t\t\t<\/div>\n\t\t\t\t<\/div>\n\t\t<div class=\"elementor-element elementor-element-ccacd13 e-con-full e-flex e-con e-child\" data-id=\"ccacd13\" data-element_type=\"container\" data-e-type=\"container\">\n\t\t\t\t<div class=\"elementor-element elementor-element-9a3e5a9 elementor-widget__width-initial elementor-widget elementor-widget-image\" data-id=\"9a3e5a9\" data-element_type=\"widget\" data-e-type=\"widget\" data-widget_type=\"image.default\">\n\t\t\t\t\t\t\t\t\t\t\t\t\t\t\t\t<a href=\"#\">\n\t\t\t\t\t\t\t<img fetchpriority=\"high\" decoding=\"async\" width=\"630\" height=\"441\" src=\"https:\/\/minibus.al\/wp-content\/uploads\/2025\/10\/Transfer-416_2268_0182-landscape-630x441-1.jpg\" class=\"attachment-full size-full wp-image-988709\" alt=\"\" srcset=\"https:\/\/minibus.al\/wp-content\/uploads\/2025\/10\/Transfer-416_2268_0182-landscape-630x441-1.jpg 630w, https:\/\/minibus.al\/wp-content\/uploads\/2025\/10\/Transfer-416_2268_0182-landscape-630x441-1-600x420.jpg 600w, https:\/\/minibus.al\/wp-content\/uploads\/2025\/10\/Transfer-416_2268_0182-landscape-630x441-1-300x210.jpg 300w, https:\/\/minibus.al\/wp-content\/uploads\/2025\/10\/Transfer-416_2268_0182-landscape-630x441-1-420x294.jpg 420w, https:\/\/minibus.al\/wp-content\/uploads\/2025\/10\/Transfer-416_2268_0182-landscape-630x441-1-315x221.jpg 315w\" sizes=\"(max-width: 630px) 100vw, 630px\" title=\"\">\t\t\t\t\t\t\t\t<\/a>\n\t\t\t\t\t\t\t\t\t\t\t\t\t\t\t<\/div>\n\t\t\t\t<div class=\"elementor-element elementor-element-7103e44 elementor-widget__width-initial elementor-widget elementor-widget-heading\" data-id=\"7103e44\" data-element_type=\"widget\" data-e-type=\"widget\" data-widget_type=\"heading.default\">\n\t\t\t\t\t<h3 class=\"elementor-heading-title elementor-size-default\"><a href=\"#\">Privater Transfer vom Flughafen<\/a><\/h3>\t\t\t\t<\/div>\n\t\t\t\t<\/div>\n\t\t<div class=\"elementor-element elementor-element-ee1ad98 e-con-full e-flex e-con e-child\" data-id=\"ee1ad98\" data-element_type=\"container\" data-e-type=\"container\">\n\t\t\t\t<div class=\"elementor-element elementor-element-5b8e7c3 elementor-widget__width-initial elementor-widget elementor-widget-image\" data-id=\"5b8e7c3\" data-element_type=\"widget\" data-e-type=\"widget\" data-widget_type=\"image.default\">\n\t\t\t\t\t\t\t\t\t\t\t\t\t\t\t\t<a href=\"#\">\n\t\t\t\t\t\t\t<img decoding=\"async\" width=\"800\" height=\"560\" src=\"https:\/\/minibus.al\/wp-content\/uploads\/2024\/01\/Crop800x600-landscape.jpeg\" class=\"attachment-full size-full wp-image-988653\" alt=\"\" srcset=\"https:\/\/minibus.al\/wp-content\/uploads\/2024\/01\/Crop800x600-landscape.jpeg 800w, https:\/\/minibus.al\/wp-content\/uploads\/2024\/01\/Crop800x600-landscape-600x420.jpeg 600w, https:\/\/minibus.al\/wp-content\/uploads\/2024\/01\/Crop800x600-landscape-300x210.jpeg 300w, https:\/\/minibus.al\/wp-content\/uploads\/2024\/01\/Crop800x600-landscape-768x538.jpeg 768w, https:\/\/minibus.al\/wp-content\/uploads\/2024\/01\/Crop800x600-landscape-630x441.jpeg 630w, https:\/\/minibus.al\/wp-content\/uploads\/2024\/01\/Crop800x600-landscape-420x294.jpeg 420w, https:\/\/minibus.al\/wp-content\/uploads\/2024\/01\/Crop800x600-landscape-315x221.jpeg 315w\" sizes=\"(max-width: 800px) 100vw, 800px\" title=\"\">\t\t\t\t\t\t\t\t<\/a>\n\t\t\t\t\t\t\t\t\t\t\t\t\t\t\t<\/div>\n\t\t\t\t<div class=\"elementor-element elementor-element-6a7fc3f elementor-widget__width-initial elementor-widget elementor-widget-heading\" data-id=\"6a7fc3f\" data-element_type=\"widget\" data-e-type=\"widget\" data-widget_type=\"heading.default\">\n\t\t\t\t\t<h3 class=\"elementor-heading-title elementor-size-default\"><a href=\"#\">Transfer mit privatem Fahrer<\/a><\/h3>\t\t\t\t<\/div>\n\t\t\t\t<\/div>\n\t\t\t\t<\/div>\n\t\t\t\t\t<\/div>\n\t\t\t\t<\/div>\n\t\t\t\t<\/div>","protected":false},"excerpt":{"rendered":"<p>Kushtet dhe rregullat e p\u00ebrdorimit Kushtet dhe rregullat e p\u00ebrdorimit \u2013 Lexoni termat q\u00eb p\u00ebrcaktojn\u00eb p\u00ebrdorimin e sh\u00ebrbimit ton\u00eb, t\u00eb drejtat dhe detyrimet e p\u00ebrdoruesve, si dhe politikat kryesore p\u00ebr nj\u00eb eksperienc\u00eb t\u00eb sigurt dhe transparente. T\u00eb gjitha rezervimet me Minibus.al i n\u00ebnshtrohen k\u00ebtyre Kushteve dhe Afateve. Nj\u00eb rezervim konsiderohet i konfirmuar dhe i vlefsh\u00ebm [&hellip;]<\/p>\n","protected":false},"author":1,"featured_media":0,"parent":0,"menu_order":0,"comment_status":"closed","ping_status":"closed","template":"","meta":{"footnotes":""},"class_list":["post-988417","page","type-page","status-publish","hentry"],"_links":{"self":[{"href":"https:\/\/minibus.al\/de\/wp-json\/wp\/v2\/pages\/988417","targetHints":{"allow":["GET"]}}],"collection":[{"href":"https:\/\/minibus.al\/de\/wp-json\/wp\/v2\/pages"}],"about":[{"href":"https:\/\/minibus.al\/de\/wp-json\/wp\/v2\/types\/page"}],"author":[{"embeddable":true,"href":"https:\/\/minibus.al\/de\/wp-json\/wp\/v2\/users\/1"}],"replies":[{"embeddable":true,"href":"https:\/\/minibus.al\/de\/wp-json\/wp\/v2\/comments?post=988417"}],"version-history":[{"count":8,"href":"https:\/\/minibus.al\/de\/wp-json\/wp\/v2\/pages\/988417\/revisions"}],"predecessor-version":[{"id":989484,"href":"https:\/\/minibus.al\/de\/wp-json\/wp\/v2\/pages\/988417\/revisions\/989484"}],"wp:attachment":[{"href":"https:\/\/minibus.al\/de\/wp-json\/wp\/v2\/media?parent=988417"}],"curies":[{"name":"wp","href":"https:\/\/api.w.org\/{rel}","templated":true}]}}